{"id":55880,"date":"2023-06-22T17:32:58","date_gmt":"2023-06-22T16:32:58","guid":{"rendered":"https:\/\/ma.santemagasin.com\/fr\/?post_type=product&#038;p=55880"},"modified":"2025-01-28T14:02:50","modified_gmt":"2025-01-28T13:02:50","slug":"spiruline-bio-naturel-complement","status":"publish","type":"product","link":"https:\/\/ma.santemagasin.com\/fr\/produit\/spiruline-bio-naturel-complement\/","title":{"rendered":"Spuroline"},"content":{"rendered":"<h2><span style=\"font-size: 14pt; color: #008000;\">Alimentons l&rsquo;avenir de notre corps avec la spiruline<\/span><\/h2>\n<p><img fetchpriority=\"high\" decoding=\"async\" class=\"alignnone\" src=\"https:\/\/ma.santemagasin.com\/fr\/wp-content\/uploads\/2022\/06\/\u0633\u0628\u064a\u0631\u0648\u0644\u064a\u0646\u0627-spirulines-spirulina-spiruline-prix-maroc-spiruline-prix-spirulina-supplement-spirulina-plant-\u0627\u0644\u0632\u064a\u0627\u062f\u0629-\u0641\u064a-\u0627\u0644\u0648\u0632\u0646-spirulina-powder-coplement-alimentaire1-1008x1024.webp\" alt=\"\u0633\u0628\u064a\u0631\u0648\u0644\u064a\u0646\u0627 \u0627\u0644\u0637\u0628\u064a\u0639\u064a\u0629\" width=\"800\" height=\"813\" \/><\/p>\n<p><span style=\"color: #000000;\">La spiruline est un compl\u00e9ment alimentaire naturel<\/span><br \/>\n<span style=\"color: #000000;\">La source v\u00e9g\u00e9tale la plus riche et la pharmacie int\u00e9gr\u00e9e<\/span><br \/>\n<span style=\"color: #000000;\">Il est consid\u00e9r\u00e9 comme l&rsquo;aliment du futur et efficace contre l&rsquo;an\u00e9mie<\/span><br \/>\n<span style=\"color: #000000;\">Riche en vitamine B, min\u00e9raux et fibres<\/span><br \/>\n<span style=\"color: #000000;\">R\u00e9duit le stress physique et mental<\/span><br \/>\n<span style=\"color: #000000;\">Un compl\u00e9ment alimentaire connu depuis l&rsquo;Antiquit\u00e9 pour r\u00e9soudre les probl\u00e8mes capillaires, digestifs et autres<\/span><\/p>\n<h2><span style=\"font-size: 14pt; color: #008000;\">De nombreux bienfaits de la spiruline naturelle de Sant\u00e9 Magasin<\/span><\/h2>\n<p><img decoding=\"async\" class=\"alignnone\" src=\"https:\/\/ma.santemagasin.com\/fr\/wp-content\/uploads\/2022\/06\/\u0633\u0628\u064a\u0631\u0648\u0644\u064a\u0646\u0627-spirulines-spirulina-spiruline-prix-maroc-spiruline-prix-spirulina-supplement-spirulina-plant-\u0627\u0644\u0632\u064a\u0627\u062f\u0629-\u0641\u064a-\u0627\u0644\u0648\u0632\u0646-spirulina-powder-coplement-alimentaire-1024x985.webp\" alt=\"\u0627\u0644\u0637\u0628\u064a\u0639\u064a\u0629\" width=\"800\" height=\"770\" \/><\/p>\n<p><span style=\"color: #000000;\">La spiruline aide \u00e0 r\u00e9soudre les probl\u00e8mes de perte de cheveux<\/span><br \/>\n<span style=\"color: #000000;\">Il renforce le syst\u00e8me immunitaire et aide \u00e0 prot\u00e9ger le corps<\/span><br \/>\n<span style=\"color: #000000;\">R\u00e9duire le risque d&rsquo;accident vasculaire c\u00e9r\u00e9bral et de maladie cardiaque<\/span><br \/>\n<span style=\"color: #000000;\">Favorise la sant\u00e9 digestive et am\u00e9liore la digestion<\/span><br \/>\n<span style=\"color: #000000;\">La spiruline augmente l&rsquo;endurance pendant l&rsquo;exercice<\/span><br \/>\n<span style=\"color: #000000;\">Ils aident \u00e0 abaisser la tension art\u00e9rielle en augmentant la quantit\u00e9 de sang pomp\u00e9e<\/span><br \/>\n<span style=\"color: #000000;\">R\u00e9duire le taux de cholest\u00e9rol nocif<\/span><\/p>\n<h2><span style=\"font-size: 14pt; color: #008000;\">Qu&rsquo;est-ce qui distingue la Spiruline de Sante Magasin du reste ?<\/span><\/h2>\n<p><img decoding=\"async\" class=\"alignnone\" src=\"https:\/\/ma.santemagasin.com\/fr\/wp-content\/uploads\/2021\/06\/\u0633\u0628\u064a\u0631\u0648\u0644\u064a\u0646\u0627-spirulines-spirulina-spiruline-prix-maroc-spiruline-prix-spirulina-supplement-spirulina-3plant-\u0627\u0644\u0632\u064a\u0627\u062f\u0629-\u0641\u064a-\u0627\u0644\u0648\u0632\u0646-spirulina-powder-coplement-alimentaire1-905x1024.webp\" alt=\"\u0633\u0628\u064a\u0631\u0648\u0644\u064a\u0646\u0627\" width=\"800\" height=\"905\" \/><\/p>\n<p><span style=\"color: #000000;\">Algues marines pures<\/span><br \/>\n<span style=\"color: #000000;\">Capsules v\u00e9g\u00e9tariennes, pas de comprim\u00e9s nocifs<\/span><br \/>\n<span style=\"color: #000000;\">Non expos\u00e9 \u00e0 haute temp\u00e9rature<\/span><br \/>\n<span style=\"color: #000000;\">Production dans des laboratoires de haut niveau sous la tutelle de l&rsquo;Office National de S\u00e9curit\u00e9 Sanitaire<\/span><\/p>\n<h2><span style=\"font-size: 14pt; color: #008000;\">La spiruline est le secret de la sant\u00e9 et de la beaut\u00e9 de la spiruline<\/span><\/h2>\n<p><img loading=\"lazy\" decoding=\"async\" class=\"alignnone\" src=\"https:\/\/ma.santemagasin.com\/fr\/wp-content\/uploads\/2021\/06\/\u0633\u0628\u064a\u0631\u0648\u0644\u064a\u0646\u0627-spirulines-spirulina-spiruline-prix-maroc-spiruline-prix-spirulina-supplement-spirulina-plant-\u0627\u0644\u0632\u064a\u0627\u062f\u0629-\u0641\u064a-\u0627\u0644\u0648\u0632\u0646-spirulina-powder-coplement-alimentaire4-1024x668.webp\" alt=\"\u0633\u0628\u064a\u0631\u0648\u0644\u064a\u0646\u0627 \u0627\u0644\u0637\u0628\u064a\u0639\u064a\u0629\" width=\"800\" height=\"522\" \/><\/p>\n<p><span style=\"color: #000000;\">Utile pour les enfants car il renforce la concentration et une solution naturelle aux difficult\u00e9s d&rsquo;apprentissage<\/span><br \/>\n<span style=\"color: #000000;\">Il est utilis\u00e9 par les femmes enceintes et allaitantes pour construire le corps<\/span><br \/>\n<span style=\"color: #000000;\">Il renforce les cheveux et les ongles et aide \u00e0 l&rsquo;\u00e9clat de la peau<\/span><br \/>\n<span style=\"color: #000000;\">Il br\u00fble les graisses et augmente la masse musculaire<\/span><br \/>\n<span style=\"color: #000000;\">Fournit au corps du fer et des min\u00e9raux<\/span><\/p>\n<h2><span style=\"font-size: 14pt; color: #008000;\">Ingr\u00e9dients Miracle de la Spiruline<\/span><\/h2>\n<p><img loading=\"lazy\" decoding=\"async\" class=\"alignnone wp-image-55652\" src=\"https:\/\/ma.santemagasin.com\/fr\/wp-content\/uploads\/2021\/06\/spuroline-5-1.webp\" alt=\"\" width=\"768\" height=\"623\" srcset=\"https:\/\/ma.santemagasin.com\/fr\/wp-content\/uploads\/2021\/06\/spuroline-5-1.webp 2000w, https:\/\/ma.santemagasin.com\/fr\/wp-content\/uploads\/2021\/06\/spuroline-5-1-600x487.webp 600w, https:\/\/ma.santemagasin.com\/fr\/wp-content\/uploads\/2021\/06\/spuroline-5-1-300x243.webp 300w, https:\/\/ma.santemagasin.com\/fr\/wp-content\/uploads\/2021\/06\/spuroline-5-1-1024x830.webp 1024w, https:\/\/ma.santemagasin.com\/fr\/wp-content\/uploads\/2021\/06\/spuroline-5-1-768x623.webp 768w, https:\/\/ma.santemagasin.com\/fr\/wp-content\/uploads\/2021\/06\/spuroline-5-1-1536x1246.webp 1536w, https:\/\/ma.santemagasin.com\/fr\/wp-content\/uploads\/2021\/06\/spuroline-5-1-750x608.webp 750w, https:\/\/ma.santemagasin.com\/fr\/wp-content\/uploads\/2021\/06\/spuroline-5-1-1140x925.webp 1140w\" sizes=\"(max-width: 768px) 100vw, 768px\" \/><\/p>\n<p><span style=\"color: #000000;\">Vitamines B1, B2, B9, B12 Vitamine E<\/span><br \/>\n<span style=\"color: #000000;\">Zinc, cuivre, fer, s\u00e9l\u00e9nium<\/span><br \/>\n<span style=\"color: #000000;\">Calcium, magn\u00e9sium, sodium, phosphore<\/span><br \/>\n<span style=\"color: #000000;\">Min\u00e9raux et fibres<\/span><br \/>\n<span style=\"color: #000000;\">Acides amin\u00e9s<\/span><br \/>\n<span style=\"color: #000000;\">Enzymes<\/span><br \/>\n<strong><span style=\"color: #000000;\">Tout en un produit<\/span><\/strong><\/p>\n<h2><span style=\"font-size: 14pt; color: #008000;\">Profitez de la spiruline naturelle et obtenez les meilleurs r\u00e9sultats<\/span><\/h2>\n<p><img loading=\"lazy\" decoding=\"async\" class=\"alignnone\" src=\"https:\/\/ma.santemagasin.com\/fr\/wp-content\/uploads\/2021\/06\/\u0633\u0628\u064a\u0631\u0648\u0644\u064a\u0646\u0627-spirulines-spirulina-spiruline-prix-maroc-spiruline-prix-spirulina-supplement-spirulina-plant-\u0627\u0644\u0632\u064a\u0627\u062f\u0629-\u0641\u064a-\u0627\u0644\u0648\u0632\u0646-spirulina-powder-coplement-alimentaire6-1024x615.webp\" alt=\"\u0633\u0628\u064a\u0631\u0648\u0644\u064a\u0646\u0627 \u0627\u0644\u0637\u0628\u064a\u0639\u064a\u0629\" width=\"800\" height=\"480\" \/><\/p>\n<p><strong><span style=\"color: #000000;\">La premi\u00e8re \u00e9tape :<\/span><\/strong><br \/>\n<span style=\"color: #000000;\">Prendre 3 \u00e0 6 g\u00e9lules par jour pour de meilleurs r\u00e9sultats<\/span><br \/>\n<span style=\"color: #000000;\">Prendre du poids apr\u00e8s avoir mang\u00e9 pour maigrir avant de manger<\/span><br \/>\n<strong><span style=\"color: #000000;\">Deuxi\u00e8me \u00e9tape :<\/span><\/strong><br \/>\n<span style=\"color: #000000;\">Ach\u00e8vement du terme complet pour une solution d\u00e9finitive et d\u00e9finitive<\/span><br \/>\n<strong><span style=\"color: #000000;\">La troisi\u00e8me \u00e9tape :<\/span><\/strong><br \/>\n<span style=\"color: #000000;\">Respectez les conseils et le r\u00e9gime recommand\u00e9s par notre service client<\/span><\/p>\n<h2><span style=\"font-size: 14pt; color: #008000;\">Qui est la soci\u00e9t\u00e9 de ce produit ??<\/span><\/h2>\n<p><strong><span style=\"color: #008000;\">Sant\u00e9 Magasin est une soci\u00e9t\u00e9 marocaine de compl\u00e9ments nutritionnels naturels<\/span><\/strong><\/p>\n<p><img loading=\"lazy\" decoding=\"async\" class=\"alignnone wp-image-55657\" src=\"https:\/\/ma.santemagasin.com\/fr\/wp-content\/uploads\/2021\/06\/moringa-6-2.webp\" alt=\"\" width=\"768\" height=\"513\" srcset=\"https:\/\/ma.santemagasin.com\/fr\/wp-content\/uploads\/2021\/06\/moringa-6-2.webp 2000w, https:\/\/ma.santemagasin.com\/fr\/wp-content\/uploads\/2021\/06\/moringa-6-2-600x401.webp 600w, https:\/\/ma.santemagasin.com\/fr\/wp-content\/uploads\/2021\/06\/moringa-6-2-300x200.webp 300w, https:\/\/ma.santemagasin.com\/fr\/wp-content\/uploads\/2021\/06\/moringa-6-2-1024x684.webp 1024w, https:\/\/ma.santemagasin.com\/fr\/wp-content\/uploads\/2021\/06\/moringa-6-2-768x513.webp 768w, https:\/\/ma.santemagasin.com\/fr\/wp-content\/uploads\/2021\/06\/moringa-6-2-1536x1025.webp 1536w, https:\/\/ma.santemagasin.com\/fr\/wp-content\/uploads\/2021\/06\/moringa-6-2-750x501.webp 750w, https:\/\/ma.santemagasin.com\/fr\/wp-content\/uploads\/2021\/06\/moringa-6-2-1140x761.webp 1140w\" sizes=\"(max-width: 768px) 100vw, 768px\" \/><\/p>\n<p><span style=\"color: #000000;\">Il garantit toujours que ses ingr\u00e9dients sont sans d&rsquo;additifs et sans produits chimiques<\/span><br \/>\n<span style=\"color: #000000;\">Fiable et connu depuis plus de 5 ans<\/span><br \/>\n<span style=\"color: #000000;\">Toute une \u00e9quipe assure le suivi des dossiers clients<\/span><br \/>\n<span style=\"color: #000000;\">Disponible pour les clients \u00e0 tout moment<\/span><br \/>\n<span style=\"color: #000000;\">Donner des trucs et conseils<\/span><\/p>\n<h2><span style=\"font-size: 14pt; color: #008000;\">De nombreux clients utilisent les produits sante magasin<\/span><\/h2>\n<p><span style=\"display: none;\">\u0627\u0644\u062e\u0635\u0627\u0626\u0635 \u0627\u0644\u0645\u0636\u0627\u062f\u0629 \u0644\u0644\u0625\u062c\u0647\u0627\u062f \u0644\u0644\u0633\u0628\u064a\u0631\u0648\u0644\u064a\u0646\u0627:<br \/>\n\u0641\u064a \u0627\u0644\u0628\u062f\u0627\u064a\u0629 \u0633\u0628\u064a\u0631\u0648\u0644\u064a\u0646\u0627 \u0647\u064a \u0637\u062d\u0627\u0644\u0628 \u062e\u0636\u0631\u0627\u0621 \u0645\u0632\u0631\u0642\u0629 \u063a\u0646\u064a\u0629 \u0628\u0627\u0644\u0645\u063a\u0630\u064a\u0627\u062a \u0648\u0644\u0647\u0627 \u062e\u0635\u0627\u0626\u0635 \u0645\u0636\u0627\u062f\u0629 \u0644\u0644\u0625\u062c\u0647\u0627\u062f. \u0628\u0646\u0627\u0621 \u0639\u0644\u0649 \u0630\u0644\u0643<br \/>\n\u063a\u0627\u0644\u0628\u064b\u0627 \u0645\u0627 \u062a\u0631\u062a\u0628\u0637 \u0645\u0633\u062a\u0648\u064a\u0627\u062a \u0627\u0644\u0643\u0648\u0631\u062a\u064a\u0632\u0648\u0644 \u0627\u0644\u0645\u0631\u062a\u0641\u0639\u0629 \u0628\u0627\u0644\u0625\u062c\u0647\u0627\u062f \u0648\u064a\u0645\u0643\u0646 \u0623\u0646 \u062a\u0633\u0628\u0628 \u0645\u0634\u0627\u0643\u0644 \u0635\u062d\u064a\u0629 \u0637\u0648\u064a\u0644\u0629 \u0627\u0644\u0623\u0645\u062f.\u0641\u064a \u0646\u0641\u0633 \u0627\u0644\u0648\u0642\u062a \u0623\u0638\u0647\u0631\u062a \u0627\u0644\u062f\u0631\u0627\u0633\u0627\u062a \u0623\u0646 \u0627\u0644\u0633\u0628\u064a\u0631\u0648\u0644\u064a\u0646\u0627 \u064a\u0645\u0643\u0646 \u0623\u0646 \u062a\u0633\u0627\u0639\u062f \u0641\u064a \u062a\u0642\u0644\u064a\u0644 \u0645\u0633\u062a\u0648\u064a\u0627\u062a \u0627\u0644\u0643\u0648\u0631\u062a\u064a\u0632\u0648\u0644 \u0641\u064a \u0627\u0644\u062c\u0633\u0645. \u064a\u062d\u062a\u0648\u064a \u0633\u0628\u064a\u0631\u0648\u0644\u064a\u0646\u0627 \u0623\u064a\u0636\u064b\u0627 \u0639\u0644\u0649 \u0641\u064a\u0646\u064a\u0644 \u0623\u0644\u0627\u0646\u064a\u0646 \u060c \u0628\u064a\u0646\u0645\u0627 \u0648\u0647\u0648 \u062d\u0645\u0636 \u0623\u0645\u064a\u0646\u064a \u064a\u0645\u0643\u0646 \u0623\u0646 \u064a\u062d\u0641\u0632 \u0625\u0646\u062a\u0627\u062c \u0627\u0644\u062f\u0648\u0628\u0627\u0645\u064a\u0646 \u0648\u0627\u0644\u0646\u0627\u0642\u0644\u0627\u062a \u0627\u0644\u0639\u0635\u0628\u064a\u0629 \u0627\u0644\u0623\u062e\u0631\u0649 \u0627\u0644\u062a\u064a \u062a\u0646\u0638\u0645 \u0627\u0644\u062d\u0627\u0644\u0629 \u0627\u0644\u0645\u0632\u0627\u062c\u064a\u0629 \u0648\u062a\u0642\u0644\u0644 \u0645\u0646 \u0623\u0639\u0631\u0627\u0636 \u0627\u0644\u0642\u0644\u0642 \u0648\u0627\u0644\u0627\u0643\u062a\u0626\u0627\u0628.<\/span><\/p>\n<p><span style=\"display: none;\">\u0643\u064a\u0641 \u064a\u0645\u0643\u0646 \u0623\u0646 \u062a\u062d\u0633\u0646 \u0627\u0644\u0633\u0628\u064a\u0631\u0648\u0644\u064a\u0646\u0627 \u0627\u0644\u0645\u0632\u0627\u062c:<br \/>\n\u064a\u0645\u0643\u0646 \u0623\u0646 \u062a\u0633\u0627\u0639\u062f \u0627\u0644\u0633\u0628\u064a\u0631\u0648\u0644\u064a\u0646\u0627 \u0628\u0627\u0644\u062a\u0623\u0643\u064a\u062f \u0641\u064a \u062a\u062d\u0633\u064a\u0646 \u0627\u0644\u062d\u0627\u0644\u0629 \u0627\u0644\u0645\u0632\u0627\u062c\u064a\u0629 \u0639\u0646 \u0637\u0631\u064a\u0642 \u0632\u064a\u0627\u062f\u0629 \u0625\u0646\u062a\u0627\u062c \u0627\u0644\u0646\u0627\u0642\u0644\u0627\u062a \u0627\u0644\u0639\u0635\u0628\u064a\u0629 \u0645\u062b\u0644 \u0627\u0644\u0633\u064a\u0631\u0648\u062a\u0648\u0646\u064a\u0646 \u0648\u0627\u0644\u062f\u0648\u0628\u0627\u0645\u064a\u0646. \u063a\u0627\u0644\u0628\u064b\u0627 \u0645\u0627 \u064a\u0637\u0644\u0642 \u0639\u0644\u0649 \u0627\u0644\u0633\u064a\u0631\u0648\u062a\u0648\u0646\u064a\u0646 \u0627\u0633\u0645 \u0647\u0631\u0645\u0648\u0646 \u0627\u0644\u0633\u0639\u0627\u062f\u0629 \u0644\u0623\u0646\u0647 \u064a\u0646\u0638\u0645 \u0627\u0644\u0645\u0632\u0627\u062c \u0648\u064a\u0642\u0644\u0644 \u0645\u0646 \u0623\u0639\u0631\u0627\u0636 \u0627\u0644\u0642\u0644\u0642 \u0648\u0627\u0644\u0627\u0643\u062a\u0626\u0627\u0628. \u0625\u0644\u0649 \u062c\u0627\u0646\u0628 \u0627\u0644\u062f\u0648\u0628\u0627\u0645\u064a\u0646 \u0645\u0647\u0645 \u0623\u064a\u0636\u064b\u0627 \u0644\u062a\u0646\u0638\u064a\u0645 \u0627\u0644\u062d\u0627\u0644\u0629 \u0627\u0644\u0645\u0632\u0627\u062c\u064a\u0629 \u0648\u0644\u0644\u062a\u062d\u0641\u064a\u0632 \u0648\u0627\u0644\u0645\u0643\u0627\u0641\u0623\u0629. \u064a\u0645\u0643\u0646 \u0623\u0646 \u062a\u0633\u0627\u0639\u062f \u0627\u0644\u0639\u0646\u0627\u0635\u0631 \u0627\u0644\u063a\u0630\u0627\u0626\u064a\u0629 \u0627\u0644\u0645\u0648\u062c\u0648\u062f\u0629 \u0641\u064a \u0627\u0644\u0633\u0628\u064a\u0631\u0648\u0644\u064a\u0646\u0627 \u060c \u0639\u0644\u0649 \u0633\u0628\u064a\u0644 \u0627\u0644\u0645\u062b\u0627\u0644<br \/>\n\u0627\u0644\u0623\u062d\u0645\u0627\u0636 \u0627\u0644\u0623\u0645\u064a\u0646\u064a\u0629 \u0648\u0627\u0644\u0641\u064a\u062a\u0627\u0645\u064a\u0646\u0627\u062a \u060c \u0641\u064a \u0632\u064a\u0627\u062f\u0629 \u0625\u0646\u062a\u0627\u062c \u0647\u0630\u0647 \u0627\u0644\u0646\u0627\u0642\u0644\u0627\u062a \u0627\u0644\u0639\u0635\u0628\u064a\u0629 \u060c \u0645\u0646 \u0646\u0627\u062d\u064a\u0629 \u0623\u062e\u0631\u0649<br \/>\n\u064a\u0645\u0643\u0646 \u0623\u0646 \u062a\u062d\u0633\u0646 \u0627\u0644\u062d\u0627\u0644\u0629 \u0627\u0644\u0645\u0632\u0627\u062c\u064a\u0629 \u0648\u062a\u0642\u0644\u0644 \u0645\u0646 \u0623\u0639\u0631\u0627\u0636 \u0627\u0644\u062a\u0648\u062a\u0631.<\/span><\/p>\n<p><span style=\"display: none;\">\u0633\u0628\u064a\u0631\u0648\u0644\u064a\u0646\u0627 \u0643\u0645\u0635\u062f\u0631 \u0637\u0628\u064a\u0639\u064a \u0644\u0644\u0637\u0627\u0642\u0629:<br \/>\n\u0628\u0627\u0644\u0625\u0636\u0627\u0641\u0629 \u0625\u0644\u0649 \u0630\u0644\u0643 \u062a\u0639\u062a\u0628\u0631 \u0627\u0644\u0633\u0628\u064a\u0631\u0648\u0644\u064a\u0646\u0627 \u0623\u064a\u0636\u064b\u0627 \u0645\u0635\u062f\u0631\u064b\u0627 \u0645\u0645\u062a\u0627\u0632\u064b\u0627 \u0644\u0644\u0637\u0627\u0642\u0629 \u0627\u0644\u0637\u0628\u064a\u0639\u064a\u0629 \u0644\u0623\u0648\u0644\u0626\u0643 \u0627\u0644\u0630\u064a\u0646 \u064a\u0639\u0627\u0646\u0648\u0646 \u0645\u0646 \u0627\u0644\u0625\u062c\u0647\u0627\u062f \u0627\u0644\u0628\u062f\u0646\u064a \u0648\u0627\u0644\u0639\u0642\u0644\u064a. \u0633\u0628\u064a\u0631\u0648\u0644\u064a\u0646\u0627 \u063a\u0646\u064a\u0629 \u0628\u0627\u0644\u0628\u0631\u0648\u062a\u064a\u0646\u0627\u062a \u0648\u0627\u0644\u062d\u062f\u064a\u062f \u0648\u0641\u064a\u062a\u0627\u0645\u064a\u0646 \u0628 \u060c \u0648\u0647\u064a \u0636\u0631\u0648\u0631\u064a\u0629 \u0644\u0644\u0637\u0627\u0642\u0629 \u0648\u0627\u0644\u0642\u062f\u0631\u0629 \u0639\u0644\u0649 \u0627\u0644\u062a\u062d\u0645\u0644.\u0627\u0644\u0628\u0631\u0648\u062a\u064a\u0646\u0627\u062a \u0627\u0644\u0645\u0648\u062c\u0648\u062f\u0629 \u0641\u064a \u0627\u0644\u0633\u0628\u064a\u0631\u0648\u0644\u064a\u0646\u0627 \u064a\u0633\u0647\u0644 \u0647\u0636\u0645\u0647\u0627 \u0648\u0627\u0645\u062a\u0635\u0627\u0635\u0647\u0627 \u0645\u0646 \u0642\u0628\u0644 \u0627\u0644\u062c\u0633\u0645 \u060c \u0645\u0645\u0627 \u064a\u0639\u0646\u064a \u0623\u0646\u0647\u0627 \u062a\u0648\u0641\u0631 \u0645\u0635\u062f\u0631\u064b\u0627 \u0633\u0631\u064a\u0639\u064b\u0627 \u0648\u0641\u0639\u0627\u0644\u064b\u0627 \u0644\u0644\u0637\u0627\u0642\u0629. \u0643\u0645\u0627 \u0644\u0648\u062d\u0638 \u064a\u0645\u0643\u0646 \u0623\u0646 \u062a\u0633\u0627\u0639\u062f \u0627\u0644\u0633\u0628\u064a\u0631\u0648\u0644\u064a\u0646\u0627 \u0641\u064a \u0632\u064a\u0627\u062f\u0629 \u0627\u0644\u0642\u062f\u0631\u0629 \u0639\u0644\u0649 \u0627\u0644\u062a\u062d\u0645\u0644 \u0648\u062a\u062d\u0633\u064a\u0646 \u0627\u0644\u0623\u062f\u0627\u0621 \u0627\u0644\u0628\u062f\u0646\u064a.<\/span><\/p>\n","protected":false},"excerpt":{"rendered":"<ul style=\"list-style-type: square;\">\n<li><span style=\"color: #000000;\">La Spuroline est la source v\u00e9g\u00e9tale la plus riche<\/span><\/li>\n<li><span style=\"color: #000000;\">Aide \u00e0 r\u00e9duire le stress physique et mental<\/span><\/li>\n<li><span style=\"color: #000000;\">Une solution naturelle pour l&rsquo;an\u00e9mie et les cheveux et ongles cassants<\/span><\/li>\n<li><span style=\"color: #000000;\">Aide \u00e0 prot\u00e9ger le corps contre les maladies<\/span><\/li>\n<li><span style=\"color: #000000;\">Il agit pour r\u00e9tablir un \u00e9quilibre sain dans votre corps<\/span><\/li>\n<\/ul>\n<p><span style=\"color: #000000;\">Nombre de comprim\u00e9s : 60 g\u00e9lules<\/span><br \/>\n<span style=\"color: #000000;\">Poids de la g\u00e9lule : 300 mg<\/span><br \/>\n<span style=\"color: #000000;\">Date d&rsquo;expiration\u00a0: 2024<\/span><br \/>\n<span style=\"color: #000000;\">Code produit : SPR-02028<\/span><br \/>\n<span style=\"color: #000000;\">Agr\u00e9ment : Certifi\u00e9 par l&rsquo;Office National de la S\u00e9curit\u00e9 Sanitaire<\/span><br \/>\n<span style=\"color: #000000;\">Fabrication : Marocaine par un laboratoire contr\u00f4l\u00e9<\/span><\/p>\n","protected":false},"featured_media":32065,"comment_status":"open","ping_status":"closed","template":"","meta":{"_glsr_average":5,"_glsr_ranking":3.6363636363636,"_glsr_reviews":1},"product_cat":[746,748],"product_tag":[],"class_list":{"0":"post-55880","1":"product","2":"type-product","3":"status-publish","4":"has-post-thumbnail","6":"product_cat-complements-alimentaires","7":"product_cat-sport-et-regime","9":"first","10":"instock","11":"featured","12":"shipping-taxable","13":"purchasable","14":"product-type-variable","15":"has-default-attributes"},"_links":{"self":[{"href":"https:\/\/ma.santemagasin.com\/fr\/wp-json\/wp\/v2\/product\/55880","targetHints":{"allow":["GET"]}}],"collection":[{"href":"https:\/\/ma.santemagasin.com\/fr\/wp-json\/wp\/v2\/product"}],"about":[{"href":"https:\/\/ma.santemagasin.com\/fr\/wp-json\/wp\/v2\/types\/product"}],"replies":[{"embeddable":true,"href":"https:\/\/ma.santemagasin.com\/fr\/wp-json\/wp\/v2\/comments?post=55880"}],"version-history":[{"count":3,"href":"https:\/\/ma.santemagasin.com\/fr\/wp-json\/wp\/v2\/product\/55880\/revisions"}],"predecessor-version":[{"id":56985,"href":"https:\/\/ma.santemagasin.com\/fr\/wp-json\/wp\/v2\/product\/55880\/revisions\/56985"}],"wp:featuredmedia":[{"embeddable":true,"href":"https:\/\/ma.santemagasin.com\/fr\/wp-json\/wp\/v2\/media\/32065"}],"wp:attachment":[{"href":"https:\/\/ma.santemagasin.com\/fr\/wp-json\/wp\/v2\/media?parent=55880"}],"wp:term":[{"taxonomy":"product_cat","embeddable":true,"href":"https:\/\/ma.santemagasin.com\/fr\/wp-json\/wp\/v2\/product_cat?post=55880"},{"taxonomy":"product_tag","embeddable":true,"href":"https:\/\/ma.santemagasin.com\/fr\/wp-json\/wp\/v2\/product_tag?post=55880"}],"curies":[{"name":"wp","href":"https:\/\/api.w.org\/{rel}","templated":true}]}}