{"id":55885,"date":"2023-06-22T17:32:58","date_gmt":"2023-06-22T16:32:58","guid":{"rendered":"https:\/\/ma.santemagasin.com\/fr\/?post_type=product&#038;p=55885"},"modified":"2025-01-28T14:16:54","modified_gmt":"2025-01-28T13:16:54","slug":"omega-3-bio-complement-alimentaire","status":"publish","type":"product","link":"https:\/\/ma.santemagasin.com\/fr\/produit\/omega-3-bio-complement-alimentaire\/","title":{"rendered":"Omega 3"},"content":{"rendered":"<h2><span style=\"font-size: 14pt; color: #008000;\">Om\u00e9ga 3 est une solution naturelle pour l&rsquo;inflammation dans le corps<\/span><\/h2>\n<p><img fetchpriority=\"high\" decoding=\"async\" class=\"alignnone\" src=\"https:\/\/ma.santemagasin.com\/fr\/wp-content\/uploads\/2021\/06\/omega-3-omega-3-\u0627\u0648\u0645\u064a\u063a\u0627-3-omega-3-prix-maroc-omega-3-prix-omega-3-complement-alimentaire-sante-magasin-1024x684.webp\" alt=\"\u0623\u0648\u0645\u064a\u063a\u0627 3 \u0627\u0644\u0645\u0643\u0645\u0644 omega 3\" width=\"765\" height=\"511\" \/><\/p>\n<p><span style=\"color: #000000;\">Om\u00e9ga 3 est un type d&rsquo;acide gras qui r\u00e9duit l&rsquo;inflammation dans le corps<\/span><br \/>\n<span style=\"color: #000000;\">Responsable de l&rsquo;\u00e9quilibre de nombreux processus vitaux dans le corps<\/span><br \/>\n<span style=\"color: #000000;\">Om\u00e9ga 3 est riche en vitamine D, qui est essentielle pour un corps sain<\/span><br \/>\n<span style=\"color: #000000;\">Il peut \u00eatre utilis\u00e9 par les enfants pour augmenter la concentration<\/span><br \/>\n<span style=\"color: #000000;\">R\u00e9duit l&rsquo;inflammation des articulations et prot\u00e8ge le corps contre les maladies<\/span><\/p>\n<h2><span style=\"font-size: 14pt; color: #008000;\">Om\u00e9ga 3\u00a0 compl\u00e9ment naturel pour r\u00e9soudre le probl\u00e8me des extr\u00e9mit\u00e9s froides et favoriser la sant\u00e9 cardiaque<\/span><\/h2>\n<p><img decoding=\"async\" class=\"alignnone\" src=\"https:\/\/ma.santemagasin.com\/fr\/wp-content\/uploads\/2021\/06\/omega-3-omega-3-\u0627\u0648\u0645\u064a\u063a\u0627-3-omega-3-prix-maroc-omega-3-prix-omega-3-complement-alimentaire-sante-magasin2-1024x682.webp\" alt=\"\u0627\u0644\u0645\u0643\u0645\u0644 \u0627\u0644\u0637\u0628\u064a\u0639\u064a\" width=\"768\" height=\"512\" \/><\/p>\n<p><span style=\"color: #000000;\">Promouvoir la sant\u00e9 du cerveau et du c\u0153ur<\/span><br \/>\n<span style=\"color: #000000;\">R\u00e9sister \u00e0 la d\u00e9pression<\/span><br \/>\n<span style=\"color: #000000;\">Om\u00e9ga 3 se distingue pour r\u00e9soudre le probl\u00e8me des extr\u00e9mit\u00e9s froides et de la carence en vitamine D<\/span><br \/>\n<span style=\"color: #000000;\">Efficace pour les sportifs<\/span><br \/>\n<span style=\"color: #000000;\">Solution yeux secs<\/span><br \/>\n<span style=\"color: #000000;\">R\u00e9duire les infections et les maladies<\/span><\/p>\n<h2><span style=\"font-size: 14pt; color: #008000;\">Qu&rsquo;est-ce qui distingue le compl\u00e9ment naturel Om\u00e9ga-3 de Sant\u00e9 Magasin des autres ?<\/span><\/h2>\n<p><img decoding=\"async\" class=\"alignnone\" src=\"https:\/\/ma.santemagasin.com\/fr\/wp-content\/uploads\/2021\/06\/omega-3-omega-3-\u0627\u0648\u0645\u064a\u063a\u0627-3-omega-3-prix-maroc-omega-3-prix-omega-3-complement-alimentaire3-sante-magasin-1024x653.webp\" alt=\"\u0623\u0648\u0645\u064a\u063a\u0627 3\" width=\"768\" height=\"490\" \/><\/p>\n<p><span style=\"color: #000000;\">Le compl\u00e9ment naturel est un produit ultra-pur qui a \u00e9limin\u00e9 les m\u00e9taux lourds tels que le mercure et le biph\u00e9nyle<\/span><br \/>\n<span style=\"color: #000000;\">Huile de foie de morue de haute qualit\u00e9<\/span><br \/>\n<span style=\"color: #000000;\">100% poisson frais<\/span><br \/>\n<span style=\"color: #000000;\">Le plus grand volume d&rsquo;EPA et de DHA, contient \u00e9galement de la vitamine E<\/span><br \/>\n<span style=\"color: #000000;\">Un compl\u00e9ment alimentaire naturel sans aucun additif chimique<\/span><br \/>\n<span style=\"color: #000000;\">G\u00e9lules de g\u00e9latine v\u00e9g\u00e9tale<\/span><\/p>\n<h2><span style=\"font-size: 14pt; color: #008000;\">Om\u00e9ga 3 compl\u00e9ment naturel pour construire un corps fort et des muscles pro\u00e9minents<\/span><\/h2>\n<p><img loading=\"lazy\" decoding=\"async\" class=\"alignnone\" src=\"https:\/\/ma.santemagasin.com\/fr\/wp-content\/uploads\/2021\/06\/omega-3-omega-3-\u0627\u0648\u0645\u064a\u063a\u0627-3-omega-3-prix-maroc-omega-3-prix-omega-3-complement-alimentaire-sante-magasin4-1024x711.webp\" alt=\"\u0623\u0648\u0645\u064a\u063a\u0627 3 \u0627\u0644\u0645\u0643\u0645\u0644 \u0627\u0644\u0637\u0628\u064a\u0639\u064a\" width=\"768\" height=\"533\" \/><\/p>\n<p><span style=\"color: #000000;\">Augmenter la masse musculaire en toute s\u00e9curit\u00e9<\/span><br \/>\n<span style=\"color: #000000;\">Fournit au corps les besoins essentiels<\/span><br \/>\n<span style=\"color: #000000;\">Le meilleur compl\u00e9ment alimentaire pour les sportifs<\/span><br \/>\n<span style=\"color: #000000;\">Acc\u00e9l\u00e9rer la r\u00e9cup\u00e9ration des spasmes musculaires<\/span><br \/>\n<span style=\"color: #000000;\">Construire l&rsquo;immunit\u00e9 du corps<\/span><\/p>\n<h2><span style=\"font-size: 14pt; color: #008000;\">Sympt\u00f4mes d&rsquo;une carence en om\u00e9ga-3 dans le corps<\/span><\/h2>\n<p><img loading=\"lazy\" decoding=\"async\" class=\"alignnone\" src=\"https:\/\/ma.santemagasin.com\/fr\/wp-content\/uploads\/2021\/06\/omega-3-omega-3-\u0627\u0648\u0645\u064a\u063a\u0627-3-omega-3-prix-maroc-omega-3-prix-omega-3-complement-alimentaire-sante-magasin5-1024x909.webp\" alt=\"\u0623\u0648\u0645\u064a\u063a\u0627 3 \" width=\"768\" height=\"682\" \/><\/p>\n<p><span style=\"color: #000000;\">D\u00e9pression<\/span><br \/>\n<span style=\"color: #000000;\">S\u00e9cheresse cutan\u00e9e<\/span><br \/>\n<span style=\"color: #000000;\">Yeux secs et probl\u00e8mes de vision<\/span><br \/>\n<span style=\"color: #000000;\">Douleurs et raideurs articulaires<\/span><br \/>\n<span style=\"color: #000000;\">Cheveux secs<\/span><br \/>\n<span style=\"color: #000000;\">Augmentation des infections<\/span><\/p>\n<p><span style=\"color: #0000ff;\"><b style=\"font-family: 'book antiqua', palatino, serif; font-size: 16px;\">Manger des om\u00e9gas 3 augmente l&rsquo;immunit\u00e9 et prot\u00e8ge le corps<br \/>\nVous pouvez maintenant vous prot\u00e9ger et prot\u00e9ger vos proches <\/b><\/span><\/p>\n<h2><span style=\"font-size: 14pt; color: #008000;\">Om\u00e9ga 3 pour un corps parfait et fortifi\u00e9<\/span><\/h2>\n<p><img loading=\"lazy\" decoding=\"async\" class=\"alignnone\" src=\"https:\/\/ma.santemagasin.com\/fr\/wp-content\/uploads\/2021\/06\/omega-3-omega-3-\u0627\u0648\u0645\u064a\u063a\u0627-3-omega-3-prix-maroc-omega-3-prix-omega-3-complement-alimentaire-sante-magasin6-1024x716.webp\" alt=\" \u0627\u0644\u0637\u0628\u064a\u0639\u064a\" width=\"768\" height=\"537\" \/><\/p>\n<p><span style=\"color: #000000;\">Om\u00e9ga 3 n\u00b001 dans le monde arabe<\/span><br \/>\n<span style=\"color: #000000;\">Une formule unique et efficace pour r\u00e9soudre les probl\u00e8mes corporels<\/span><br \/>\n<span style=\"color: #000000;\">Omega 3 a \u00e9t\u00e9 produit dans des laboratoires de haute qualit\u00e9 avec des extraits naturels<\/span><br \/>\n<span style=\"color: #000000;\">Plus de 67 900 clients ont vu leur carence gu\u00e9rie et d&rsquo;autres le prennent uniquement \u00e0 titre pr\u00e9ventif<\/span><br \/>\n<span style=\"color: #000000;\">Recommand\u00e9 par de nombreux sp\u00e9cialistes<\/span><\/p>\n<h2><span style=\"color: #008000; font-size: 14pt;\">Profitez du meilleur om\u00e9ga 3 de la nature et obtenez les meilleurs r\u00e9sultats<\/span><\/h2>\n<p><img loading=\"lazy\" decoding=\"async\" class=\"alignnone\" src=\"https:\/\/ma.santemagasin.com\/fr\/wp-content\/uploads\/2021\/06\/omega-3-omega-3-\u0627\u0648\u0645\u064a\u063a\u0627-3-omega-3-prix-maroc-omega-3-prix-omega-3-complement-alimentaire-sante-magasin7-1024x440.webp\" alt=\"\u0623\u0648\u0645\u064a\u063a\u0627 3 \u0627\u0644\u0645\u0643\u0645\u0644 \u0627\u0644\u0637\u0628\u064a\u0639\u064a\" width=\"768\" height=\"330\" \/><\/p>\n<p><strong><span style=\"color: #000000;\">La premi\u00e8re \u00e9tape :<\/span><\/strong><br \/>\n<span style=\"color: #000000;\">Prendre deux capsules par jour pour de meilleurs r\u00e9sultats<\/span><br \/>\n<strong><span style=\"color: #000000;\">Deuxi\u00e8me \u00e9tape :<\/span><\/strong><br \/>\n<span style=\"color: #000000;\">Ach\u00e8vement du terme complet pour une solution d\u00e9finitive et d\u00e9finitive<\/span><br \/>\n<strong><span style=\"color: #000000;\">La troisi\u00e8me \u00e9tape :<\/span><\/strong><br \/>\n<span style=\"color: #000000;\">Respectez les conseils et le r\u00e9gime recommand\u00e9s par notre service client<\/span><\/p>\n<h2><span style=\"font-size: 14pt; color: #008000;\">Qui est la soci\u00e9t\u00e9 de ce produit ??<\/span><\/h2>\n<p><span style=\"color: #008000;\"><strong>Sant\u00e9 Magasin est une entreprise marocaine de compl\u00e9ments nutritionnels naturels<\/strong><\/span><\/p>\n<p><img loading=\"lazy\" decoding=\"async\" class=\"alignnone wp-image-55657\" src=\"https:\/\/ma.santemagasin.com\/fr\/wp-content\/uploads\/2021\/06\/moringa-6-2.webp\" alt=\"\" width=\"768\" height=\"513\" srcset=\"https:\/\/ma.santemagasin.com\/fr\/wp-content\/uploads\/2021\/06\/moringa-6-2.webp 2000w, https:\/\/ma.santemagasin.com\/fr\/wp-content\/uploads\/2021\/06\/moringa-6-2-600x401.webp 600w, https:\/\/ma.santemagasin.com\/fr\/wp-content\/uploads\/2021\/06\/moringa-6-2-300x200.webp 300w, https:\/\/ma.santemagasin.com\/fr\/wp-content\/uploads\/2021\/06\/moringa-6-2-1024x684.webp 1024w, https:\/\/ma.santemagasin.com\/fr\/wp-content\/uploads\/2021\/06\/moringa-6-2-768x513.webp 768w, https:\/\/ma.santemagasin.com\/fr\/wp-content\/uploads\/2021\/06\/moringa-6-2-1536x1025.webp 1536w, https:\/\/ma.santemagasin.com\/fr\/wp-content\/uploads\/2021\/06\/moringa-6-2-750x501.webp 750w, https:\/\/ma.santemagasin.com\/fr\/wp-content\/uploads\/2021\/06\/moringa-6-2-1140x761.webp 1140w\" sizes=\"(max-width: 768px) 100vw, 768px\" \/><\/p>\n<p><span style=\"color: #000000;\">Il garantit toujours que ses ingr\u00e9dients sont exempts d&rsquo;additifs et de produits chimiques<\/span><br \/>\n<span style=\"color: #000000;\">Il a une grande cr\u00e9dibilit\u00e9, son premier objectif est de servir ses clients<\/span><br \/>\n<span style=\"color: #000000;\">Toute une \u00e9quipe assure le suivi des traitements des clients<\/span><br \/>\n<span style=\"color: #000000;\">Disponible pour les clients \u00e0 tout moment<\/span><br \/>\n<span style=\"color: #000000;\">Donner des trucs et conseils<\/span><\/p>\n<h2><span style=\"font-size: 14pt; color: #008000;\">De nombreux clients utilisent les produits sante magasin<\/span><\/h2>\n<p><span style=\"display: none;\"><br \/>\n\u0643\u0645\u0627 \u064a\u0645\u0643\u0646 \u0623\u0646 \u062a\u0633\u0627\u0639\u062f \u0623\u0648\u0645\u064a\u063a\u0627 3 \u0641\u064a \u062a\u0642\u0644\u064a\u0644 \u062c\u0641\u0627\u0641 \u0627\u0644\u0639\u064a\u0646:<br \/>\n\u062c\u0641\u0627\u0641 \u0627\u0644\u0639\u064a\u0646 \u0647\u0648 \u062d\u0627\u0644\u0629 \u0634\u0627\u0626\u0639\u0629 \u0647\u0643\u0630\u0627 \u064a\u0645\u0643\u0646 \u0623\u0646 \u062a\u0633\u0628\u0628 \u0639\u062f\u0645 \u0627\u0644\u0631\u0627\u062d\u0629 \u0648\u0627\u0644\u062a\u0647\u064a\u062c.<br \/>\n\u064a\u0645\u0643\u0646 \u0623\u0646 \u062a\u0633\u0627\u0639\u062f \u0623\u062d\u0645\u0627\u0636 \u0623\u0648\u0645\u064a\u063a\u0627 3 \u0627\u0644\u062f\u0647\u0646\u064a\u0629 \u0641\u064a \u062a\u0642\u0644\u064a\u0644 \u062c\u0641\u0627\u0641 \u0627\u0644\u0639\u064a\u0646<br \/>\n\u0639\u0646 \u0637\u0631\u064a\u0642 \u062a\u062d\u0633\u064a\u0646 \u062c\u0648\u062f\u0629 \u0627\u0644\u0641\u064a\u0644\u0645 \u0627\u0644\u0645\u0633\u064a\u0644 \u0644\u0644\u062f\u0645\u0648\u0639 \u060c \u0648\u0647\u0648 \u0627\u0644\u0637\u0628\u0642\u0629 \u0627\u0644\u0633\u0627\u0626\u0644\u0629 \u0627\u0644\u0648\u0627\u0642\u064a\u0629<br \/>\n\u0643\u0645\u0627 \u0639\u0644\u0649 \u0633\u0637\u062d \u0627\u0644\u0639\u064a\u0646. \u064a\u0645\u0643\u0646 \u0623\u0646 \u062a\u0633\u0627\u0639\u062f \u0623\u0648\u0645\u064a\u063a\u0627 3 \u0623\u064a\u0636\u064b\u0627 \u0641\u064a \u062a\u0642\u0644\u064a\u0644 \u0627\u0644\u0627\u0644\u062a\u0647\u0627\u0628 \u0641\u064a \u0627\u0644\u063a\u062f\u062f \u0627\u0644\u062a\u064a \u062a\u0646\u062a\u062c \u0627\u0644\u062f\u0645\u0648\u0639<br \/>\n\u0645\u0646 \u0646\u0627\u062d\u064a\u0629 \u0623\u062e\u0631\u0649 \u064a\u0645\u0643\u0646 \u0623\u0646 \u062a\u0633\u0627\u0639\u062f \u0641\u064a \u062a\u0642\u0644\u064a\u0644 \u062c\u0641\u0627\u0641 \u0627\u0644\u0639\u064a\u0646.<br \/>\n\u0643\u0645\u0627 \u064a\u0645\u0643\u0646 \u0623\u0646 \u062a\u0633\u0627\u0639\u062f \u0623\u0648\u0645\u064a\u063a\u0627 3 \u0641\u064a \u062a\u0642\u0644\u064a\u0644 \u062e\u0637\u0631 \u0627\u0644\u0625\u0635\u0627\u0628\u0629 \u0628\u0627\u0644\u062c\u0644\u0648\u0643\u0648\u0645\u0627:<br \/>\n\u0627\u0644\u062c\u0644\u0648\u0643\u0648\u0645\u0627 \u0647\u0648 \u0645\u0631\u0636 \u064a\u0635\u064a\u0628 \u0627\u0644\u0639\u064a\u0646 \u062d\u064a\u062b\u0645\u0627 \u064a\u0645\u0643\u0646 \u0623\u0646 \u064a\u0633\u0628\u0628 \u0641\u0642\u062f\u0627\u0646 \u0627\u0644\u0628\u0635\u0631 \u0627\u0644\u062a\u062f\u0631\u064a\u062c\u064a.<br \/>\n\u0643\u0645\u0627 \u0623\u0646 \u0623\u0648\u0645\u064a\u063a\u0627 3 \u062a\u0633\u0627\u0639\u062f \u0641\u064a \u062a\u0642\u0644\u064a\u0644 \u062e\u0637\u0631 \u0627\u0644\u0625\u0635\u0627\u0628\u0629 \u0628\u0627\u0644\u062c\u0644\u0648\u0643\u0648\u0645\u0627 \u0639\u0646 \u0637\u0631\u064a\u0642 \u062a\u0642\u0644\u064a\u0644 \u0636\u063a\u0637 \u0627\u0644\u0639\u064a\u0646<br \/>\n\u0639\u0644\u0649 \u0633\u0628\u064a\u0644 \u0627\u0644\u0645\u062b\u0627\u0644 \u0647\u0648 \u0623\u062d\u062f \u0627\u0644\u0623\u0633\u0628\u0627\u0628 \u0627\u0644\u0631\u0626\u064a\u0633\u064a\u0629 \u0644\u0644\u0645\u0631\u0636. \u0643\u0645\u0627 \u064a\u0645\u0643\u0646 \u0623\u0646 \u062a\u0633\u0627\u0639\u062f \u0623\u062d\u0645\u0627\u0636 \u0623\u0648\u0645\u064a\u063a\u0627 3<br \/>\n\u0643\u0630\u0644\u0643 \u0627\u0644\u062f\u0647\u0646\u064a\u0629 \u0641\u064a \u062a\u062d\u0633\u064a\u0646 \u0627\u0644\u062f\u0648\u0631\u0629 \u0627\u0644\u062f\u0645\u0648\u064a\u0629 \u0641\u064a \u0627\u0644\u0623\u0648\u0639\u064a\u0629 \u0627\u0644\u062f\u0645\u0648\u064a\u0629 \u0644\u0644\u0639\u064a\u0646 \u060c \u0645\u0645\u0627 \u0642\u062f \u064a\u0633\u0627\u0639\u062f \u0641\u064a \u062a\u0642\u0644\u064a\u0644 \u0636\u063a\u0637 \u0627\u0644\u0639\u064a\u0646.<br \/>\n\u0641\u064a \u0627\u0644\u0646\u0647\u0627\u064a\u0629 \u064a\u0645\u0643\u0646 \u0623\u0646 \u062a\u0633\u0627\u0639\u062f \u0623\u0648\u0645\u064a\u063a\u0627 3 \u0641\u064a \u062a\u0642\u0644\u064a\u0644 \u0645\u062e\u0627\u0637\u0631 \u0625\u0639\u062a\u0627\u0645 \u0639\u062f\u0633\u0629 \u0627\u0644\u0639\u064a\u0646:<br \/>\n\u0625\u0639\u062a\u0627\u0645 \u0639\u062f\u0633\u0629 \u0627\u0644\u0639\u064a\u0646 \u0647\u0648 \u0645\u0631\u0636 \u0634\u0627\u0626\u0639 \u0641\u064a \u0627\u0644\u0639\u064a\u0646 \u0643\u0645\u0627 \u064a\u0645\u0643\u0646 \u0623\u0646 \u064a\u0633\u0628\u0628 \u0641\u0642\u062f\u0627\u0646 \u0627\u0644\u0628\u0635\u0631<br \/>\n\u0643\u0630\u0644\u0643 \u064a\u0645\u0643\u0646 \u0623\u0646 \u062a\u0633\u0627\u0639\u062f \u0623\u0648\u0645\u064a\u063a\u0627 3 \u0641\u064a \u062a\u0642\u0644\u064a\u0644 \u0645\u062e\u0627\u0637\u0631 \u0625\u0639\u062a\u0627\u0645 \u0639\u062f\u0633\u0629 \u0627\u0644\u0639\u064a\u0646 \u0639\u0646 \u0637\u0631\u064a\u0642 \u062d\u0645\u0627\u064a\u0629 \u062e\u0644\u0627\u064a\u0627 \u0627\u0644\u0639\u064a\u0646 \u0645\u0646 \u0627\u0644\u0623\u0643\u0633\u062f\u0629.<br \/>\n\u0628\u0646\u0627\u0621 \u0639\u0644\u0649 \u0630\u0644\u0643 \u064a\u0645\u0643\u0646 \u0623\u0646 \u0623\u062d\u0645\u0627\u0636 \u0623\u0648\u0645\u064a\u063a\u0627 3 \u0627\u0644\u062f\u0647\u0646\u064a\u0629 \u0623\u064a\u0636\u064b\u0627 \u0641\u064a \u062a\u062d\u0633\u064a\u0646 \u0627\u0644\u062f\u0648\u0631\u0629 \u0627\u0644\u062f\u0645\u0648\u064a\u0629 \u0641\u064a \u0627\u0644\u0623\u0648\u0639\u064a\u0629 \u0627\u0644\u062f\u0645\u0648\u064a\u0629 \u0644\u0644\u0639\u064a\u0646<br \/>\n\u0645\u0646 \u0646\u0627\u062d\u064a\u0629 \u0623\u062e\u0631\u0649 \u064a\u0633\u0627\u0639\u062f \u0639\u0644\u0649 \u0645\u0646\u0639 \u062a\u0643\u0648\u0646 \u0627\u0644\u0633\u0627\u062f.<\/span><\/p>\n","protected":false},"excerpt":{"rendered":"<ul style=\"list-style-type: square;\">\n<li><span style=\"color: #000000;\">Om\u00e9ga 3 meilleur compl\u00e9ment alimentaire<\/span><\/li>\n<li><span style=\"color: #000000;\">Il \u00e9limine l&rsquo;arthrite et la carence en vitamine D<\/span><\/li>\n<li><span style=\"color: #000000;\">Augmenter la masse musculaire et favoriser la sant\u00e9 cardiaque<\/span><\/li>\n<li><span style=\"color: #000000;\">Une solution finale au probl\u00e8me des yeux secs et de la r\u00e9sistance \u00e0 la d\u00e9pression<\/span><\/li>\n<\/ul>\n<p><span style=\"color: #000000;\">Nombre de comprim\u00e9s : 60 g\u00e9lules<\/span><br \/>\n<span style=\"color: #000000;\">Poids de la g\u00e9lule : 500 mg<\/span><br \/>\n<span style=\"color: #000000;\">Date d&rsquo;expiration\u00a0: 2024<\/span><br \/>\n<span style=\"color: #000000;\">Code produit : OM-11989<\/span><br \/>\n<span style=\"color: #000000;\">Agr\u00e9ment : Certifi\u00e9 par l&rsquo;Office National de la S\u00e9curit\u00e9 Sanitaire<\/span><br \/>\n<span style=\"color: #000000;\">Fabrication: Marocaine par un laboratoire contr\u00f4l\u00e9<\/span><\/p>\n","protected":false},"featured_media":34123,"comment_status":"open","ping_status":"closed","template":"","meta":{"_glsr_average":0,"_glsr_ranking":0,"_glsr_reviews":0},"product_cat":[746,748],"product_tag":[],"class_list":{"0":"post-55885","1":"product","2":"type-product","3":"status-publish","4":"has-post-thumbnail","6":"product_cat-complements-alimentaires","7":"product_cat-sport-et-regime","9":"first","10":"instock","11":"featured","12":"shipping-taxable","13":"purchasable","14":"product-type-variable","15":"has-default-attributes"},"_links":{"self":[{"href":"https:\/\/ma.santemagasin.com\/fr\/wp-json\/wp\/v2\/product\/55885","targetHints":{"allow":["GET"]}}],"collection":[{"href":"https:\/\/ma.santemagasin.com\/fr\/wp-json\/wp\/v2\/product"}],"about":[{"href":"https:\/\/ma.santemagasin.com\/fr\/wp-json\/wp\/v2\/types\/product"}],"replies":[{"embeddable":true,"href":"https:\/\/ma.santemagasin.com\/fr\/wp-json\/wp\/v2\/comments?post=55885"}],"version-history":[{"count":1,"href":"https:\/\/ma.santemagasin.com\/fr\/wp-json\/wp\/v2\/product\/55885\/revisions"}],"predecessor-version":[{"id":56021,"href":"https:\/\/ma.santemagasin.com\/fr\/wp-json\/wp\/v2\/product\/55885\/revisions\/56021"}],"wp:featuredmedia":[{"embeddable":true,"href":"https:\/\/ma.santemagasin.com\/fr\/wp-json\/wp\/v2\/media\/34123"}],"wp:attachment":[{"href":"https:\/\/ma.santemagasin.com\/fr\/wp-json\/wp\/v2\/media?parent=55885"}],"wp:term":[{"taxonomy":"product_cat","embeddable":true,"href":"https:\/\/ma.santemagasin.com\/fr\/wp-json\/wp\/v2\/product_cat?post=55885"},{"taxonomy":"product_tag","embeddable":true,"href":"https:\/\/ma.santemagasin.com\/fr\/wp-json\/wp\/v2\/product_tag?post=55885"}],"curies":[{"name":"wp","href":"https:\/\/api.w.org\/{rel}","templated":true}]}}