{"id":55888,"date":"2023-06-22T17:32:58","date_gmt":"2023-06-22T16:32:58","guid":{"rendered":"https:\/\/ma.santemagasin.com\/fr\/?post_type=product&#038;p=55888"},"modified":"2025-01-28T14:36:40","modified_gmt":"2025-01-28T13:36:40","slug":"propolise-original-complement","status":"publish","type":"product","link":"https:\/\/ma.santemagasin.com\/fr\/produit\/propolise-original-complement\/","title":{"rendered":"Propolise"},"content":{"rendered":"<h2><span style=\"font-size: 14pt; color: #008000;\">La propolis est un compl\u00e9ment alimentaire naturel<\/span><\/h2>\n<p><img fetchpriority=\"high\" decoding=\"async\" class=\"alignnone\" src=\"https:\/\/ma.santemagasin.com\/fr\/wp-content\/uploads\/2021\/09\/propolise-\u0628\u0631\u0648\u0628\u0648\u0644\u064a\u0633-\u0627\u0644\u0639\u0643\u0628\u0631-\u0641\u0648\u0627\u064a\u0654\u062f-\u0627\u0644\u0628\u0631\u0648\u0628\u0648\u0644\u064a\u0633-\u0627\u0644\u0646\u062d\u0644sante-magasin-comple\u0301ment-alimentaire-propolise-maroc-1-1024x560.webp\" alt=\"\u0627\u0644\u0628\u0631\u0648\u0628\u0648\u0644\u064a\u0633\" width=\"768\" height=\"420\" \/><\/p>\n<p><strong><span style=\"color: #000000;\">Propolis:<\/span><\/strong><br \/>\n<span style=\"color: #000000;\">La propolise est un compl\u00e9ment alimentaire naturel, une substance cireuse produite par les abeilles, \u00e0 partir de la s\u00e8ve ou s\u00e8ve que l&rsquo;on trouve sur les arbres \u00e0 feuilles en l&rsquo;associant \u00e0 de la cire d&rsquo;abeille pour l&rsquo;utiliser comme enrobage pour prot\u00e9ger sa ruche. La propolis est utilis\u00e9e depuis de nombreuses ann\u00e9es en raison de sa nombreux bienfaits pour la sant\u00e9 du corps.<\/span><br \/>\n<span style=\"color: #000000;\">Avec des extraits naturels, il renforce l&rsquo;immunit\u00e9 du corps car il contient de nombreuses vitamines provenant des bienfaits de la nature<\/span><br \/>\n<span style=\"color: #000000;\">Contr\u00f4l\u00e9 en laboratoire et naturellement en g\u00e9lules v\u00e9g\u00e9tales<\/span><\/p>\n<h2><span style=\"font-size: 14pt; color: #008000;\">Une solution naturelle \u00e0 de nombreux maux miraculeux<\/span><\/h2>\n<p><img decoding=\"async\" class=\"alignnone wp-image-34013\" src=\"https:\/\/ma.santemagasin.com\/fr\/wp-content\/uploads\/2021\/09\/propolise-\u0628\u0631\u0648\u0628\u0648\u0644\u064a\u0633-\u0627\u0644\u0639\u0643\u0628\u0631-\u0641\u0648\u0627\u064a\u0654\u062f-\u0627\u0644\u0628\u0631\u0648\u0628\u0648\u0644\u064a\u0633-\u0627\u0644\u0646\u062d\u0644sante-magasin-comple\u0301ment-alimentaire-propolise-maroc2-1.webp\" alt=\"\" width=\"678\" height=\"371\" srcset=\"https:\/\/ma.santemagasin.com\/fr\/wp-content\/uploads\/2021\/09\/propolise-\u0628\u0631\u0648\u0628\u0648\u0644\u064a\u0633-\u0627\u0644\u0639\u0643\u0628\u0631-\u0641\u0648\u0627\u064a\u0654\u062f-\u0627\u0644\u0628\u0631\u0648\u0628\u0648\u0644\u064a\u0633-\u0627\u0644\u0646\u062d\u0644sante-magasin-comple\u0301ment-alimentaire-propolise-maroc2-1.webp 2000w, https:\/\/ma.santemagasin.com\/fr\/wp-content\/uploads\/2021\/09\/propolise-\u0628\u0631\u0648\u0628\u0648\u0644\u064a\u0633-\u0627\u0644\u0639\u0643\u0628\u0631-\u0641\u0648\u0627\u064a\u0654\u062f-\u0627\u0644\u0628\u0631\u0648\u0628\u0648\u0644\u064a\u0633-\u0627\u0644\u0646\u062d\u0644sante-magasin-comple\u0301ment-alimentaire-propolise-maroc2-1-300x164.webp 300w, https:\/\/ma.santemagasin.com\/fr\/wp-content\/uploads\/2021\/09\/propolise-\u0628\u0631\u0648\u0628\u0648\u0644\u064a\u0633-\u0627\u0644\u0639\u0643\u0628\u0631-\u0641\u0648\u0627\u064a\u0654\u062f-\u0627\u0644\u0628\u0631\u0648\u0628\u0648\u0644\u064a\u0633-\u0627\u0644\u0646\u062d\u0644sante-magasin-comple\u0301ment-alimentaire-propolise-maroc2-1-1024x560.webp 1024w, https:\/\/ma.santemagasin.com\/fr\/wp-content\/uploads\/2021\/09\/propolise-\u0628\u0631\u0648\u0628\u0648\u0644\u064a\u0633-\u0627\u0644\u0639\u0643\u0628\u0631-\u0641\u0648\u0627\u064a\u0654\u062f-\u0627\u0644\u0628\u0631\u0648\u0628\u0648\u0644\u064a\u0633-\u0627\u0644\u0646\u062d\u0644sante-magasin-comple\u0301ment-alimentaire-propolise-maroc2-1-768x420.webp 768w, https:\/\/ma.santemagasin.com\/fr\/wp-content\/uploads\/2021\/09\/propolise-\u0628\u0631\u0648\u0628\u0648\u0644\u064a\u0633-\u0627\u0644\u0639\u0643\u0628\u0631-\u0641\u0648\u0627\u064a\u0654\u062f-\u0627\u0644\u0628\u0631\u0648\u0628\u0648\u0644\u064a\u0633-\u0627\u0644\u0646\u062d\u0644sante-magasin-comple\u0301ment-alimentaire-propolise-maroc2-1-1536x840.webp 1536w, https:\/\/ma.santemagasin.com\/fr\/wp-content\/uploads\/2021\/09\/propolise-\u0628\u0631\u0648\u0628\u0648\u0644\u064a\u0633-\u0627\u0644\u0639\u0643\u0628\u0631-\u0641\u0648\u0627\u064a\u0654\u062f-\u0627\u0644\u0628\u0631\u0648\u0628\u0648\u0644\u064a\u0633-\u0627\u0644\u0646\u062d\u0644sante-magasin-comple\u0301ment-alimentaire-propolise-maroc2-1-600x328.webp 600w, https:\/\/ma.santemagasin.com\/fr\/wp-content\/uploads\/2021\/09\/propolise-\u0628\u0631\u0648\u0628\u0648\u0644\u064a\u0633-\u0627\u0644\u0639\u0643\u0628\u0631-\u0641\u0648\u0627\u064a\u0654\u062f-\u0627\u0644\u0628\u0631\u0648\u0628\u0648\u0644\u064a\u0633-\u0627\u0644\u0646\u062d\u0644sante-magasin-comple\u0301ment-alimentaire-propolise-maroc2-1-750x410.webp 750w, https:\/\/ma.santemagasin.com\/fr\/wp-content\/uploads\/2021\/09\/propolise-\u0628\u0631\u0648\u0628\u0648\u0644\u064a\u0633-\u0627\u0644\u0639\u0643\u0628\u0631-\u0641\u0648\u0627\u064a\u0654\u062f-\u0627\u0644\u0628\u0631\u0648\u0628\u0648\u0644\u064a\u0633-\u0627\u0644\u0646\u062d\u0644sante-magasin-comple\u0301ment-alimentaire-propolise-maroc2-1-1140x624.webp 1140w\" sizes=\"(max-width: 678px) 100vw, 678px\" \/><\/p>\n<p><span style=\"color: #000000;\">Antiviral et maladie<\/span><br \/>\n<span style=\"color: #000000;\">R\u00e9soudre les infections cutan\u00e9es caus\u00e9es par des br\u00fblures<\/span><br \/>\n<span style=\"color: #000000;\">Une solution naturelle pour l&rsquo;ost\u00e9oporose et le psoriasis<\/span><br \/>\n<span style=\"color: #000000;\">Protection contre les maladies parodontales et digestives<\/span><br \/>\n<span style=\"color: #000000;\">Extrait de propolis La propolis est votre amie pour un corps sain<\/span><\/p>\n<h2><span style=\"font-size: 14pt; color: #008000;\">Les bienfaits de la propolis pour le corps humain<\/span><\/h2>\n<p><img decoding=\"async\" class=\"alignnone\" src=\"https:\/\/ma.santemagasin.com\/fr\/wp-content\/uploads\/2021\/09\/propolise-\u0628\u0631\u0648\u0628\u0648\u0644\u064a\u0633-\u0627\u0644\u0639\u0643\u0628\u0631-\u0641\u0648\u0627\u064a\u0654\u062f-\u0627\u0644\u0628\u0631\u0648\u0628\u0648\u0644\u064a\u0633-\u0627\u0644\u0646\u062d\u0644sante-magasin-comple\u0301ment-alimentaire-propolise-maroc3-1-1024x560.webp\" alt=\"\u0627\u0633\u062a\u062e\u062f\u0627\u0645\" width=\"767\" height=\"420\" \/><\/p>\n<p><span style=\"color: #000000;\">Augmenter naturellement l&rsquo;immunit\u00e9 du corps<\/span><br \/>\n<span style=\"color: #000000;\">Am\u00e9liore la fertilit\u00e9 f\u00e9minine<\/span><br \/>\n<span style=\"color: #000000;\">Combat les bact\u00e9ries et les virus<\/span><br \/>\n<span style=\"color: #000000;\">Aide \u00e0 abaisser la tension art\u00e9rielle<\/span><br \/>\n<span style=\"color: #000000;\">Am\u00e9liore la sant\u00e9 de la peau et des cheveux<\/span><br \/>\n<span style=\"color: #000000;\">C&rsquo;est un antibiotique naturel<\/span><br \/>\n<span style=\"color: #000000;\">Une solution naturelle aux probl\u00e8mes digestifs<\/span><\/p>\n<h2><span style=\"font-size: 14pt; color: #008000;\">Pourquoi la propolis de sante magasin et nulle part ailleurs<\/span><\/h2>\n<p><img loading=\"lazy\" decoding=\"async\" class=\"alignnone\" src=\"https:\/\/ma.santemagasin.com\/fr\/wp-content\/uploads\/2021\/09\/propolise-\u0628\u0631\u0648\u0628\u0648\u0644\u064a\u0633-\u0627\u0644\u0639\u0643\u0628\u0631-\u0641\u0648\u0627\u064a\u0654\u062f-\u0627\u0644\u0628\u0631\u0648\u0628\u0648\u0644\u064a\u0633-\u0627\u0644\u0646\u062d\u0644sante-magasin-comple\u0301ment-alimentaire-propolise-maroc4-1-1024x560.webp\" alt=\"\u0627\u0644\u0628\u0631\u0648\u0628\u0648\u0644\u064a\u0633\" width=\"769\" height=\"421\" \/><\/p>\n<p><span style=\"color: #000000;\">Il est extrait d&rsquo;une solution \u00e0 l&rsquo;abri des polluants<\/span><br \/>\n<span style=\"color: #000000;\">Observation dans des laboratoires de haut niveau sous la supervision de sp\u00e9cialistes<\/span><br \/>\n<span style=\"color: #000000;\">Propolis pure et brute sans aucun additif<\/span><br \/>\n<span style=\"color: #000000;\">Il a re\u00e7u des notes \u00e9lev\u00e9es de 159 000 clients et plus<\/span><br \/>\n<span style=\"color: #000000;\">Tout naturel et non modifi\u00e9 chimiquement<\/span><\/p>\n<h2><span style=\"font-size: 14pt; color: #008000;\">Restez en bonne sant\u00e9, fort et profitez de la propolis naturellement<\/span><\/h2>\n<p><img loading=\"lazy\" decoding=\"async\" class=\"alignnone\" src=\"https:\/\/ma.santemagasin.com\/fr\/wp-content\/uploads\/2021\/09\/propolise-\u0628\u0631\u0648\u0628\u0648\u0644\u064a\u0633-\u0627\u0644\u0639\u0643\u0628\u0631-\u0641\u0648\u0627\u064a\u0654\u062f-\u0627\u0644\u0628\u0631\u0648\u0628\u0648\u0644\u064a\u0633-\u0627\u0644\u0646\u062d\u0644sante-magasin-comple\u0301ment-alimentaire-propolise-maroc5-1-1024x376.webp\" alt=\"\u0627\u0633\u062a\u062e\u062f\u0627\u0645\" width=\"767\" height=\"282\" \/><\/p>\n<p><strong><span style=\"color: #000000;\">La premi\u00e8re \u00e9tape :<\/span><\/strong><br \/>\n<span style=\"color: #000000;\">Prenez deux capsules de propolis par jour pour de meilleurs r\u00e9sultats<\/span><br \/>\n<strong><span style=\"color: #000000;\">Deuxi\u00e8me \u00e9tape :<\/span><\/strong><br \/>\n<span style=\"color: #000000;\">Compl\u00e9ter la cure compl\u00e8te pour une gu\u00e9rison d\u00e9finitive et d\u00e9finitive<\/span><br \/>\n<strong><span style=\"color: #000000;\">La troisi\u00e8me \u00e9tape : <\/span><\/strong><br \/>\n<span style=\"color: #000000;\">Respectez les conseils et le r\u00e9gime recommand\u00e9s par notre service client<\/span><\/p>\n<h2><span style=\"font-size: 14pt; color: #008000;\">Qui est Sant\u00e9 Magasin ?<\/span><\/h2>\n<p><img loading=\"lazy\" decoding=\"async\" class=\"alignnone wp-image-55649\" src=\"https:\/\/ma.santemagasin.com\/fr\/wp-content\/uploads\/2021\/09\/PROPOLISS-6-1.webp\" alt=\"\" width=\"768\" height=\"420\" srcset=\"https:\/\/ma.santemagasin.com\/fr\/wp-content\/uploads\/2021\/09\/PROPOLISS-6-1.webp 2046w, https:\/\/ma.santemagasin.com\/fr\/wp-content\/uploads\/2021\/09\/PROPOLISS-6-1-600x328.webp 600w, https:\/\/ma.santemagasin.com\/fr\/wp-content\/uploads\/2021\/09\/PROPOLISS-6-1-300x164.webp 300w, https:\/\/ma.santemagasin.com\/fr\/wp-content\/uploads\/2021\/09\/PROPOLISS-6-1-1024x560.webp 1024w, https:\/\/ma.santemagasin.com\/fr\/wp-content\/uploads\/2021\/09\/PROPOLISS-6-1-768x420.webp 768w, https:\/\/ma.santemagasin.com\/fr\/wp-content\/uploads\/2021\/09\/PROPOLISS-6-1-1536x840.webp 1536w, https:\/\/ma.santemagasin.com\/fr\/wp-content\/uploads\/2021\/09\/PROPOLISS-6-1-750x410.webp 750w, https:\/\/ma.santemagasin.com\/fr\/wp-content\/uploads\/2021\/09\/PROPOLISS-6-1-1140x623.webp 1140w\" sizes=\"(max-width: 768px) 100vw, 768px\" \/><\/p>\n<p><span style=\"color: #008000;\"><strong>Informations sur notre entreprise<\/strong><\/span><br \/>\n<span style=\"color: #000000;\">Sant\u00e9 Magasin est un produit naturel et une entreprise conviviale qui veut le meilleur pour vous. Nous veillerons toujours \u00e0 ce que nos ingr\u00e9dients soient exempts d&rsquo;additifs<\/span><br \/>\n<span style=\"color: #000000;\">Sans produits chimiques et sans OGM.<\/span><br \/>\n<span style=\"color: #008000;\"><strong>Tous nos produits sont sous licence ONSSA<\/strong><\/span><br \/>\n<span style=\"color: #000000;\">Un produit naturel fabriqu\u00e9 dans des laboratoires de haute qualit\u00e9 et certifi\u00e9 par l&rsquo;Office National de S\u00e9curit\u00e9 Sanitaire sous le n\u00b0 N\u00b0 CAPV.19.289 .20<\/span><\/p>\n<p><span style=\"display: none;\"><br \/>\n\u0645\u0627 \u0647\u0648 \u063a\u0630\u0627\u0621 \u0645\u0644\u0643\u0627\u062a \u0627\u0644\u0646\u062d\u0644\u061f<br \/>\n\u063a\u0630\u0627\u0621 \u0645\u0644\u0643\u0627\u062a \u0627\u0644\u0646\u062d\u0644 \u0647\u0648 \u0645\u0627\u062f\u0629 \u062a\u0645 \u0625\u0646\u0634\u0627\u0624\u0647\u0627 \u0628\u0648\u0627\u0633\u0637\u0629 \u0627\u0644\u063a\u062f\u062f<br \/>\n\u0627\u0644\u0628\u0644\u0639\u0648\u0645\u064a\u0629 \u0644\u0644\u0646\u062d\u0644 \u0627\u0644\u0639\u0627\u0645\u0644 \u0644\u0625\u0637\u0639\u0627\u0645 \u0627\u0644\u064a\u0631\u0642\u0627\u062a \u0648\u0645\u0644\u0643\u0629 \u0645\u0633\u062a\u0639\u0645\u0631\u0629 \u0627\u0644\u0646\u062d\u0644<br \/>\n\u064a\u0639\u062a\u0628\u0631 \u0645\u0646 \u0623\u0643\u062b\u0631 \u0627\u0644\u0623\u0637\u0639\u0645\u0629 \u0627\u0644\u0645\u063a\u0630\u064a\u0629<br \/>\n\u0648\u064a\u062d\u062a\u0648\u064a \u0639\u0644\u0649 \u0643\u0645\u064a\u0629 \u0639\u0627\u0644\u064a\u0629 \u0645\u0646 \u0627\u0644\u0639\u0646\u0627\u0635\u0631 \u0627\u0644\u063a\u0630\u0627\u0626\u064a\u0629 \u0627\u0644\u0623\u0633\u0627\u0633\u064a\u0629 \u060c<br \/>\n\u0645\u062b\u0644 \u0627\u0644\u0628\u0631\u0648\u062a\u064a\u0646 \u0648\u0641\u064a\u062a\u0627\u0645\u064a\u0646 \u0628 \u0648\u0627\u0644\u0645\u0639\u0627\u062f\u0646 \u0648\u0627\u0644\u0623\u062d\u0645\u0627\u0636 \u0627\u0644\u062f\u0647\u0646\u064a\u0629.<br \/>\n\u064a\u062d\u062a\u0648\u064a \u063a\u0630\u0627\u0621 \u0645\u0644\u0643\u0627\u062a \u0627\u0644\u0646\u062d\u0644 \u0623\u064a\u0636\u064b\u0627 \u0639\u0644\u0649 \u0646\u0633\u0628\u0629 \u0639\u0627\u0644\u064a\u0629 \u0645\u0646 \u0645\u0636\u0627\u062f\u0627\u062a \u0627\u0644\u0623\u0643\u0633\u062f\u0629 \u060c<br \/>\n\u0645\u0645\u0627 \u064a\u062c\u0639\u0644\u0647 \u0625\u0636\u0627\u0641\u0629 \u0631\u0627\u0626\u0639\u0629 \u0644\u0646\u0638\u0627\u0645 \u063a\u0630\u0627\u0626\u064a \u0635\u062d\u064a.<br \/>\n\u063a\u0630\u0627\u0621 \u0645\u0644\u0643\u0627\u062a \u0627\u0644\u0646\u062d\u0644 \u063a\u0646\u064a \u0628\u0627\u0644\u0639\u0646\u0627\u0635\u0631 \u0627\u0644\u063a\u0630\u0627\u0626\u064a\u0629<br \/>\n\u063a\u0630\u0627\u0621 \u0645\u0644\u0643\u0627\u062a \u0627\u0644\u0646\u062d\u0644 \u0645\u0635\u062f\u0631 \u063a\u0646\u064a \u0628\u0627\u0644\u0639\u0646\u0627\u0635\u0631 \u0627\u0644\u063a\u0630\u0627\u0626\u064a\u0629 \u0627\u0644\u0623\u0633\u0627\u0633\u064a\u0629<br \/>\n\u0627\u0644\u062a\u064a \u064a\u0645\u0643\u0646 \u0623\u0646 \u062a\u0641\u064a\u062f \u0627\u0644\u0635\u062d\u0629 \u0627\u0644\u0639\u0627\u0645\u0629 \u0644\u0644\u062c\u0633\u0645.<br \/>\n\u064a\u062d\u062a\u0648\u064a \u0639\u0644\u0649 \u0627\u0644\u0628\u0631\u0648\u062a\u064a\u0646\u0627\u062a \u0648\u0641\u064a\u062a\u0627\u0645\u064a\u0646 \u0628 (\u0628 1 \u060c \u0628 2 \u060c \u0628 6 \u060c \u0628 12) \u060c<br \/>\n\u0645\u0639\u0627\u062f\u0646 \u0645\u062b\u0644 \u0627\u0644\u0643\u0627\u0644\u0633\u064a\u0648\u0645 \u0648\u0627\u0644\u0646\u062d\u0627\u0633 \u0648\u0627\u0644\u062d\u062f\u064a\u062f \u0648\u0627\u0644\u0628\u0648\u062a\u0627\u0633\u064a\u0648\u0645 \u0648\u0627\u0644\u0645\u063a\u0646\u064a\u0633\u064a\u0648\u0645 \u0648\u0627\u0644\u0632\u0646\u0643.<br \/>\n\u0643\u0645\u0627 \u0623\u0646\u0647 \u063a\u0646\u064a \u0628\u0627\u0644\u0623\u062d\u0645\u0627\u0636 \u0627\u0644\u062f\u0647\u0646\u064a\u0629 \u0627\u0644\u0623\u0633\u0627\u0633\u064a\u0629<br \/>\n\u0648\u0645\u0636\u0627\u062f\u0627\u062a \u0627\u0644\u0623\u0643\u0633\u062f\u0629 \u0627\u0644\u062a\u064a \u062a\u0633\u0627\u0639\u062f \u0639\u0644\u0649 \u062d\u0645\u0627\u064a\u0629 \u0627\u0644\u062e\u0644\u0627\u064a\u0627 \u0645\u0646 \u0627\u0644\u0623\u0643\u0633\u062f\u0629.<br \/>\n\u063a\u0630\u0627\u0621 \u0645\u0644\u0643\u0627\u062a \u0627\u0644\u0646\u062d\u0644 \u064a\u0645\u0643\u0646 \u0623\u0646 \u064a\u0639\u0632\u0632 \u062c\u0647\u0627\u0632 \u0627\u0644\u0645\u0646\u0627\u0639\u0629<br \/>\n\u0642\u062f \u064a\u0633\u0627\u0639\u062f \u063a\u0630\u0627\u0621 \u0645\u0644\u0643\u0627\u062a \u0627\u0644\u0646\u062d\u0644 \u0623\u064a\u0636\u064b\u0627 \u0641\u064a \u062a\u0639\u0632\u064a\u0632 \u062c\u0647\u0627\u0632 \u0627\u0644\u0645\u0646\u0627\u0639\u0629<br \/>\n\u0628\u062a\u0631\u0643\u064a\u0632\u0647 \u0627\u0644\u0639\u0627\u0644\u064a \u0645\u0646 \u0627\u0644\u0639\u0646\u0627\u0635\u0631 \u0627\u0644\u063a\u0630\u0627\u0626\u064a\u0629 \u0627\u0644\u0623\u0633\u0627\u0633\u064a\u0629<br \/>\n\u0645\u0636\u0627\u062f\u0627\u062a \u0627\u0644\u0623\u0643\u0633\u062f\u0629. \u0623\u0638\u0647\u0631\u062a \u0627\u0644\u062f\u0631\u0627\u0633\u0627\u062a \u0623\u0646 \u063a\u0630\u0627\u0621 \u0645\u0644\u0643\u0627\u062a \u0627\u0644\u0646\u062d\u0644<br \/>\n\u064a\u0645\u0643\u0646 \u0623\u0646 \u064a\u0633\u0627\u0639\u062f \u0641\u064a \u062a\u0642\u0648\u064a\u0629 \u0645\u0642\u0627\u0648\u0645\u0629 \u0627\u0644\u062c\u0633\u0645 \u0644\u0644\u0639\u062f\u0648\u0649 \u0639\u0646<br \/>\n\u0637\u0631\u064a\u0642 \u062a\u062d\u0641\u064a\u0632 \u0627\u0644\u062f\u0641\u0627\u0639\u0627\u062a \u0627\u0644\u0645\u0646\u0627\u0639\u064a\u0629 \u0648\u0632\u064a\u0627\u062f\u0629 \u0625\u0646\u062a\u0627\u062c \u062e\u0644\u0627\u064a\u0627 \u0627\u0644\u062f\u0645 \u0627\u0644\u0628\u064a\u0636\u0627\u0621.<br \/>\n\u063a\u0630\u0627\u0621 \u0645\u0644\u0643\u0627\u062a \u0627\u0644\u0646\u062d\u0644 \u0642\u062f \u064a\u062d\u0633\u0646 \u0635\u062d\u0629 \u0627\u0644\u062c\u0644\u062f<br \/>\n\u064a\u064f\u0639\u0631\u0641 \u063a\u0630\u0627\u0621 \u0645\u0644\u0643\u0627\u062a \u0627\u0644\u0646\u062d\u0644 \u0623\u064a\u0636\u064b\u0627 \u0628\u062e\u0635\u0627\u0626\u0635\u0647 \u0627\u0644\u0645\u0641\u064a\u062f\u0629 \u0644\u0635\u062d\u0629 \u0627\u0644\u062c\u0644\u062f.<br \/>\n\u064a\u062d\u062a\u0648\u064a \u0639\u0644\u0649 \u0641\u064a\u062a\u0627\u0645\u064a\u0646\u0627\u062a B \u0648 C \u060c \u0628\u0627\u0644\u0625\u0636\u0627\u0641\u0629 \u0625\u0644\u0649 \u0627\u0644\u0645\u0639\u0627\u062f\u0646 \u0645\u062b\u0644 \u0627\u0644\u0632\u0646\u0643 \u060c<br \/>\n\u0648\u0627\u0644\u062a\u064a \u064a\u0645\u0643\u0646 \u0623\u0646 \u062a\u0633\u0627\u0639\u062f \u0641\u064a \u062a\u062d\u0633\u064a\u0646 \u0645\u0644\u0645\u0633 \u0648\u0645\u0638\u0647\u0631 \u0627\u0644\u062c\u0644\u062f.<br \/>\n\u064a\u0645\u0643\u0646 \u0623\u0646 \u064a\u0633\u0627\u0639\u062f \u063a\u0630\u0627\u0621 \u0645\u0644\u0643\u0627\u062a \u0627\u0644\u0646\u062d\u0644 \u0623\u064a\u0636\u064b\u0627 \u0641\u064a \u062a\u0642\u0644\u064a\u0644 \u0638\u0647\u0648\u0631<br \/>\n\u0627\u0644\u062e\u0637\u0648\u0637 \u0627\u0644\u062f\u0642\u064a\u0642\u0629 \u0648\u0627\u0644\u062a\u062c\u0627\u0639\u064a\u062f \u0639\u0646 \u0637\u0631\u064a\u0642<br \/>\n\u062a\u062d\u0641\u064a\u0632 \u0625\u0646\u062a\u0627\u062c \u0627\u0644\u0643\u0648\u0644\u0627\u062c\u064a\u0646 \u0648\u062a\u0639\u0632\u064a\u0632 \u062a\u062c\u062f\u064a\u062f \u0627\u0644\u062e\u0644\u0627\u064a\u0627.<\/span><\/p>\n","protected":false},"excerpt":{"rendered":"<ul style=\"list-style-type: square;\">\n<li><span style=\"color: #000000;\">Propolise aux extraits naturels et efficaces<\/span><\/li>\n<li><span style=\"color: #000000;\">Pour renforcer l&rsquo;immunit\u00e9 et lutter contre les maladies<\/span><\/li>\n<li><span style=\"color: #000000;\">Il prot\u00e8ge \u00e9galement contre le cancer et l&rsquo;ost\u00e9oporose<\/span><\/li>\n<li><span style=\"color: #000000;\">Efficace pour les maladies des gencives, les ulc\u00e8res et l&rsquo;augmentation de l&rsquo;\u00e9nergie pour le corps<\/span><\/li>\n<\/ul>\n<p><span style=\"color: #000000;\">Nombre de comprim\u00e9s : 60 g\u00e9lules<\/span><br \/>\n<span style=\"color: #000000;\">Poids de la g\u00e9lule : 300 mg <\/span><br \/>\n<span style=\"color: #000000;\">Date d&rsquo;expiration\u00a0: 2024<\/span><br \/>\n<span style=\"color: #000000;\">Code produit : PRL-99991<\/span><br \/>\n<span style=\"color: #000000;\">Agr\u00e9ment : Certifi\u00e9 par l&rsquo;Office National de la S\u00e9curit\u00e9 Sanitaire<\/span><br \/>\n<span style=\"color: #000000;\">Fabrication: Marocaine par un laboratoire contr\u00f4l\u00e9<\/span><\/p>\n","protected":false},"featured_media":32063,"comment_status":"open","ping_status":"closed","template":"","meta":{"_glsr_average":0,"_glsr_ranking":0,"_glsr_reviews":0},"product_cat":[746,750],"product_tag":[],"class_list":{"0":"post-55888","1":"product","2":"type-product","3":"status-publish","4":"has-post-thumbnail","6":"product_cat-complements-alimentaires","7":"product_cat-produits-apicoles","9":"first","10":"instock","11":"shipping-taxable","12":"purchasable","13":"product-type-variable","14":"has-default-attributes"},"_links":{"self":[{"href":"https:\/\/ma.santemagasin.com\/fr\/wp-json\/wp\/v2\/product\/55888","targetHints":{"allow":["GET"]}}],"collection":[{"href":"https:\/\/ma.santemagasin.com\/fr\/wp-json\/wp\/v2\/product"}],"about":[{"href":"https:\/\/ma.santemagasin.com\/fr\/wp-json\/wp\/v2\/types\/product"}],"replies":[{"embeddable":true,"href":"https:\/\/ma.santemagasin.com\/fr\/wp-json\/wp\/v2\/comments?post=55888"}],"version-history":[{"count":4,"href":"https:\/\/ma.santemagasin.com\/fr\/wp-json\/wp\/v2\/product\/55888\/revisions"}],"predecessor-version":[{"id":57000,"href":"https:\/\/ma.santemagasin.com\/fr\/wp-json\/wp\/v2\/product\/55888\/revisions\/57000"}],"wp:featuredmedia":[{"embeddable":true,"href":"https:\/\/ma.santemagasin.com\/fr\/wp-json\/wp\/v2\/media\/32063"}],"wp:attachment":[{"href":"https:\/\/ma.santemagasin.com\/fr\/wp-json\/wp\/v2\/media?parent=55888"}],"wp:term":[{"taxonomy":"product_cat","embeddable":true,"href":"https:\/\/ma.santemagasin.com\/fr\/wp-json\/wp\/v2\/product_cat?post=55888"},{"taxonomy":"product_tag","embeddable":true,"href":"https:\/\/ma.santemagasin.com\/fr\/wp-json\/wp\/v2\/product_tag?post=55888"}],"curies":[{"name":"wp","href":"https:\/\/api.w.org\/{rel}","templated":true}]}}