{"id":55891,"date":"2023-06-22T17:32:58","date_gmt":"2023-06-22T16:32:58","guid":{"rendered":"https:\/\/ma.santemagasin.com\/fr\/?post_type=product&#038;p=55891"},"modified":"2025-01-28T14:41:02","modified_gmt":"2025-01-28T13:41:02","slug":"zinc-prix-maroc-vitamin-zinc","status":"publish","type":"product","link":"https:\/\/ma.santemagasin.com\/fr\/produit\/zinc-prix-maroc-vitamin-zinc\/","title":{"rendered":"ZINC"},"content":{"rendered":"<h2><span style=\"font-size: 14pt; color: #008000;\">Quelle est l&rsquo;importance du zinc dans l&rsquo;organism e ?<\/span><\/h2>\n<p><span style=\"font-family: 'book antiqua', palatino, serif;\"><img fetchpriority=\"high\" decoding=\"async\" class=\"alignnone wp-image-32175\" src=\"https:\/\/ma.santemagasin.com\/fr\/wp-content\/uploads\/2021\/11\/zinc-\u0641\u0648\u0627\u064a\u0654\u062f-\u0627\u0644\u0632\u0646\u0643-\u0627\u0644\u0632\u0646\u0643-zinc-prix-maroc-\u0632\u0646\u0643-\u0627\u0644\u0632\u0646\u0643-\u0644\u0644\u062c\u0633\u0645-\u0641\u0648\u0627\u064a\u0654\u062f-\u0627\u0644\u0632\u0646\u0643-\u0644\u0644\u0631\u062c\u0627\u0644-zinc-prix-zinc-maroc-\u0641\u0648\u0627\u064a\u0654\u062f-\u0627\u0644\u0632\u0646\u0643-\u0644\u0644\u0645\u0631\u0627\u0654\u0629-\u0641\u064a\u062a\u0627\u0645\u064a\u0646-\u0627\u0644\u0632\u0646\u0643-\u0641\u0648\u0627\u064a\u0654\u062f-\u0627\u0644\u0632\u0646\u0643-\u0644\u0644\u062c\u0633\u06452-2.webp\" alt=\"\u0641\u064a\u062a\u0627\u0645\u064a\u0646 \u0627\u0644\u0632\u0646\u0643\" width=\"800\" height=\"438\" \/><\/span><\/p>\n<p><span style=\"color: #000000;\">La Vitamine Zinc est un \u00e9l\u00e9ment essentiel pour une bonne sant\u00e9 car elle :<\/span><br \/>\n<span style=\"color: #000000;\">Maintient le syst\u00e8me immunitaire, aide \u00e0 la croissance des cellules et des tissus endommag\u00e9s et travaille \u00e0 les restaurer.<\/span><br \/>\n<span style=\"color: #000000;\">Le zinc est inclus dans la composition chimique de plus de 300 types diff\u00e9rents d&rsquo;enzymes essentielles qui contr\u00f4lent diff\u00e9rents processus m\u00e9taboliques.<\/span><br \/>\n<span style=\"color: #000000;\">Un compl\u00e9ment alimentaire qui entretient la peau et pr\u00e9vient l&rsquo;acn\u00e9<\/span><br \/>\n<span style=\"color: #000000;\">Les pilules de zinc sont naturelles<\/span><\/p>\n<h2><span style=\"font-size: 14pt; color: #008000;\">Bienfaits du zinc Le zinc est un compl\u00e9ment alimentaire<\/span><\/h2>\n<p><span style=\"font-family: 'book antiqua', palatino, serif;\"><img decoding=\"async\" class=\"alignnone wp-image-32179\" src=\"https:\/\/ma.santemagasin.com\/fr\/wp-content\/uploads\/2021\/11\/zinc-\u0641\u0648\u0627\u064a\u0654\u062f-\u0627\u0644\u0632\u0646\u0643-\u0627\u0644\u0632\u0646\u0643-zinc-prix-maroc-\u0632\u0646\u0643-\u0627\u0644\u0632\u0646\u0643-\u0644\u0644\u062c\u0633\u0645-\u0641\u0648\u0627\u064a\u0654\u062f-\u0627\u0644\u0632\u0646\u0643-\u0644\u0644\u0631\u062c\u0627\u0644-zinc-prix-zinc-maroc-\u0641\u0648\u0627\u064a\u0654\u062f-\u0627\u0644\u0632\u0646\u0643-\u0644\u0644\u0645\u0631\u0627\u0654\u0629-\u0641\u064a\u062a\u0627\u0645\u064a\u0646-\u0627\u0644\u0632\u0646\u0643-\u0641\u0648\u0627\u064a\u0654\u062f-\u0627\u0644\u0632\u0646\u0643-\u0644\u0644\u062c\u0633\u06453-3.webp\" alt=\"\u0641\u064a\u062a\u0627\u0645\u064a\u0646\" width=\"800\" height=\"219\" \/><\/span><\/p>\n<p><span style=\"color: #000000;\">Renforcer l&rsquo;immunit\u00e9 du corps<\/span><br \/>\n<span style=\"color: #000000;\">Solution naturelle contre la diarrh\u00e9e<\/span><br \/>\n<span style=\"color: #000000;\">Impact sur l&rsquo;apprentissage et la m\u00e9moire<\/span><br \/>\n<span style=\"color: #000000;\">Les blessures gu\u00e9rissent naturellement<\/span><br \/>\n<span style=\"color: #000000;\">R\u00e9soudre les probl\u00e8mes d&rsquo;acn\u00e9 et de peau<\/span><br \/>\n<span style=\"color: #000000;\">Maintient la sant\u00e9 des os et du cerveau<\/span><br \/>\n<span style=\"color: #000000;\">Une solution naturelle pour l&rsquo;arthrite<\/span><br \/>\n<span style=\"color: #000000;\">Les pilules de zinc sont naturelles<\/span><\/p>\n<h2><span style=\"color: #008000; font-size: 14pt;\">Vitamine de zinc Haute puissance via la biodisponibilit\u00e9<\/span><\/h2>\n<p><span style=\"font-family: 'book antiqua', palatino, serif;\"><img decoding=\"async\" class=\"alignnone\" src=\"https:\/\/ma.santemagasin.com\/fr\/wp-content\/uploads\/2021\/11\/zinc-\u0641\u0648\u0627\u064a\u0654\u062f-\u0627\u0644\u0632\u0646\u0643-\u0627\u0644\u0632\u0646\u0643-zinc-prix-maroc-\u0632\u0646\u0643-\u0627\u0644\u0632\u0646\u0643-\u0644\u0644\u062c\u0633\u0645-\u0641\u0648\u0627\u064a\u0654\u062f-\u0627\u0644\u0632\u0646\u0643-\u0644\u0644\u0631\u062c\u0627\u0644-zinc-prix-zinc-maroc-\u0641\u0648\u0627\u064a\u0654\u062f-\u0627\u0644\u0632\u0646\u0643-\u0644\u0644\u0645\u0631\u0627\u0654\u0629-\u0641\u064a\u062a\u0627\u0645\u064a\u0646-\u0627\u0644\u0632\u0646\u0643-\u0641\u0648\u0627\u064a\u0654\u062f-\u0627\u0644\u0632\u0646\u0643-\u0644\u0644\u062c\u0633\u06454-2.webp\" alt=\"\u0641\u064a\u062a\u0627\u0645\u064a\u0646 \u0627\u0644\u0632\u0646\u0643\" width=\"800\" height=\"438\" \/><\/span><\/p>\n<p><span style=\"color: #000000;\">Nos suppl\u00e9ments sont hautement biodisponibles, ce qui signifie qu&rsquo;ils sont r\u00e9ellement absorb\u00e9s par votre corps et ne sont pas \u00e9limin\u00e9s lors de la digestion comme<\/span><br \/>\n<span style=\"color: #000000;\">La plupart des suppl\u00e9ments qui contiennent des concentrations plus \u00e9lev\u00e9es de zinc sont de mauvaise qualit\u00e9.<\/span><br \/>\n<span style=\"color: #000000;\">Ne laissez pas la grippe vous abattre<\/span><br \/>\n<span style=\"color: #000000;\">Le zinc travaille avec le reste du syst\u00e8me immunitaire pour prot\u00e9ger contre les maladies<\/span><br \/>\n<span style=\"color: #000000;\">Avoir une peau saine <\/span><br \/>\n<span style=\"color: #000000;\">Votre peau ne restera pas douce et souple sans une bonne quantit\u00e9 de zinc.<\/span><br \/>\n<span style=\"color: #000000;\">Gardez vos yeux aiguis\u00e9s<\/span><br \/>\n<span style=\"color: #000000;\">Le zinc aide le corps \u00e0 produire de la m\u00e9lanine, un pigment qui prot\u00e8ge vos yeux.<\/span><\/p>\n<h2><span style=\"font-size: 14pt; color: #008000;\">Les pilules de zinc sont toutes naturelles, pures<\/span><\/h2>\n<p><span style=\"font-family: 'book antiqua', palatino, serif;\"><img loading=\"lazy\" decoding=\"async\" class=\"alignnone\" src=\"https:\/\/ma.santemagasin.com\/fr\/wp-content\/uploads\/2021\/11\/zinc-\u0641\u0648\u0627\u064a\u0654\u062f-\u0627\u0644\u0632\u0646\u0643-\u0627\u0644\u0632\u0646\u0643-zinc-prix-maroc-\u0632\u0646\u0643-\u0627\u0644\u0632\u0646\u0643-\u0644\u0644\u062c\u0633\u0645-\u0641\u0648\u0627\u064a\u0654\u062f-\u0627\u0644\u0632\u0646\u0643-\u0644\u0644\u0631\u062c\u0627\u0644-zinc-prix-zinc-maroc-\u0641\u0648\u0627\u064a\u0654\u062f-\u0627\u0644\u0632\u0646\u0643-\u0644\u0644\u0645\u0631\u0627\u0654\u0629-\u0641\u064a\u062a\u0627\u0645\u064a\u0646-\u0627\u0644\u0632\u0646\u0643-\u0641\u0648\u0627\u064a\u0654\u062f-\u0627\u0644\u0632\u0646\u0643-\u0644\u0644\u062c\u0633\u06455-5.webp\" alt=\"\u0641\u064a\u062a\u0627\u0645\u064a\u0646\" width=\"800\" height=\"313\" \/><\/span><\/p>\n<p><span style=\"color: #000000;\">Les suppl\u00e9ments Sant\u00e9 Magasin utilisent une formule exclusive qui est exempte de produits chimiques dangereux et de conservateurs inutiles.<\/span><br \/>\n<span style=\"color: #000000;\">Nous voulons que vous vous sentiez en s\u00e9curit\u00e9 et que vous sachiez que notre suppl\u00e9ment place votre sant\u00e9 avant tout.<\/span><br \/>\n<span style=\"color: #000000;\">Augmenter naturellement l&rsquo;immunit\u00e9 du corps<\/span><br \/>\n<span style=\"color: #000000;\">Ingr\u00e9dients naturels<\/span><br \/>\n<span style=\"color: #000000;\">Utilisation s\u00fbre, approuv\u00e9e par l&rsquo;ONSSA<\/span><\/p>\n<h2><span style=\"font-size: 14pt; color: #008000;\">De nombreux clients utilisent nos produits et sont satisfaits \u00e0 100 %<\/span><\/h2>\n<p><span style=\"display: none;\"> \u0627\u0644\u0632\u0646\u0643 \u0648\u0645\u0643\u0627\u0641\u062d\u0629 \u0627\u0644\u0625\u0633\u0647\u0627\u0644\u060c \u0627\u0644\u0632\u0646\u0643 \u0645\u0639\u062f\u0646 \u0645\u0647\u0645 \u0644\u0639\u0644\u0627\u062c \u0627\u0644\u0625\u0633\u0647\u0627\u0644. \u0627\u0643\u062a\u0634\u0641 \u0643\u064a\u0641 \u064a\u0645\u0643\u0646 \u0644\u0644\u0632\u0646\u0643 \u0623\u0646 \u064a\u0641\u064a\u062f \u0635\u062d\u062a\u0643 \u0648\u0643\u064a\u0641\u064a\u0629 \u0625\u0636\u0627\u0641\u062a\u0647 \u0625\u0644\u0649 \u0646\u0638\u0627\u0645\u0643 \u0627\u0644\u063a\u0630\u0627\u0626\u064a \u0644\u0644\u0648\u0642\u0627\u064a\u0629 \u0645\u0646 \u0627\u0644\u0625\u0633\u0647\u0627\u0644- \u0627\u0644\u062a\u0626\u0627\u0645 \u0627\u0644\u062c\u0631\u0648\u062d &#8211; \u0639\u0644\u0627\u0645\u0627\u062a \u0627\u0644\u062a\u0626\u0627\u0645 \u0627\u0644\u062c\u0631\u0648\u062d \u0628\u0639\u062f \u0627\u0644\u062e\u064a\u0627\u0637\u0629 &#8211; \u0627\u0644\u0641\u064a\u062a\u0627\u0645\u064a\u0646 \u0627\u0644\u0645\u0633\u0624\u0648\u0644 \u0639\u0646 \u0627\u0644\u062a\u0626\u0627\u0645 \u0627\u0644\u062c\u0631\u0648\u062d<br \/>\n&#8211; \u0647\u0644 \u0627\u0644\u062d\u0643\u0629 \u0645\u0646 \u0639\u0644\u0627\u0645\u0627\u062a \u0627\u0644\u062a\u0626\u0627\u0645 \u0627\u0644\u062c\u0631\u0648\u062d &#8211; \u0639\u0644\u0627\u0645\u0627\u062a \u0627\u0644\u062a\u0626\u0627\u0645 \u0627\u0644\u062c\u0631\u0648\u062d<br \/>\n&#8211; \u0633\u0628\u0628 \u0639\u062f\u0645 \u0627\u0644\u062a\u0626\u0627\u0645 \u0627\u0644\u062c\u0631\u0648\u062d \u0628\u0633\u0631\u0639\u0629 &#8211; \u0645\u062f\u0629 \u0627\u0644\u062a\u0626\u0627\u0645 \u0627\u0644\u062c\u0631\u0648\u062d \u0644\u0645\u0631\u0636\u0649 \u0627\u0644\u0633\u0643\u0631\u064a &#8211; \u0623\u062f\u0648\u064a\u0629 \u062a\u0633\u0627\u0639\u062f \u0639\u0644\u0649 \u0627\u0644\u062a\u0626\u0627\u0645 \u0627\u0644\u062c\u0631\u0648\u062d<br \/>\n&#8211; \u0623\u0639\u0634\u0627\u0628 \u062a\u0633\u0627\u0639\u062f \u0639\u0644\u0649 \u0627\u0644\u062a\u0626\u0627\u0645 \u0627\u0644\u062c\u0631\u0648\u062d \u0628\u0639\u062f \u0627\u0644\u0639\u0645\u0644\u064a\u0627\u062a<br \/>\n&#8211; \u0643\u0631\u064a\u0645\u0627\u062a \u062a\u0633\u0627\u0639\u062f \u0639\u0644\u0649 \u0627\u0644\u062a\u0626\u0627\u0645 \u0627\u0644\u062c\u0631\u0648\u062d &#8211; \u064a\u0633\u0631\u0639 \u0627\u0644\u062a\u0626\u0627\u0645 \u0627\u0644\u062c\u0631\u0648\u062d<br \/>\n&#8211; \u064a\u0633\u0627\u0639\u062f \u0639\u0644\u0649 \u0627\u0644\u062a\u0626\u0627\u0645 \u0627\u0644\u062c\u0631\u0648\u062d<br \/>\n&#8211; \u064a\u0639\u0645\u0644 \u0639\u0644\u0649 \u0627\u0644\u062a\u0626\u0627\u0645 \u0627\u0644\u062c\u0631\u0648\u062d<br \/>\n&#8211; \u064a\u0633\u0631\u0639 \u0645\u0646 \u0627\u0644\u062a\u0626\u0627\u0645 \u0627\u0644\u062c\u0631\u0648\u062d<br \/>\n&#8211; \u0647\u0644 \u0627\u0644\u0628\u064a\u062a\u0627\u062f\u064a\u0646 \u064a\u0633\u0627\u0639\u062f \u0639\u0644\u0649 \u0627\u0644\u062a\u0626\u0627\u0645 \u0627\u0644\u062c\u0631\u0648\u062d &#8211;<br \/>\n\u0645\u0634\u0631\u0648\u0628 \u064a\u0633\u0627\u0639\u062f \u0639\u0644\u0649 \u0627\u0644\u062a\u0626\u0627\u0645 \u0627\u0644\u062c\u0631\u0648\u062d &#8211; \u0643\u0631\u064a\u0645 \u064a\u0633\u0627\u0639\u062f \u0639\u0644\u0649 \u0627\u0644\u062a\u0626\u0627\u0645 \u0627\u0644\u062c\u0631\u0648\u062d \u0628\u0633\u0631\u0639\u0629<br \/>\n\u0623\u0647\u0645\u064a\u0629 \u0627\u0644\u0632\u0646\u0643 \u0644\u0644\u0625\u0633\u0647\u0627\u0644 &#8211; \u0627\u0647\u0645\u064a\u0629 \u0627\u0644\u0632\u0646\u0643 \u0644\u0644\u062c\u0633\u0645 &#8211; \u0645\u0627 \u0641\u0627\u0626\u062f\u0629 \u0627\u0644\u0632\u0646\u0643 \u0644\u062c\u0633\u0645 \u0627\u0644\u0627\u0646\u0633\u0627\u0646 &#8211; \u0645\u0627 \u0641\u0627\u0626\u062f\u0629 \u0627\u0644\u0632\u0646\u0643 \u0644\u0644\u062c\u0633\u0645 &#8211; \u0645\u0646\u062a\u062c \u0627\u0644\u0632\u0646\u0643 &#8211; \u0645\u0627 \u0627\u0647\u0645\u064a\u0629 \u0627\u0644\u0632\u0646\u0643 &#8211; \u0641\u064a\u062a\u0627\u0645\u064a\u0646 \u0627\u0644\u0632\u0646\u0643 \u0641\u0648\u0627\u0626\u062f\u0647 &#8211; \u0627\u0647\u0645\u064a\u0629 \u0639\u0646\u0635\u0631 \u0627\u0644\u0632\u0646\u0643 \u0644\u0644\u062c\u0633\u0645 &#8211; \u0636\u0631\u0648\u0631\u0629 \u0627\u0644\u0632\u0646\u0643 \u0644\u0644\u062c\u0633\u0645 &#8211; \u0645\u0627 \u0641\u0627\u0626\u062f\u0629 \u0627\u0644\u0632\u0646\u0643 &#8211; \u0641\u0648\u0627\u0626\u062f \u0627\u0644\u0632\u0646\u0643 \u0644\u0644\u0627\u0633\u0647\u0627\u0644 &#8211; \u0641\u0627\u0626\u062f\u0629 \u0627\u0644\u0632\u0646\u0643<br \/>\n\u0627\u0644\u0632\u0646\u0643 \u0648\u0645\u0643\u0627\u0641\u062d\u0629 \u0627\u0644\u0625\u0633\u0647\u0627\u0644\u060c \u0627\u0644\u0632\u0646\u0643 \u0645\u0639\u062f\u0646 \u0645\u0647\u0645 \u0644\u0639\u0644\u0627\u062c \u0627\u0644\u0625\u0633\u0647\u0627\u0644. \u0627\u0643\u062a\u0634\u0641 \u0643\u064a\u0641 \u064a\u0645\u0643\u0646 \u0644\u0644\u0632\u0646\u0643 \u0623\u0646 \u064a\u0641\u064a\u062f \u0635\u062d\u062a\u0643 \u0648\u0643\u064a\u0641\u064a\u0629 \u0625\u0636\u0627\u0641\u062a\u0647 \u0625\u0644\u0649 \u0646\u0638\u0627\u0645\u0643 \u0627\u0644\u063a\u0630\u0627\u0626\u064a \u0644\u0644\u0648\u0642\u0627\u064a\u0629 \u0645\u0646 \u0627\u0644\u0625\u0633\u0647\u0627\u0644.<br \/>\n&#8211; \u0641\u064a\u062a\u0627\u0645\u064a\u0646 \u064a\u0633\u0627\u0639\u062f \u0639\u0644\u0649 \u0627\u0644\u062a\u0626\u0627\u0645 \u0627\u0644\u062c\u0631\u0648\u062d<\/span><\/p>\n","protected":false},"excerpt":{"rendered":"<p><span style=\"color: #000000;\"><strong>Description :<\/strong><\/span><\/p>\n<ul style=\"list-style-type: square;\">\n<li><span style=\"color: #000000;\">ZINC est Un compl\u00e9ment alimentaire pour booster l&rsquo;immunit\u00e9 et traiter l&rsquo;acn\u00e9<\/span><\/li>\n<li><span style=\"color: #000000;\">Avoir une peau saine<\/span><\/li>\n<li><span style=\"color: #000000;\">Renforcer la vue et traiter la diarrh\u00e9e<\/span><\/li>\n<\/ul>\n<p><span style=\"color: #000000;\">Nombre de comprim\u00e9s : 60 g\u00e9lules<\/span><br \/>\n<span style=\"color: #000000;\">Poids de la g\u00e9lule : 300 mg<\/span><br \/>\n<span style=\"color: #000000;\">Date d&rsquo;expiration\u00a0: 2024<\/span><br \/>\n<span style=\"color: #000000;\">Code produit : ZN-13888<\/span><br \/>\n<span style=\"color: #000000;\">Agr\u00e9ment : Certifi\u00e9 par l&rsquo;Office National de la S\u00e9curit\u00e9 Sanitaire<\/span><br \/>\n<span style=\"color: #000000;\">Fabrication : Marocaine par un laboratoire contr\u00f4l\u00e9<\/span><\/p>\n<p style=\"text-align: center;\"><span style=\"color: #000000;\"><strong>\u2b07\ufe0f\u2b07\ufe0f\u2b07\ufe0fD\u00e9couvrir la suite \u2b07\ufe0f\u2b07\ufe0f\u2b07\ufe0f<\/strong><\/span><\/p>\n","protected":false},"featured_media":32073,"comment_status":"open","ping_status":"closed","template":"","meta":{"_glsr_average":0,"_glsr_ranking":0,"_glsr_reviews":0},"product_cat":[746,751],"product_tag":[],"class_list":{"0":"post-55891","1":"product","2":"type-product","3":"status-publish","4":"has-post-thumbnail","6":"product_cat-complements-alimentaires","7":"product_cat-vitamines","9":"first","10":"instock","11":"shipping-taxable","12":"purchasable","13":"product-type-variable","14":"has-default-attributes"},"_links":{"self":[{"href":"https:\/\/ma.santemagasin.com\/fr\/wp-json\/wp\/v2\/product\/55891","targetHints":{"allow":["GET"]}}],"collection":[{"href":"https:\/\/ma.santemagasin.com\/fr\/wp-json\/wp\/v2\/product"}],"about":[{"href":"https:\/\/ma.santemagasin.com\/fr\/wp-json\/wp\/v2\/types\/product"}],"replies":[{"embeddable":true,"href":"https:\/\/ma.santemagasin.com\/fr\/wp-json\/wp\/v2\/comments?post=55891"}],"version-history":[{"count":3,"href":"https:\/\/ma.santemagasin.com\/fr\/wp-json\/wp\/v2\/product\/55891\/revisions"}],"predecessor-version":[{"id":57002,"href":"https:\/\/ma.santemagasin.com\/fr\/wp-json\/wp\/v2\/product\/55891\/revisions\/57002"}],"wp:featuredmedia":[{"embeddable":true,"href":"https:\/\/ma.santemagasin.com\/fr\/wp-json\/wp\/v2\/media\/32073"}],"wp:attachment":[{"href":"https:\/\/ma.santemagasin.com\/fr\/wp-json\/wp\/v2\/media?parent=55891"}],"wp:term":[{"taxonomy":"product_cat","embeddable":true,"href":"https:\/\/ma.santemagasin.com\/fr\/wp-json\/wp\/v2\/product_cat?post=55891"},{"taxonomy":"product_tag","embeddable":true,"href":"https:\/\/ma.santemagasin.com\/fr\/wp-json\/wp\/v2\/product_tag?post=55891"}],"curies":[{"name":"wp","href":"https:\/\/api.w.org\/{rel}","templated":true}]}}