{"id":55903,"date":"2023-06-22T17:32:58","date_gmt":"2023-06-22T16:32:58","guid":{"rendered":"https:\/\/ma.santemagasin.com\/fr\/?post_type=product&#038;p=55903"},"modified":"2025-01-28T13:28:30","modified_gmt":"2025-01-28T12:28:30","slug":"iron-hair-homme-chevaux-barbe","status":"publish","type":"product","link":"https:\/\/ma.santemagasin.com\/fr\/produit\/iron-hair-homme-chevaux-barbe\/","title":{"rendered":"IRON Hair"},"content":{"rendered":"<p class=\"p1\"><span style=\"font-size: 14pt;\"><strong><span style=\"color: #008000;\">IRON Hair est Une solution naturelle et maison aux probl\u00e8mes de perte de cheveux et de barbe<\/span><\/strong><\/span><\/p>\n<p><img fetchpriority=\"high\" decoding=\"async\" class=\"alignnone\" src=\"https:\/\/ma.santemagasin.com\/fr\/wp-content\/uploads\/2022\/01\/iron-hair-sante-magasin-\u062a\u0633\u0627\u0642\u0637-\u0627\u0644\u0634\u0639\u0631-\u0639\u0644\u0627\u062c-\u062a\u0633\u0627\u0642\u0637-\u0627\u0644\u0634\u0639\u0631-\u0639\u0644\u0627\u062c\u0627\u062a-\u062a\u0633\u0627\u0642\u0637-\u0627\u0644\u0634\u0639\u0631-\u0639\u0646\u062f-\u0627\u0644\u0631\u062c\u0627\u0644-\u0627\u0646\u0628\u0627\u062a-\u0627\u0644\u0644\u062d\u064a\u0629-\u062a\u0643\u062b\u064a\u0641-\u0627\u0644\u0644\u062d\u064a\u0629-\u0641\u064a\u062a\u0627\u0645\u064a\u0646\u0627\u062a-\u0644\u062a\u0633\u0627\u0642\u0637-3-1024x602.webp\" alt=\"\u0627\u0644\u0634\u0639\u0631\" width=\"800\" height=\"470\" \/><\/p>\n<p class=\"p1\"><span style=\"color: #000000;\">Soin de perte de cheveux chez les hommes<\/span><\/p>\n<p class=\"p1\"><span style=\"color: #000000;\">Intensifier les cheveux des murs<\/span><\/p>\n<p class=\"p1\"><span style=\"color: #000000;\">Remplir les vides<span class=\"Apple-converted-space\">\u00a0 <\/span>dans la barbe et les cheveux<\/span><\/p>\n<p class=\"p1\"><span style=\"color: #000000;\">Une solution naturelle et interne \u00e0 la perte de cheveux<\/span><\/p>\n<p class=\"p1\"><span style=\"color: #000000;\">Un soin garanti qui cible la chute des cheveux et de la barbe \u00e0 sa source<\/span><\/p>\n<p class=\"p1\"><span style=\"font-size: 14pt;\"><strong><span style=\"color: #008000;\">Dites adieu aux cr\u00e8mes et huiles \u00e0 forte odeur et aux traitements dangereux<\/span><\/strong><\/span><\/p>\n<p><img decoding=\"async\" class=\"alignnone\" src=\"https:\/\/ma.santemagasin.com\/fr\/wp-content\/uploads\/2022\/01\/iron-hair-sante-magasin-\u062a\u0633\u0627\u0642\u0637-\u0627\u0644\u0634\u0639\u0631-\u0639\u0644\u0627\u062c-\u062a\u0633\u0627\u0642\u0637-\u0627\u0644\u0634\u0639\u0631-\u0639\u0644\u0627\u062c\u0627\u062a-\u062a\u0633\u0627\u0642\u0637-\u0627\u0644\u0634\u0639\u0631-2\u0639\u0646\u062f-\u0627\u0644\u0631\u062c\u0627\u0644-\u0627\u0646\u0628\u0627\u062a-\u0627\u0644\u0644\u062d\u064a\u0629-\u062a\u0643\u062b\u064a\u0641-\u0627\u0644\u0644\u062d\u064a\u0629-\u0641\u064a\u062a\u0627\u0645\u064a\u0646\u0627\u062a-\u0644\u062a\u0633\u0627\u0642\u0637-1024x652.webp\" alt=\"\u062a\u0633\u0627\u0642\u0637 \u0627\u0644\u0634\u0639\u0631\" width=\"800\" height=\"509\" \/><\/p>\n<p class=\"p1\"><span style=\"color: #000000;\">D\u00e9sormais un compl\u00e9ment alimentaire simple d&rsquo;utilisation et garanti<\/span><\/p>\n<p class=\"p1\"><span style=\"color: #000000;\">Un soin efficace pour les pointes fourchues, la perte de cheveux et les probl\u00e8mes de barbe<\/span><\/p>\n<p class=\"p1\"><span style=\"color: #000000;\">Travaille de mani\u00e8re efficace et interne<\/span><\/p>\n<p class=\"p1\"><span style=\"color: #000000;\">Sans produit chimique sans aucun dommage collat\u00e9ral<\/span><\/p>\n<p class=\"p1\"><span style=\"font-size: 14pt;\"><strong><span style=\"color: #008000;\">Renforce les cheveux et la barbe en m\u00eame temps naturellement<\/span><\/strong><\/span><\/p>\n<p><img decoding=\"async\" class=\"alignnone\" src=\"https:\/\/ma.santemagasin.com\/fr\/wp-content\/uploads\/2022\/01\/iron-hair-sante-magasin-\u062a\u0633\u0627\u0642\u0637-\u0627\u0644\u0634\u0639\u0631-\u0639\u0644\u0627\u062c-\u062a\u0633\u0627\u0642\u0637-\u0627\u0644\u0634\u0639\u0631-\u0639\u0644\u0627\u062c\u0627\u062a-\u062a\u0633\u0627\u0642\u0637-\u0627\u0644\u0634\u0639\u0631-\u0639\u0646\u062f-\u0627\u0644\u0631\u062c\u0627\u0644-\u0627\u0646\u0628\u0627\u062a-\u0627\u0644\u0644\u062d\u064a\u0629-\u062a\u0643\u062b\u064a\u0641-\u0627\u0644\u0644\u062d\u064a\u0629-\u0641\u064a\u062a\u0627\u0645\u064a\u0646\u0627\u062a-\u0644\u062a\u0633\u0627\u0642\u0637-1024x778.webp\" alt=\"\u0627\u0644\u0634\u0639\u0631\" width=\"800\" height=\"608\" \/><\/p>\n<p class=\"p1\"><span style=\"color: #000000;\">IRON Hair est Un compl\u00e9ment alimentaire con\u00e7u pour \u00e9liminer les probl\u00e8mes de cheveux et de barbe<\/span><\/p>\n<p class=\"p1\"><span style=\"color: #000000;\">soin des racines et r\u00e9g\u00e9n\u00e9ration des cheveux<\/span><\/p>\n<p class=\"p1\"><span style=\"color: #000000;\">Renforcer les poils de la barbe<\/span><\/p>\n<p class=\"p1\"><span style=\"color: #000000;\">Construire les cheveux et renforcer la barbe<\/span><\/p>\n<p class=\"p1\"><span style=\"color: #000000;\">Tonique capillaire naturel<\/span><\/p>\n<p class=\"p1\"><span style=\"color: #000000;\">Il aide \u00e9galement \u00e0 nettoyer la peau<\/span><\/p>\n<p class=\"p1\"><span style=\"font-size: 14pt;\"><strong><span style=\"color: #008000;\">Pourquoi IRON HAIR et pas un autre produit ?!<\/span><\/strong><\/span><\/p>\n<p class=\"p1\"><strong><span style=\"color: #008000;\">Ce n&rsquo;est pas un soin externe non s\u00e9curis\u00e9, nous r\u00e9solvons le probl\u00e8me \u00e0 sa source<\/span><\/strong><\/p>\n<p><img loading=\"lazy\" decoding=\"async\" class=\"alignnone\" src=\"https:\/\/ma.santemagasin.com\/fr\/wp-content\/uploads\/2022\/01\/iron-hair-sante-magasin-\u062a\u0633\u0627\u0642\u0637-\u0627\u0644\u0634\u0639\u0631-\u0639\u0644\u0627\u062c-\u062a\u0633\u0627\u0642\u0637-\u0627\u0644\u0634\u0639\u0631-\u0639\u0644\u0627\u062c\u0627\u062a-\u062a\u0633\u0627\u0642\u0637-\u0627\u0644\u0634\u0639\u0631-\u0639\u0646\u062f-\u0627\u0644\u0631\u062c\u0627\u0644-\u0627\u0646\u0628\u0627\u062a-\u0627\u0644\u0644\u062d\u064a\u0629-\u062a\u0643\u062b\u064a\u0641-\u0627\u0644\u0644\u062d\u064a\u0629-\u0641\u064a\u062a\u0627\u0645\u064a\u0646\u0627\u062a-\u0644\u062a\u0633\u0627\u0642\u0637-4-1024x425.webp\" alt=\"\u0627\u0644\u0634\u0639\u0631\" width=\"800\" height=\"332\" \/><\/p>\n<p class=\"p1\"><span style=\"color: #000000;\">IRON Hair Facile \u00e0 utiliser seulement deux comprim\u00e9s par jour<\/span><\/p>\n<p class=\"p1\"><span style=\"color: #000000;\">Mani\u00e8re garantie d&rsquo;augmenter les poils de la barbe<\/span><\/p>\n<p class=\"p1\"><span style=\"color: #000000;\">Stimuler la croissance des poils de barbe<\/span><\/p>\n<p class=\"p1\"><span style=\"color: #000000;\">Un soin<span class=\"Apple-converted-space\">\u00a0 <\/span>s\u00fbr et efficace avec des ingr\u00e9dients naturels<\/span><\/p>\n<p class=\"p1\"><span style=\"color: #000000;\">Il n&rsquo;a pas de mauvaise odeur comme les huiles ou les cr\u00e8mes<\/span><\/p>\n<p class=\"p1\"><span style=\"font-size: 14pt;\"><strong><span style=\"color: #008000;\">Le secret des cheveux forts et de la barbe \u00e9l\u00e9gante<\/span><\/strong><\/span><\/p>\n<p><img loading=\"lazy\" decoding=\"async\" class=\"alignnone wp-image-55698\" src=\"https:\/\/ma.santemagasin.com\/fr\/wp-content\/uploads\/2022\/01\/IRON-5.webp\" alt=\"\u062a\u0633\u0627\u0642\u0637 \u0627\u0644\u0634\u0639\u0631\" width=\"768\" height=\"427\" srcset=\"https:\/\/ma.santemagasin.com\/fr\/wp-content\/uploads\/2022\/01\/IRON-5.webp 1831w, https:\/\/ma.santemagasin.com\/fr\/wp-content\/uploads\/2022\/01\/IRON-5-600x333.webp 600w, https:\/\/ma.santemagasin.com\/fr\/wp-content\/uploads\/2022\/01\/IRON-5-300x167.webp 300w, https:\/\/ma.santemagasin.com\/fr\/wp-content\/uploads\/2022\/01\/IRON-5-1024x569.webp 1024w, https:\/\/ma.santemagasin.com\/fr\/wp-content\/uploads\/2022\/01\/IRON-5-768x427.webp 768w, https:\/\/ma.santemagasin.com\/fr\/wp-content\/uploads\/2022\/01\/IRON-5-1536x853.webp 1536w, https:\/\/ma.santemagasin.com\/fr\/wp-content\/uploads\/2022\/01\/IRON-5-750x417.webp 750w, https:\/\/ma.santemagasin.com\/fr\/wp-content\/uploads\/2022\/01\/IRON-5-1140x633.webp 1140w\" sizes=\"(max-width: 768px) 100vw, 768px\" \/><\/p>\n<p class=\"p1\"><span style=\"color: #000000;\">IRON Hair,Produit n\u00b0 01 dans le monde arabe<\/span><\/p>\n<p class=\"p1\"><span style=\"color: #000000;\">Formule unique et efficace pour r\u00e9soudre les probl\u00e8mes capillaires<\/span><\/p>\n<p class=\"p1\"><span style=\"color: #000000;\">Produit dans les meilleurs laboratoires avec des extraits naturels<\/span><\/p>\n<p class=\"p1\"><span style=\"color: #000000;\">Plus de 37 900 hommes satisfaits ont re\u00e7u le produit<\/span><\/p>\n<p class=\"p1\"><span style=\"color: #000000;\">Et la barbe dont il r\u00eave<\/span><\/p>\n<p class=\"p1\"><span style=\"font-size: 14pt;\"><strong><span style=\"color: #008000;\">Profitez des meilleurs produits capillaires naturels et obtenez les meilleurs r\u00e9sultats<\/span><\/strong><\/span><\/p>\n<p><img loading=\"lazy\" decoding=\"async\" class=\"alignnone wp-image-55699\" src=\"https:\/\/ma.santemagasin.com\/fr\/wp-content\/uploads\/2022\/01\/IRON-6.webp\" alt=\"\u062a\u0633\u0627\u0642\u0637 \u0627\u0644\u0634\u0639\u0631\" width=\"768\" height=\"427\" srcset=\"https:\/\/ma.santemagasin.com\/fr\/wp-content\/uploads\/2022\/01\/IRON-6.webp 1831w, https:\/\/ma.santemagasin.com\/fr\/wp-content\/uploads\/2022\/01\/IRON-6-600x333.webp 600w, https:\/\/ma.santemagasin.com\/fr\/wp-content\/uploads\/2022\/01\/IRON-6-300x167.webp 300w, https:\/\/ma.santemagasin.com\/fr\/wp-content\/uploads\/2022\/01\/IRON-6-1024x569.webp 1024w, https:\/\/ma.santemagasin.com\/fr\/wp-content\/uploads\/2022\/01\/IRON-6-768x427.webp 768w, https:\/\/ma.santemagasin.com\/fr\/wp-content\/uploads\/2022\/01\/IRON-6-1536x853.webp 1536w, https:\/\/ma.santemagasin.com\/fr\/wp-content\/uploads\/2022\/01\/IRON-6-750x417.webp 750w, https:\/\/ma.santemagasin.com\/fr\/wp-content\/uploads\/2022\/01\/IRON-6-1140x633.webp 1140w\" sizes=\"(max-width: 768px) 100vw, 768px\" \/><\/p>\n<p class=\"p1\"><span style=\"color: #000000;\">La premi\u00e8re \u00e9tape :<\/span><\/p>\n<p class=\"p1\"><span style=\"color: #000000;\"> Prendre deux capsules par jour pour de meilleurs r\u00e9sultats<\/span><\/p>\n<p class=\"p1\"><span style=\"color: #000000;\">Deuxi\u00e8me \u00e9tape :<\/span><\/p>\n<p class=\"p1\"><span style=\"color: #000000;\">Compl\u00e9ter la cure compl\u00e8te pour une gu\u00e9rison d\u00e9finitive et d\u00e9finitive<\/span><\/p>\n<p class=\"p1\"><span style=\"color: #000000;\">La troisi\u00e8me \u00e9tape :<\/span><\/p>\n<p class=\"p1\"><span style=\"color: #000000;\">Respectez les conseils et le r\u00e9gime recommand\u00e9s par notre service client<\/span><\/p>\n<p class=\"p1\"><span style=\"font-size: 14pt;\"><strong><span style=\"color: #008000;\">Qui est la soci\u00e9t\u00e9 de ce produit ??<\/span><\/strong><\/span><\/p>\n<p class=\"p1\"><span style=\"color: #000000;\">Sant\u00e9 Magasin est une soci\u00e9t\u00e9 marocaine de compl\u00e9ments nutritionnels naturels<\/span><\/p>\n<p class=\"p1\"><span style=\"color: #000000;\">Recommand\u00e9 par de nombreux m\u00e9decins et sp\u00e9cialistes<\/span><\/p>\n<p><img loading=\"lazy\" decoding=\"async\" class=\"alignnone wp-image-55675\" src=\"https:\/\/ma.santemagasin.com\/fr\/wp-content\/uploads\/2022\/01\/IRON-8-1.webp\" alt=\"\u0627\u0644\u0634\u0639\u0631\" width=\"768\" height=\"424\" srcset=\"https:\/\/ma.santemagasin.com\/fr\/wp-content\/uploads\/2022\/01\/IRON-8-1.webp 2000w, https:\/\/ma.santemagasin.com\/fr\/wp-content\/uploads\/2022\/01\/IRON-8-1-600x331.webp 600w, https:\/\/ma.santemagasin.com\/fr\/wp-content\/uploads\/2022\/01\/IRON-8-1-300x165.webp 300w, https:\/\/ma.santemagasin.com\/fr\/wp-content\/uploads\/2022\/01\/IRON-8-1-1024x565.webp 1024w, https:\/\/ma.santemagasin.com\/fr\/wp-content\/uploads\/2022\/01\/IRON-8-1-768x424.webp 768w, https:\/\/ma.santemagasin.com\/fr\/wp-content\/uploads\/2022\/01\/IRON-8-1-1536x847.webp 1536w, https:\/\/ma.santemagasin.com\/fr\/wp-content\/uploads\/2022\/01\/IRON-8-1-750x414.webp 750w, https:\/\/ma.santemagasin.com\/fr\/wp-content\/uploads\/2022\/01\/IRON-8-1-1140x629.webp 1140w\" sizes=\"(max-width: 768px) 100vw, 768px\" \/><\/p>\n<p class=\"p2\"><span style=\"color: #000000;\">Il garantit toujours que ses ingr\u00e9dients sont exempts d&rsquo;additifs et de produits chimiques et ne sont pas non plus g\u00e9n\u00e9tiquement modifi\u00e9s<\/span><\/p>\n<p class=\"p2\"><span style=\"color: #000000;\">Fiable et connu depuis plus de 5 ans<\/span><\/p>\n<p class=\"p2\"><span style=\"color: #000000;\">Toute une \u00e9quipe assure le suivi des soins des clients<\/span><\/p>\n<p class=\"p2\"><span style=\"color: #000000;\">Disponible pour les clients \u00e0 tout moment<\/span><\/p>\n<p class=\"p2\"><span style=\"color: #000000;\">Conseils et diagnostic de votre condition gratuitement<\/span><\/p>\n<p class=\"p2\"><span style=\"color: #000000;\">Nous veillons toujours \u00e0 la bonne sant\u00e9 de nos clients<\/span><\/p>\n<p class=\"p1\"><span style=\"font-size: 14pt;\"><strong><span style=\"color: #008000;\">R\u00e9sultats des utilisateurs de nos produits<\/span><\/strong><\/span><\/p>\n<p><span style=\"display: none;\"><br \/>\n\u0627\u0644\u0623\u0633\u0628\u0627\u0628 \u0627\u0644\u0628\u064a\u0626\u064a\u0629 \u0648\u0646\u0645\u0637 \u0627\u0644\u062d\u064a\u0627\u0629:<br \/>\n\u0627\u0644\u0625\u062c\u0647\u0627\u062f<br \/>\n\u0627\u0644\u062a\u063a\u0630\u064a\u0629 \u0627\u0644\u0634\u0639\u0631<br \/>\n\u0627\u0644\u062a\u062f\u062e\u064a\u0646 \u0648\u062a\u0633\u0627\u0642\u0637<br \/>\n\u0627\u0644\u062a\u0639\u0631\u0636 \u0644\u0644\u0645\u0648\u0627\u062f \u0627\u0644\u0643\u064a\u0645\u064a\u0627\u0626\u064a\u0629 \u0648\u0627\u0644\u0625\u0634\u0639\u0627\u0639<br \/>\n\u0639\u0627\u062f\u0627\u062a \u0627\u0644\u0634\u0639\u0631 \u0627\u0644\u0633\u064a\u0626\u0629<br \/>\n\u064a\u0645\u0643\u0646 \u0623\u0646 \u064a\u0633\u0627\u0647\u0645 \u0627\u0644\u0625\u062c\u0647\u0627\u062f<br \/>\n\u0623\u064a\u0636\u064b\u0627 \u0641\u064a \u0627\u0644\u0634\u0639\u0631 \u0639\u0646\u062f \u0627\u0644\u0631\u062c\u0627\u0644 \u0648<br \/>\n\u0627\u0646\u062e\u0641\u0627\u0636 \u0627\u0644\u062f\u0648\u0631\u0629 \u0627\u0644\u062f\u0645\u0648\u064a\u0629 \u0641\u064a \u0641\u0631\u0648\u0629 \u0627\u0644\u0631\u0623\u0633 \u060c<br \/>\n\u0645\u0645\u0627 \u0642\u062f \u064a\u0624\u062f\u064a \u0625\u0644\u0649 \u0627\u0646\u062e\u0641\u0627\u0636 \u0625\u0645\u062f\u0627\u062f \u0628\u0635\u064a\u0644\u0627\u062a \u0627\u0644\u0634\u0639\u0631 \u0628\u0627\u0644\u0645\u063a\u0630\u064a\u0627\u062a.\u0648<br \/>\n\u062a\u0644\u0639\u0628 \u0627\u0644\u062a\u063a\u0630\u064a\u0629 \u0623\u064a\u0636\u064b\u0627 \u062f\u0648\u0631\u064b\u0627 \u0645\u0647\u0645\u064b\u0627 \u0641\u064a \u0635\u062d\u0629 \u0627\u0644\u0634\u0639\u0631. \u064a\u0639\u062a\u0628\u0631 \u0627\u0644\u0631\u062c\u0627\u0644 \u0627\u0644\u0630\u064a\u0646<br \/>\n\u064a\u062a\u0628\u0639\u0648\u0646 \u0646\u0638\u0627\u0645\u064b\u0627 \u063a\u0630\u0627\u0626\u064a\u064b\u0627 \u0641\u0642\u064a\u0631\u064b\u0627 \u0628\u0627\u0644\u0639\u0646\u0627\u0635\u0631 \u0627\u0644\u063a\u0630\u0627\u0626\u064a\u0629 \u064a\u0645\u0643\u0646 \u0623\u0646 \u064a\u0635\u0627\u0628\u0648\u0627 \u0628\u0646\u0642\u0635 \u063a\u0630\u0627\u0626\u064a<br \/>\n\u0645\u0645\u0627 \u064a\u0624\u062f\u064a \u0625\u0644\u0649 \u062a\u0633\u0627\u0642\u0637 \u0627\u0644\u0634\u0639\u0631.<br \/>\n\u0644\u0627 \u0646\u0646\u0633\u0649 \u0623\u0646 \u0627\u0644\u062a\u062f\u062e\u064a\u0646 \u0648\u0627\u0644\u0645\u0648\u0627\u062f \u0627\u0644\u0643\u064a\u0645\u0627\u0648\u064a\u0629 \u0623\u064a\u0636\u064b\u0627 \u064a<br \/>\n\u0633\u0628\u0628\u0627\u0646 \u0641\u064a \u062a\u0644\u0641 \u0628\u0635\u064a\u0644\u0627\u062a \u0627\u0644\u0634\u0639\u0631 . \u0623\u062e\u064a\u0631\u064b\u0627 \u060c<br \/>\n\u0639\u0627\u062f\u0627\u062a \u0627\u0644\u0634\u0639\u0631 \u0627\u0644\u0633\u064a\u0626\u0629 \u060c<br \/>\n\u0645\u062b\u0644 \u0627\u0644\u062a\u0635\u0641\u064a\u0641 \u0627\u0644\u0645\u0641\u0631\u0637 \u060c<br \/>\n\u0627\u0644\u0641\u062d\u0635 \u0627\u0644\u0628\u062f\u0646\u064a \u0644\u0641\u0631\u0648\u0629 \u0627\u0644\u0631\u0623\u0633<br \/>\n\u0627\u062e\u062a\u0628\u0627\u0631\u0627\u062a \u0627\u0644\u062f\u0645 \u0644\u062a\u0642\u064a\u064a\u0645 \u0645\u0633\u062a\u0648\u064a\u0627\u062a \u0627\u0644\u0647\u0631\u0645\u0648\u0646<br \/>\n\u062a\u0642\u064a\u064a\u0645 \u0646\u0645\u0637 \u0627\u0644\u062d\u064a\u0627\u0629 \u0648\u0627\u0644\u062a\u063a\u0630\u064a\u0629<br \/>\n\u0648\u0627\u0644\u0627\u0647\u0645 \u0645\u0646 \u0630\u0644\u0643 \u0643\u0644\u0647 \u064a\u0628\u062f\u0623 \u062a\u0634\u062e\u064a\u0635 \u0627\u0644\u0634\u0639\u0631 \u0639\u0646\u062f \u0627\u0644\u0631\u062c\u0627\u0644<br \/>\n\u0639\u0627\u062f\u0629\u064b \u0628\u0627\u0644\u0641\u062d\u0635 \u0627\u0644\u0628\u062f\u0646\u064a \u0644\u0641\u0631\u0648\u0629 \u0627\u0644\u0631\u0623\u0633.<br \/>\n\u0623\u064a\u0636\u064b\u0627 \u0628\u0625\u062c\u0631\u0627\u0621 \u0641\u062d\u0648\u0635\u0627\u062a \u0627\u0644\u062f\u0645 \u0644\u062a\u0642\u064a\u064a\u0645 \u0645\u0633\u062a\u0648\u064a\u0627\u062a<br \/>\n\u0627\u0644\u0647\u0631\u0645\u0648\u0646 \u0648\u0627\u0644\u0628\u062d\u062b \u0639\u0646 \u0623\u0633\u0628\u0627\u0628 \u0623\u062e\u0631\u0649.<br \/>\n\u062a\u0633\u0628\u0628 \u0623\u064a\u0636\u064b\u0627 \u0627\u0644\u0634\u0639\u0631 \u0639\u0646\u062f \u0627\u0644\u0631\u062c\u0627\u0644.<\/span><\/p>\n","protected":false},"excerpt":{"rendered":"<h4><span style=\"color: #000000;\"><strong><span style=\"font-family: 'book antiqua', palatino, serif;\">Description :<\/span><\/strong><\/span><\/h4>\n<p class=\"p1\"><span style=\"color: #000000;\">IRON Hair est Un compl\u00e9ment alimentaire naturel pour renforcer les cheveux d\u00e8s la racine<\/span><\/p>\n<p class=\"p1\"><span style=\"color: #000000;\">Pour obtenir des cheveux plus \u00e9pais et une barbe plus forte avec une peau fra\u00eeche<\/span><\/p>\n<p class=\"p1\"><span style=\"color: #000000;\">Une solution aux probl\u00e8mes de barbe et de pilosit\u00e9 en interne et en permanence<\/span><\/p>\n<ul>\n<li class=\"p1\"><span style=\"color: #000000;\">Nombre de comprim\u00e9s : 60 g\u00e9lules<\/span><\/li>\n<li class=\"p1\"><span style=\"color: #000000;\">Poids de la g\u00e9lule : 300 mg<\/span><\/li>\n<li class=\"p1\"><span style=\"color: #000000;\">Date d&rsquo;expiration\u00a0: 2024 <\/span><\/li>\n<li class=\"p1\"><span style=\"color: #000000;\">Code produit : IH-44676<\/span><\/li>\n<li class=\"p1\"><span style=\"color: #000000;\">Agr\u00e9ment : Certifi\u00e9 par l&rsquo;Office National de la S\u00e9curit\u00e9 Sanitaire<\/span><\/li>\n<li class=\"p1\"><span style=\"color: #000000;\">Fabrication : Marocaine par un laboratoire contr\u00f4l\u00e9<\/span><\/li>\n<\/ul>\n<p style=\"text-align: center;\"><span style=\"font-family: 'book antiqua', palatino, serif; color: #000000;\">\u2b07\ufe0f\u2b07\ufe0f\u2b07\ufe0fD\u00e9couvrir la suite\u00a0 \u2b07\ufe0f\u2b07\ufe0f\u2b07\ufe0f<\/span><\/p>\n","protected":false},"featured_media":32055,"comment_status":"open","ping_status":"closed","template":"","meta":{"_glsr_average":0,"_glsr_ranking":0,"_glsr_reviews":0},"product_cat":[746,747],"product_tag":[],"class_list":{"0":"post-55903","1":"product","2":"type-product","3":"status-publish","4":"has-post-thumbnail","6":"product_cat-complements-alimentaires","7":"product_cat-soins-personnels","9":"first","10":"instock","11":"sold-individually","12":"shipping-taxable","13":"purchasable","14":"product-type-variable","15":"has-default-attributes"},"_links":{"self":[{"href":"https:\/\/ma.santemagasin.com\/fr\/wp-json\/wp\/v2\/product\/55903","targetHints":{"allow":["GET"]}}],"collection":[{"href":"https:\/\/ma.santemagasin.com\/fr\/wp-json\/wp\/v2\/product"}],"about":[{"href":"https:\/\/ma.santemagasin.com\/fr\/wp-json\/wp\/v2\/types\/product"}],"replies":[{"embeddable":true,"href":"https:\/\/ma.santemagasin.com\/fr\/wp-json\/wp\/v2\/comments?post=55903"}],"version-history":[{"count":4,"href":"https:\/\/ma.santemagasin.com\/fr\/wp-json\/wp\/v2\/product\/55903\/revisions"}],"predecessor-version":[{"id":56968,"href":"https:\/\/ma.santemagasin.com\/fr\/wp-json\/wp\/v2\/product\/55903\/revisions\/56968"}],"wp:featuredmedia":[{"embeddable":true,"href":"https:\/\/ma.santemagasin.com\/fr\/wp-json\/wp\/v2\/media\/32055"}],"wp:attachment":[{"href":"https:\/\/ma.santemagasin.com\/fr\/wp-json\/wp\/v2\/media?parent=55903"}],"wp:term":[{"taxonomy":"product_cat","embeddable":true,"href":"https:\/\/ma.santemagasin.com\/fr\/wp-json\/wp\/v2\/product_cat?post=55903"},{"taxonomy":"product_tag","embeddable":true,"href":"https:\/\/ma.santemagasin.com\/fr\/wp-json\/wp\/v2\/product_tag?post=55903"}],"curies":[{"name":"wp","href":"https:\/\/api.w.org\/{rel}","templated":true}]}}