{"id":55905,"date":"2023-06-22T17:32:58","date_gmt":"2023-06-22T16:32:58","guid":{"rendered":"https:\/\/ma.santemagasin.com\/fr\/?post_type=product&#038;p=55905"},"modified":"2025-01-28T13:42:35","modified_gmt":"2025-01-28T12:42:35","slug":"pack-propolis-et-gelee-royale","status":"publish","type":"product","link":"https:\/\/ma.santemagasin.com\/fr\/produit\/pack-propolis-et-gelee-royale\/","title":{"rendered":"pack propolis et gel\u00e9e royale\u00a0"},"content":{"rendered":"<p class=\"p1\"><span style=\"font-size: 14pt;\"><strong><span style=\"color: #008000;\">Pour un groupe d&rsquo;abeilles naturelles pour augmenter l&rsquo;immunit\u00e9 du corps, la pack propolis et gel\u00e9e royale\u00a0<\/span><\/strong><\/span><\/p>\n<p><img fetchpriority=\"high\" decoding=\"async\" class=\"alignnone\" src=\"https:\/\/ma.santemagasin.com\/fr\/wp-content\/uploads\/2022\/02\/propolise-gele\u0301e-royal-\u063a\u0630\u0627\u0621-\u0645\u0644\u0643\u0629-\u0628\u0631\u0648\u0628\u0648\u0644\u064a\u0633-\u0627\u0644\u0639\u0643\u0628\u06314-\u0641\u0648\u0627\u064a\u0654\u062f-\u0627\u0644\u0628\u0631\u0648\u0628\u0648\u0644\u064a\u0633-\u0627\u0644\u0646\u062d\u0644sante-Smagasin-comple\u0301ment-alimentaire-1024x444.webp\" alt=\"\u0648\u063a\u0630\u0627\u0621 \u0645\u0644\u0643\u0629 \u0627\u0644\u0646\u062d\u0644\" width=\"800\" height=\"347\" \/><\/p>\n<p class=\"p1\"><span style=\"color: #000000;\"><strong>Propolis:<\/strong><\/span><\/p>\n<p class=\"p1\"><span style=\"color: #000000;\">Une substance cireuse produite par les abeilles, \u00e0 partir de la s\u00e8ve et de la s\u00e8ve trouv\u00e9e sur les arbres \u00e0 feuilles en la combinant avec de la cire d&rsquo;abeille \u00e0 utiliser comme rev\u00eatement pour prot\u00e9ger sa ruche<\/span><\/p>\n<p class=\"p1\"><span style=\"color: #000000;\">La propolis est utilis\u00e9e depuis de nombreuses ann\u00e9es car elle poss\u00e8de de nombreux bienfaits pour la sant\u00e9 de l&rsquo;organisme<\/span><\/p>\n<p class=\"p1\"><span style=\"color: #000000;\"><strong>Gel\u00e9e royale :<\/strong><\/span><\/p>\n<p class=\"p1\"><span style=\"color: #000000;\"> Produite par les abeilles pour nourrir leur reine, la gel\u00e9\u00e9 royale<span class=\"Apple-converted-space\">\u00a0 <\/span>est une substance laiteuse produite par les abeilles ouvri\u00e8res dans la ruche. Il est uniquement destin\u00e9 \u00e0 la nourriture de la chenille s\u00e9lectionn\u00e9e pour devenir la future reine de la ruche.<\/span><\/p>\n<p class=\"p1\"><span style=\"color: #000000;\">La propolis et la gel\u00e9e royale aux extraits naturels renforcent l&rsquo;immunit\u00e9 du corps car elles contiennent de nombreuses vitamines provenant des bienfaits de la nature<\/span><\/p>\n<p class=\"p1\"><span style=\"color: #000000;\">Ils sont hautement contr\u00f4l\u00e9s en laboratoire et fournis en capsules v\u00e9g\u00e9tariennes et naturellement<\/span><\/p>\n<p class=\"p1\"><span style=\"font-size: 14pt;\"><strong><span style=\"color: #008000;\">La propolis est une solution naturelle \u00e0 de nombreux maux miraculeux<\/span><\/strong><\/span><\/p>\n<p><img decoding=\"async\" class=\"alignnone\" src=\"https:\/\/ma.santemagasin.com\/fr\/wp-content\/uploads\/2022\/02\/propolise-gele\u0301e-royal-\u063a\u0630\u0627\u0621-\u0645\u0644\u0643\u0629-\u0628\u0631\u0648\u0628\u0648\u0644\u064a\u0633-\u0627\u0644\u0639\u0643\u0628\u06314-\u0641\u0648\u0627\u064a\u0654\u062f-\u0627\u0644\u0628\u0631\u0648\u0628\u0648\u0644\u064a\u0633-\u0627\u0644\u0646\u062d\u0644sante-magasin-comple\u0301ment-alimentaire-1-1024x444.webp\" alt=\"\u0627\u0644\u0628\u0631\u0648\u0628\u0648\u0644\u064a\u0633 \u0648\u063a\u0630\u0627\u0621 \u0645\u0644\u0643\u0629 \u0627\u0644\u0646\u062d\u0644\" width=\"800\" height=\"347\" \/><\/p>\n<p class=\"p1\"><strong><span style=\"color: #3366ff;\">Bienfaits de la propolis<\/span><\/strong><\/p>\n<p class=\"p2\">Antiviraux et probl\u00e8mes de sant\u00e9<\/p>\n<p class=\"p2\">R\u00e9soudre les infections cutan\u00e9es caus\u00e9es par des br\u00fblures<\/p>\n<p class=\"p2\">Une solution naturelle pour l&rsquo;ost\u00e9oporose et le psoriasis<\/p>\n<p class=\"p2\">Protection contre les probl\u00e8mes de gencives et digestifs<\/p>\n<p class=\"p2\">R\u00e9sum\u00e9 La propolis est votre amie pour un corps sain<\/p>\n<p class=\"p1\"><span style=\"font-size: 14pt;\"><strong><span style=\"color: #008000;\">Une solution parfaite et naturelle pour un corps fort avec de la gel\u00e9e royale<\/span><\/strong><\/span><\/p>\n<p><img decoding=\"async\" class=\"alignnone\" src=\"https:\/\/ma.santemagasin.com\/fr\/wp-content\/uploads\/2022\/02\/propolise-gele\u0301e-royal-\u063a\u0630\u0627\u0621-\u0645\u0644\u0643\u0629-\u0628\u0631\u0648\u0628\u0648\u0644\u064a\u0633-\u0627\u0644\u0639\u0643\u0628\u0631-\u0641\u0648\u0627\u064a\u0654\u062f-\u0627\u0644\u0628\u0631\u0648\u0628\u0648\u0644\u064a\u0633-\u0627\u0644\u0646\u062d\u0644sante-magasin-comple\u0301ment-alimentaire3.webp\" alt=\"\u0645\u0644\u0643\u0629 \u0627\u0644\u0646\u062d\u0644\" width=\"2000\" height=\"1433\" \/><\/p>\n<p class=\"p1\"><strong><span style=\"color: #3366ff;\">Bienfaits de la nourriture pour reine des abeilles<\/span><\/strong><\/p>\n<p class=\"p1\">Renforcer l&rsquo;immunit\u00e9 du corps<\/p>\n<p class=\"p1\">R\u00e9duire la fatigue associ\u00e9e aux patients atteints de cancer<\/p>\n<p class=\"p1\">R\u00e9duire le taux de cholest\u00e9rol dans le sang<\/p>\n<p class=\"p1\">Aide \u00e0 r\u00e9guler le poids<\/p>\n<p class=\"p1\">Promouvoir la sant\u00e9 des femmes<\/p>\n<p class=\"p1\">De nombreux avantages pour les diab\u00e9tiques<\/p>\n<p class=\"p1\">Augmenter les chances de grossesse et de procr\u00e9er pour les femmes<\/p>\n<p class=\"p1\"><span style=\"font-size: 14pt;\"><strong><span style=\"color: #008000;\">Pourquoi la propolis et la gel\u00e9e royale de sante magasin et nulle part ailleurs<\/span><\/strong><\/span><\/p>\n<p><img loading=\"lazy\" decoding=\"async\" class=\"alignnone\" src=\"https:\/\/ma.santemagasin.com\/fr\/wp-content\/uploads\/2022\/02\/propolise-gele\u0301e-royal-\u063a\u0630\u0627\u0621-\u0645\u0644\u0643\u0629-\u0628\u0631\u0648\u0628\u0648\u0644\u064a\u0633-\u0627\u0644\u0639\u0643\u0628\u06314-\u0641\u0648\u0627\u064a\u0654\u062f-\u0627\u0644\u0628\u0631\u0648\u0628\u0648\u0644\u064a\u0633-\u0627\u0644\u0646\u062d\u0644sante-magasin-comple\u0301ment-alimentaire.webp\" alt=\"\u0627\u0644\u0628\u0631\u0648\u0628\u0648\u0644\u064a\u0633\" width=\"2000\" height=\"940\" \/><\/p>\n<p class=\"p1\">Propolis gel\u00e9e royale : extraite d&rsquo;un rucher loin des polluants<\/p>\n<p class=\"p1\">Observation dans des laboratoires de haut niveau sous la supervision de sp\u00e9cialistes<\/p>\n<p class=\"p1\">Nourriture pure et crue pour propolis et reine des abeilles sans aucun additif<\/p>\n<p class=\"p1\">Il a re\u00e7u des notes \u00e9lev\u00e9es de 159 000 clients et plus<\/p>\n<p class=\"p1\">Tout naturel et non modifi\u00e9 chimiquement<\/p>\n<p class=\"p1\"><span style=\"font-size: 14pt;\"><strong><span style=\"color: #008000;\">Restez en bonne sant\u00e9, fort et b\u00e9n\u00e9ficiez naturellement de la propolis et de la gel\u00e9e royale avec notre pack propolis et gel\u00e9e royale\u00a0<\/span><\/strong><\/span><\/p>\n<p><img loading=\"lazy\" decoding=\"async\" class=\"alignnone\" src=\"https:\/\/ma.santemagasin.com\/fr\/wp-content\/uploads\/2022\/02\/propolise-gele\u0301e-royal-\u063a\u0630\u0627\u0621-\u0645\u0644\u0643\u0629-\u0628\u0631\u0648\u0628\u0648\u0644\u064a\u0633-\u0627\u0644\u0639\u0643\u0628\u0631-\u0641\u0648\u0627\u064a\u0654\u062f-\u0627\u0644\u0628\u0631\u0648\u0628\u0648\u0644\u064a\u0633-\u0627\u0644\u0646\u062d\u0644sante-magasin-comple\u0301ment-alimentaire6.webp\" alt=\"\u0627\u0644\u0628\u0631\u0648\u0628\u0648\u0644\u064a\u0633 \u0648\u063a\u0630\u0627\u0621\" width=\"2000\" height=\"936\" \/><\/p>\n<p class=\"p1\"><strong>La premi\u00e8re \u00e9tape :<\/strong><\/p>\n<p class=\"p1\">Prenez quotidiennement une capsule de propolis et une autre de gel\u00e9e royale pour obtenir les meilleurs r\u00e9sultats<\/p>\n<p class=\"p1\"><strong>Deuxi\u00e8me \u00e9tape :<\/strong><\/p>\n<p class=\"p1\">Ach\u00e8vement du terme complet pour une solution d\u00e9finitive et d\u00e9finitive<\/p>\n<p class=\"p1\"><strong>La troisi\u00e8me \u00e9tape :<\/strong><\/p>\n<p class=\"p1\">Respectez les conseils et le r\u00e9gime recommand\u00e9s par notre service client<\/p>\n<p class=\"p1\"><span style=\"font-size: 14pt;\"><strong><span style=\"color: #008000;\">Une vari\u00e9t\u00e9 naturelle et puissante de Sant\u00e9 magasin (pack propolis et gel\u00e9e royale)<\/span><\/strong><\/span><\/p>\n<p><img loading=\"lazy\" decoding=\"async\" class=\"alignnone\" src=\"https:\/\/ma.santemagasin.com\/fr\/wp-content\/uploads\/2022\/02\/propolise-gele\u0301e-royal-\u063a\u0630\u06272\u0621-\u0645\u0644\u0643\u0629-\u0628\u0631\u0648\u0628\u0648\u0644\u064a\u0633-\u0627\u0644\u0639\u0643\u0628\u0631-\u0641\u0648\u0627\u064a\u0654\u062f-\u0627\u0644\u0628\u0631\u0648\u0628\u0648\u0644\u064a\u0633-\u0627\u0644\u0646\u062d\u0644sante-magasin-cofmple\u0301ment-alimentaire-1-1024x444.webp\" alt=\"\u063a\u0630\u0627\u0621 \u0645\u0644\u0643\u0629 \u0627\u0644\u0646\u062d\u0644\" width=\"800\" height=\"347\" \/><\/p>\n<p class=\"p1\">Soutenir l&rsquo;immunit\u00e9 et prot\u00e9ger le corps<\/p>\n<p class=\"p1\">Propolis et gel\u00e9e royale de haute qualit\u00e9<\/p>\n<p class=\"p1\">Observateur de l&rsquo;Office National de S\u00e9curit\u00e9 Sanitaire<\/p>\n<p class=\"p1\">Il contient \u00e9galement du pollen et de la vitamine C<\/p>\n<p class=\"p1\">Ensemble pour une bonne sant\u00e9<\/p>\n<p class=\"p1\"><strong><span style=\"color: #008000;\">De nombreux clients utilisent les produits sante magasin<\/span><\/strong><span style=\"display: none;\"><br \/>\n\u0643\u064a\u0641\u064a\u0629 \u062f\u0645\u062c \u0641\u064a \u0646\u0638\u0627\u0645\u0643 \u0627\u0644\u063a\u0630\u0627\u0626\u064a \u0644\u0644\u0627\u0633\u062a\u0641\u0627\u062f\u0629 \u0645\u0646 \u0641\u0648\u0627\u0626\u062f\u0647 \u0627\u0644\u0635\u062d\u064a\u0629 \u0641\u064a \u0627\u0644\u062c\u0647\u0627\u0632 \u0627\u0644\u0647\u0636\u0645\u064a:<br \/>\n\u0648\u064a\u0645\u0643\u0646 \u0625\u0633\u062a\u0647\u0644\u0627\u0643\u0647 \u0643\u0645\u0643\u0645\u0644 \u063a\u0630\u0627\u0626\u064a.<br \/>\n\u064a\u0645\u0643\u0646 \u0625\u0636\u0627\u0641\u062a\u0647 \u0625\u0644\u0649 \u0628\u0639\u0636 \u0627\u0644\u0623\u0637\u0639\u0645\u0629 \u0645\u062b\u0644 \u0627\u0644\u0639\u0633\u0644\u060c<br \/>\n\u0627\u0644\u0639\u0635\u0627\u0626\u0631 \u0648 \u0627\u0644\u0632\u0628\u0627\u062f\u064a. \u0648\u0645\u0646 \u0627\u0644\u0645\u0647\u0645<br \/>\n\u0627\u062d\u062a\u0631\u0627\u0645 \u0627\u0644\u062c\u0631\u0639\u0627\u062a \u0627\u0644\u0645\u0648\u0635\u0649 \u0628\u0647\u0627 \u0644\u062a\u062c\u0646\u0628 \u0623\u064a \u0622\u062b\u0627\u0631 \u0636\u0627\u0631\u0629.<br \/>\n\u064a\u0645\u0643\u0646 \u0623\u0646 \u064a\u0633\u0627\u0639\u062f \u0641\u064a \u0645\u0646\u0639 \u0642\u0631\u062d\u0629 \u0627\u0644\u0645\u0639\u062f\u0629<br \/>\n\u0642\u062f \u064a\u0643\u0648\u0646 \u0627\u0644\u0628\u0631\u0648\u0628\u0648\u0644\u064a\u0633 \u0645\u0641\u064a\u062f\u064b\u0627 \u0623\u064a\u0636\u064b\u0627 \u0644\u0644\u0648\u0642\u0627\u064a\u0629 \u0645\u0646<br \/>\n\u0642\u0631\u062d\u0629 \u0627\u0644\u0645\u0639\u062f\u0629. \u062a\u0646\u062c\u0645 \u0642\u0631\u062d\u0629 \u0627\u0644\u0645\u0639\u062f\u0629 \u0639\u0646 \u0639\u062f\u0648\u0649 \u0628<br \/>\n\u0643\u062a\u064a\u0631\u064a\u0629 \u062a\u0633\u0645\u0649 Helicobacter pylori \u060c \u0648<br \/>\n\u0627\u0644\u062a\u064a \u064a\u0645\u0643\u0646 \u0623\u0646 \u062a\u0633\u0628\u0628 \u0627\u0644\u062a\u0647\u0627\u0628\u064b\u0627 \u0648\u062a\u0647\u064a\u062c\u064b\u0627 \u0641\u064a \u0628\u0637\u0627\u0646\u0629 \u0627\u0644\u0645\u0639\u062f\u0629. \u064a\u062d\u062a\u0648\u064a<br \/>\n\u0639\u0644\u0649 \u062e\u0635\u0627\u0626\u0635 \u0645\u0636\u0627\u062f\u0629 \u0644\u0644\u0645\u064a\u0643\u0631\u0648\u0628\u0627\u062a \u0648\u064a\u0645\u0643\u0646 \u0623\u0646 \u064a\u0633\u0627\u0639\u062f \u0641\u064a \u0645\u062d\u0627\u0631\u0628\u0629 \u0647\u0630\u0647 \u0627\u0644\u0628\u0643\u062a\u064a\u0631\u064a\u0627 \u060c<br \/>\n\u0645\u0645\u0627 \u064a\u0633\u0627\u0639\u062f \u0639\u0644\u0649 \u0645\u0646\u0639 \u062a\u0642\u0631\u062d\u0627\u062a \u0627\u0644\u0645\u0639\u062f\u0629.<br \/>\n\u0642\u062f \u064a\u0633\u0627\u0639\u062f \u0627\u0644\u0628\u0631\u0648\u0628\u0648\u0644\u064a\u0633 \u0641\u064a \u062a\u0639\u0632\u064a\u0632 \u0635\u062d\u0629 \u0627\u0644\u0623\u0645\u0639\u0627\u0621 \u0645\u0646 \u062e\u0644\u0627\u0644 \u062a\u0639\u0632\u064a\u0632 \u0641\u0644\u0648\u0631\u0627 \u0627\u0644\u0623\u0645\u0639\u0627\u0621 \u0627\u0644\u0635\u062d\u064a\u0629<br \/>\n\u0627\u0644\u0628\u0631\u0648\u0628\u0648\u0644\u064a\u0633 \u0644\u0647 \u0623\u064a\u0636\u064b\u0627 \u0622\u062b\u0627\u0631 \u0645\u0641\u064a\u062f\u0629 \u0639\u0644\u0649 \u0627\u0644\u062c\u0631\u0627\u062b\u064a\u0645 \u0627\u0644\u0645\u0639\u0648\u064a\u0629.<br \/>\n\u0623\u0638\u0647\u0631\u062a \u0627\u0644\u062f\u0631\u0627\u0633\u0627\u062a \u0623\u0646 \u0627\u0644\u0628\u0631\u0648\u0628\u0648\u0644\u064a\u0633 \u064a\u0645\u0643\u0646 \u0623\u0646 \u064a\u0633\u0627\u0639\u062f \u0641\u064a \u062f\u0639\u0645 \u0641\u0644\u0648\u0631\u0627<br \/>\n\u0627\u0644\u0623\u0645\u0639\u0627\u0621 \u0627\u0644\u0635\u062d\u064a\u0629 \u0639\u0646 \u0637\u0631\u064a\u0642 \u062a\u062b\u0628\u064a\u0637 \u0646\u0645\u0648 \u0627\u0644\u0628\u0643\u062a\u064a\u0631\u064a\u0627 \u0627\u0644\u0645\u0633\u0628\u0628\u0629<br \/>\n\u0644\u0644\u0623\u0645\u0631\u0627\u0636 \u0645\u0639 \u062a\u0634\u062c\u064a\u0639 \u0646\u0645\u0648 \u0627\u0644\u0628\u0643\u062a\u064a\u0631\u064a\u0627 \u0627\u0644\u0645\u0641\u064a\u062f\u0629. \u0645\u0646 \u062e\u0644\u0627\u0644<br \/>\n\u062f\u0639\u0645 \u0646\u0628\u0627\u062a\u0627\u062a \u0627\u0644\u0623\u0645\u0639\u0627\u0621 \u0627\u0644\u0635\u062d\u064a\u0629 \u060c \u064a\u0645\u0643\u0646 \u0623\u0646 \u064a\u0633\u0627\u0639\u062f \u0627\u0644\u0628\u0631\u0648\u0628\u0648\u0644\u064a\u0633<br \/>\n\u0641\u064a \u0627\u0644\u062d\u0641\u0627\u0638 \u0639\u0644\u0649 \u0635\u062d\u0629 \u0627\u0644\u062c\u0647\u0627\u0632 \u0627\u0644\u0647\u0636\u0645\u064a \u0648\u0627\u0644\u0648\u0642\u0627\u064a\u0629 \u0645\u0646<br \/>\n\u0645\u0634\u0627\u0643\u0644 \u0627\u0644\u062c\u0647\u0627\u0632 \u0627\u0644\u0647\u0636\u0645\u064a.<\/span><\/p>\n","protected":false},"excerpt":{"rendered":"<h4><span style=\"color: #000000;\"><strong><span style=\"font-family: 'book antiqua', palatino, serif;\">Description :<\/span><\/strong><\/span><\/h4>\n<p class=\"p1\"><span style=\"color: #000000;\">pack propolis et gel\u00e9e royale, Un Pack naturel de deux compl\u00e9ments naturels pour renforcer l&rsquo;immunit\u00e9 du corps<\/span><\/p>\n<p class=\"p1\"><span style=\"color: #000000;\">Propolis &#8211; antivirale et protection contre le cancer et les maladies chroniques<\/span><\/p>\n<p class=\"p1\"><span style=\"color: #000000;\">Gel\u00e9e royale &#8211; r\u00e9duit la fatigue, abaisse le taux de cholest\u00e9rol sanguin<\/span><\/p>\n<p class=\"p1\"><span style=\"color: #000000;\">Ils aident \u00e0 r\u00e9guler le poids et \u00e0 renforcer l&rsquo;immunit\u00e9<\/span><\/p>\n<p class=\"p1\"><span style=\"color: #000000;\">Nombre de pilules : 60 g\u00e9lules par produit<\/span><\/p>\n<ul>\n<li class=\"p1\"><span style=\"color: #000000;\">Poids de la g\u00e9lule : 300 mg par produit<\/span><\/li>\n<li class=\"p1\"><span style=\"color: #000000;\">Date d&rsquo;expiration\u00a0: 2024<\/span><\/li>\n<li class=\"p1\"><span style=\"color: #000000;\">Code produit : GGP-45455<\/span><\/li>\n<li class=\"p1\"><span style=\"color: #000000;\">Agr\u00e9ment : Certifi\u00e9 par l&rsquo;Office National de la S\u00e9curit\u00e9 Sanitaire<\/span><\/li>\n<li class=\"p1\"><span style=\"color: #000000;\">Fabrication: Marocaine par un laboratoire contr\u00f4l\u00e9<\/span><\/li>\n<\/ul>\n<p style=\"text-align: center;\"><span style=\"font-family: 'book antiqua', palatino, serif; color: #000000;\">\u2b07\ufe0f\u2b07\ufe0f\u2b07\ufe0fD\u00e9couvrir la suite\u00a0 \u2b07\ufe0f\u2b07\ufe0f\u2b07\ufe0f<\/span><\/p>\n","protected":false},"featured_media":32084,"comment_status":"open","ping_status":"closed","template":"","meta":{"_glsr_average":0,"_glsr_ranking":0,"_glsr_reviews":0},"product_cat":[746,750],"product_tag":[],"class_list":{"0":"post-55905","1":"product","2":"type-product","3":"status-publish","4":"has-post-thumbnail","6":"product_cat-complements-alimentaires","7":"product_cat-produits-apicoles","9":"first","10":"instock","11":"shipping-taxable","12":"purchasable","13":"product-type-variable","14":"has-default-attributes"},"_links":{"self":[{"href":"https:\/\/ma.santemagasin.com\/fr\/wp-json\/wp\/v2\/product\/55905","targetHints":{"allow":["GET"]}}],"collection":[{"href":"https:\/\/ma.santemagasin.com\/fr\/wp-json\/wp\/v2\/product"}],"about":[{"href":"https:\/\/ma.santemagasin.com\/fr\/wp-json\/wp\/v2\/types\/product"}],"replies":[{"embeddable":true,"href":"https:\/\/ma.santemagasin.com\/fr\/wp-json\/wp\/v2\/comments?post=55905"}],"version-history":[{"count":2,"href":"https:\/\/ma.santemagasin.com\/fr\/wp-json\/wp\/v2\/product\/55905\/revisions"}],"predecessor-version":[{"id":56975,"href":"https:\/\/ma.santemagasin.com\/fr\/wp-json\/wp\/v2\/product\/55905\/revisions\/56975"}],"wp:featuredmedia":[{"embeddable":true,"href":"https:\/\/ma.santemagasin.com\/fr\/wp-json\/wp\/v2\/media\/32084"}],"wp:attachment":[{"href":"https:\/\/ma.santemagasin.com\/fr\/wp-json\/wp\/v2\/media?parent=55905"}],"wp:term":[{"taxonomy":"product_cat","embeddable":true,"href":"https:\/\/ma.santemagasin.com\/fr\/wp-json\/wp\/v2\/product_cat?post=55905"},{"taxonomy":"product_tag","embeddable":true,"href":"https:\/\/ma.santemagasin.com\/fr\/wp-json\/wp\/v2\/product_tag?post=55905"}],"curies":[{"name":"wp","href":"https:\/\/api.w.org\/{rel}","templated":true}]}}