{"id":55906,"date":"2023-06-22T17:32:58","date_gmt":"2023-06-22T16:32:58","guid":{"rendered":"https:\/\/ma.santemagasin.com\/fr\/?post_type=product&#038;p=55906"},"modified":"2025-01-28T13:43:37","modified_gmt":"2025-01-28T12:43:37","slug":"moringa-bio-naturel-complement","status":"publish","type":"product","link":"https:\/\/ma.santemagasin.com\/fr\/produit\/moringa-bio-naturel-complement\/","title":{"rendered":"Moringa"},"content":{"rendered":"<p class=\"p1\"><span style=\"font-size: 14pt; color: #008000;\"><b>Pr\u00e9servons l&rsquo;avenir de notre corps avec les bienfaits naturels du Moringa<\/b><\/span><\/p>\n<p><img fetchpriority=\"high\" decoding=\"async\" class=\"alignnone\" src=\"https:\/\/ma.santemagasin.com\/fr\/wp-content\/uploads\/2022\/07\/moringa-\u0627\u0644\u0645\u0648\u0631\u064a\u0646\u062c\u0627-\u0645\u0648\u0631\u064a\u0646\u062c\u0627-\u0641\u0648\u0627\u064a\u0654\u062f-\u0627\u0644\u0645\u0648\u0631\u064a\u0646\u062c\u0627-\u0639\u0634\u0628\u0629-\u0627\u0644\u0645\u0648\u0631\u064a\u0646\u062c\u0627-\u0641\u0648\u0627\u0621\u062f-\u0627\u0644\u0645\u0648\u0631\u064a\u0646\u062c\u0627-\u0634\u062c\u0631\u0629-\u0627\u0644\u0645\u0648\u0631\u064a\u0646\u062c\u0627-moringa-maroc-moringa-prix-maroc-1-1024x684.webp\" alt=\"\u0641\u0648\u0627\u0626\u062f \u0627\u0644\u0645\u0648\u0631\u064a\u0646\u063a\u0627 \u0627\u0644\u0637\u0628\u064a\u0639\u064a\u0629\" width=\"768\" height=\"513\" \/><\/p>\n<p class=\"p1\"><b>Les bienfaits naturels du Moringa sont divers<\/b><\/p>\n<p class=\"p1\"><b>Le Moringa est un compl\u00e9ment alimentaire qui fait baisser le taux de sucre dans le sang<\/b><\/p>\n<p class=\"p1\"><b>Excellente source de vitamine B6, vitamine C, vitamine A, magn\u00e9sium et fer<\/b><\/p>\n<p class=\"p1\"><b>Le moringa favorise la sant\u00e9 de la prostate<\/b><\/p>\n<p class=\"p1\"><b>Un compl\u00e9ment alimentaire connu depuis l&rsquo;Antiquit\u00e9 pour r\u00e9soudre les probl\u00e8mes capillaires, digestifs et autres<\/b><\/p>\n<p class=\"p1\"><span style=\"color: #008000; font-size: 14pt;\"><b>De nombreux avantages naturels du Moringa de Sant\u00e9 Magasin<\/b><\/span><\/p>\n<p><img decoding=\"async\" class=\"alignnone wp-image-55678\" src=\"https:\/\/ma.santemagasin.com\/fr\/wp-content\/uploads\/2022\/07\/MORINGA-2-1.webp\" alt=\"\u0627\u0644\u0645\u0648\u0631\u064a\u0646\u063a\u0627 \u0627\u0644\u0637\u0628\u064a\u0639\u064a\u0629\" width=\"768\" height=\"513\" srcset=\"https:\/\/ma.santemagasin.com\/fr\/wp-content\/uploads\/2022\/07\/MORINGA-2-1.webp 2000w, https:\/\/ma.santemagasin.com\/fr\/wp-content\/uploads\/2022\/07\/MORINGA-2-1-600x401.webp 600w, https:\/\/ma.santemagasin.com\/fr\/wp-content\/uploads\/2022\/07\/MORINGA-2-1-300x200.webp 300w, https:\/\/ma.santemagasin.com\/fr\/wp-content\/uploads\/2022\/07\/MORINGA-2-1-1024x684.webp 1024w, https:\/\/ma.santemagasin.com\/fr\/wp-content\/uploads\/2022\/07\/MORINGA-2-1-768x513.webp 768w, https:\/\/ma.santemagasin.com\/fr\/wp-content\/uploads\/2022\/07\/MORINGA-2-1-1536x1025.webp 1536w, https:\/\/ma.santemagasin.com\/fr\/wp-content\/uploads\/2022\/07\/MORINGA-2-1-750x501.webp 750w, https:\/\/ma.santemagasin.com\/fr\/wp-content\/uploads\/2022\/07\/MORINGA-2-1-1140x761.webp 1140w\" sizes=\"(max-width: 768px) 100vw, 768px\" \/><\/p>\n<p class=\"p1\"><b>Le moringa am\u00e9liore le contr\u00f4le de la glyc\u00e9mie<\/b><\/p>\n<p class=\"p1\"><b>Combattre de nombreux troubles c\u00e9r\u00e9braux tels que la d\u00e9mence et la perte de m\u00e9moire<\/b><\/p>\n<p class=\"p1\"><b>Favorise la perte de poids et r\u00e9duit les sympt\u00f4mes du diab\u00e8te<\/b><\/p>\n<p class=\"p1\"><b>R\u00e9duire le cholest\u00e9rol nocif dans le sang<\/b><\/p>\n<p class=\"p1\"><b> L&rsquo;un des avantages naturels du Moringa est la d\u00e9toxification du foie<\/b><\/p>\n<p class=\"p1\"><b>Ils aident \u00e0 abaisser la tension art\u00e9rielle en augmentant la quantit\u00e9 de sang pomp\u00e9e<\/b><\/p>\n<p class=\"p1\"><b>Pr\u00e9venir les infections articulaires et favoriser leur sant\u00e9<\/b><\/p>\n<p class=\"p1\"><span style=\"color: #008000; font-size: 14pt;\"><b>Qu&rsquo;est-ce qui distingue le moringa de Sante Magasin des autres ?<\/b><\/span><\/p>\n<p><img decoding=\"async\" class=\"alignnone\" src=\"https:\/\/ma.santemagasin.com\/fr\/wp-content\/uploads\/2022\/07\/moringa-\u0627\u0644\u0645\u0648\u0631\u064a\u0646\u062c\u0627-\u0645\u0648\u0631\u064a\u0646\u062c\u0627-\u0641\u0648\u0627\u064a\u0654\u062f-\u0627\u0644\u0645\u0648\u0631\u064a\u0646\u062c\u0627-\u0639\u0634\u0628\u0629-\u0627\u0644\u0645\u0648\u0631\u064a\u0646\u062c\u0627-\u0641\u0648\u0627\u0621\u062f-\u0627\u0644\u0645\u0648\u0631\u064a\u0646\u062c\u0627-\u0634\u062c\u0631\u0629-\u0627\u0644\u0645\u0648\u0631\u064a\u0646\u062c\u0627-moringa-maroc-moringa-prix-maroc-3-1-1024x684.webp\" alt=\"\u0627\u0627\u0644\u0637\u0628\u064a\u0639\u064a\u0629\" width=\"768\" height=\"513\" \/><\/p>\n<p class=\"p1\"><b>Moringa pur et original<\/b><\/p>\n<p class=\"p1\"><b>Capsules v\u00e9g\u00e9tariennes, pas de comprim\u00e9s nocifs<\/b><\/p>\n<p class=\"p1\"><b>Non expos\u00e9 \u00e0 haute temp\u00e9rature<\/b><\/p>\n<p class=\"p1\"><b>Production dans des laboratoires de haut niveau sous la tutelle de l&rsquo;Office National de S\u00e9curit\u00e9 Sanitaire<\/b><\/p>\n<p class=\"p1\"><span style=\"color: #008000; font-size: 14pt;\"><b>Le Moringa est l&rsquo;arbre miracle et un pilier de la sant\u00e9<\/b><\/span><\/p>\n<p><img loading=\"lazy\" decoding=\"async\" class=\"alignnone\" src=\"https:\/\/ma.santemagasin.com\/fr\/wp-content\/uploads\/2022\/07\/moringa-\u0627\u0644\u0645\u0648\u0631\u064a\u0646\u062c\u0627-\u0645\u0648\u0631\u064a\u0646\u062c\u0627-\u0641\u0648\u0627\u064a\u0654\u062f-\u0627\u0644\u0645\u0648\u0631\u064a\u0646\u062c\u0627-\u0639\u0634\u0628\u0629-\u0627\u0644\u0645\u0648\u0631\u064a\u0646\u062c\u0627-\u0641\u0648\u0627\u0621\u062f-\u0627\u0644\u0645\u0648\u0631\u064a\u0646\u062c\u0627-\u0634\u062c\u0631\u0629-\u0627\u0644\u0645\u0648\u0631\u064a\u0646\u062c\u0627-moringa-maroc-moringa-prix-maroc5-1-1024x684.webp\" alt=\"\u0627\u0644\u0645\u0648\u0631\u064a\u0646\u063a\u0627 \u0627\u0644\u0637\u0628\u064a\u0639\u064a\u0629\" width=\"768\" height=\"513\" \/><\/p>\n<p class=\"p1\"><b>Le moringa est important pour les enfants qui souffrent de malnutrition<\/b><\/p>\n<p class=\"p1\"><b>Il est utilis\u00e9 par les femmes enceintes et allaitantes pour construire le corps<\/b><\/p>\n<p class=\"p1\"><b>Se d\u00e9barrasser des troubles du sommeil et de l&rsquo;insomnie<\/b><\/p>\n<p class=\"p1\"><b>L&rsquo;un des avantages du moringa naturel est efficace pour les patients diab\u00e9tiques et hypertendus<\/b><\/p>\n<p class=\"p1\"><b>Fournit au corps du fer et des min\u00e9raux<\/b><\/p>\n<p class=\"p1\"><span style=\"color: #008000; font-size: 14pt;\"><b>Ingr\u00e9dients actifs du Moringa<\/b><\/span><\/p>\n<p><img loading=\"lazy\" decoding=\"async\" class=\"alignnone\" src=\"https:\/\/ma.santemagasin.com\/fr\/wp-content\/uploads\/2022\/07\/moringa-\u0627\u0644\u0645\u0648\u0631\u064a\u0646\u062c\u0627-\u0645\u0648\u0631\u064a\u0646\u062c\u0627-\u0641\u0648\u0627\u064a\u0654\u062f-\u0627\u0644\u0645\u0648\u0631\u064a\u0646\u062c\u0627-\u0639\u0634\u0628\u0629-\u0627\u0644\u0645\u0648\u0631\u064a\u0646\u062c\u0627-\u0641\u0648\u0627\u0621\u062f-\u0627\u0644\u0645\u0648\u0631\u064a\u0646\u062c\u0627-\u0634\u062c\u0631\u0629-\u0627\u0644\u0645\u0648\u0631\u064a\u0646\u062c\u0627-moringa-maroc-moringa-prix-maroc-4-1024x684.webp\" alt=\"\u0641\u0648\u0627\u0626\u062f \u0627\u0644\u0645\u0648\u0631\u064a\u0646\u063a\u0627 \u0627\u0644\u0637\u0628\u064a\u0639\u064a\u0629\" width=\"768\" height=\"513\" \/><\/p>\n<p class=\"p1\"><b>Le Moringa contient des vitamines B3, B2, B5, B1 et de la vitamine A<\/b><\/p>\n<p class=\"p1\"><b>Zinc, cuivre, fer, s\u00e9l\u00e9nium<\/b><\/p>\n<p class=\"p1\"><b>Calcium, magn\u00e9sium, sodium, phosphore<\/b><\/p>\n<p class=\"p1\"><b>Prot\u00e9ines et fibres<\/b><\/p>\n<p class=\"p1\"><b>Tout en un produit<\/b><\/p>\n<p class=\"p1\"><span style=\"color: #008000; font-size: 14pt;\"><b>Profitez du Moringa naturel et obtenez les meilleurs r\u00e9sultats<\/b><\/span><\/p>\n<p class=\"p1\"><b>La premi\u00e8re \u00e9tape :<\/b><\/p>\n<p class=\"p1\"><b>Prendre 2 capsules par jour pour de meilleurs r\u00e9sultats<\/b><\/p>\n<p class=\"p1\"><b>Deuxi\u00e8me \u00e9tape :<\/b><\/p>\n<p class=\"p1\"><b>Ach\u00e8vement du terme complet pour une solution d\u00e9finitive<\/b><\/p>\n<p class=\"p1\"><b>La troisi\u00e8me \u00e9tape :<\/b><\/p>\n<p class=\"p1\"><b>Respectez les conseils et le r\u00e9gime recommand\u00e9s par notre service client<\/b><\/p>\n<p class=\"p1\"><span style=\"color: #008000; font-size: 14pt;\"><b>Qui est la soci\u00e9t\u00e9 sante magasin\u00a0?<\/b><\/span><\/p>\n<p class=\"p1\"><span style=\"color: #008000; font-size: 14pt;\"><b>Sant\u00e9 Magasin est une soci\u00e9t\u00e9 marocaine de compl\u00e9ments nutritionnels naturels<\/b><\/span><\/p>\n<p><img loading=\"lazy\" decoding=\"async\" class=\"alignnone wp-image-55693\" src=\"https:\/\/ma.santemagasin.com\/fr\/wp-content\/uploads\/2022\/07\/moringa-7.webp\" alt=\"\" width=\"768\" height=\"513\" srcset=\"https:\/\/ma.santemagasin.com\/fr\/wp-content\/uploads\/2022\/07\/moringa-7.webp 2000w, https:\/\/ma.santemagasin.com\/fr\/wp-content\/uploads\/2022\/07\/moringa-7-600x401.webp 600w, https:\/\/ma.santemagasin.com\/fr\/wp-content\/uploads\/2022\/07\/moringa-7-300x200.webp 300w, https:\/\/ma.santemagasin.com\/fr\/wp-content\/uploads\/2022\/07\/moringa-7-1024x684.webp 1024w, https:\/\/ma.santemagasin.com\/fr\/wp-content\/uploads\/2022\/07\/moringa-7-768x513.webp 768w, https:\/\/ma.santemagasin.com\/fr\/wp-content\/uploads\/2022\/07\/moringa-7-1536x1025.webp 1536w, https:\/\/ma.santemagasin.com\/fr\/wp-content\/uploads\/2022\/07\/moringa-7-750x501.webp 750w, https:\/\/ma.santemagasin.com\/fr\/wp-content\/uploads\/2022\/07\/moringa-7-1140x761.webp 1140w\" sizes=\"(max-width: 768px) 100vw, 768px\" \/><\/p>\n<p class=\"p1\"><b>Il garantit toujours que ses ingr\u00e9dients sont exempts d&rsquo;additifs et de produits chimiques<\/b><\/p>\n<p class=\"p1\"><b>Toute une \u00e9quipe assure le suivi des soins des clients<\/b><\/p>\n<p class=\"p1\"><b>Disponible pour les clients \u00e0 tout moment<\/b><\/p>\n<p class=\"p1\"><b>Donner des trucs et conseils<\/b><\/p>\n<p class=\"p1\"><span style=\"color: #008000; font-size: 14pt;\"><b>De nombreux clients utilisent les produits sante magasin<\/b><\/span><\/p>\n<p><span style=\"display: none;\"><br \/>\n\u0628\u064a\u0646\u0645\u0627 \u0627\u0644\u0645\u0648\u0631\u064a\u0646\u062c\u0627 \u0646\u0628\u0627\u062a \u0623\u0635\u0644\u064a \u0641\u064a \u0627\u0644\u0647\u0646\u062f \u0648\u0627\u0644\u0630\u064a<br \/>\n\u0645\u0646 \u0646\u0627\u062d\u064a\u0629 \u0623\u062e\u0631\u0649 \u064a\u064f\u0639\u0631\u0641 \u0623\u064a\u0636\u064b\u0627 \u0628\u0627\u0633\u0645 \u0634\u062c\u0631\u0629 \u0627\u0644\u062d\u064a\u0627\u0629 \u0646\u0638\u0631\u064b\u0627<br \/>\n\u0644\u062e\u0635\u0627\u0626\u0635\u0647 \u0627\u0644\u0639\u0644\u0627\u062c\u064a\u0629. \u062a\u0645 \u0627\u0633\u062a\u062e\u062f\u0627\u0645 \u0647\u0630\u0627 \u0627\u0644\u0646\u0628\u0627\u062a \u0644<br \/>\n\u0639\u062f\u0629 \u0642\u0631\u0648\u0646 \u0641\u064a \u0627\u0644\u0637\u0628 \u0627\u0644\u062a\u0642\u0644\u064a\u062f\u064a \u0644\u0639\u0644\u0627\u062c \u0627\u0644\u0623\u0645\u0631\u0627\u0636 \u0627\u0644\u0645\u062e\u062a\u0644\u0641\u0629.<br \/>\n\u0643\u0645\u0627 \u0623\u0646\u0647\u0627 \u063a\u0646\u064a\u0629 \u0628\u0627\u0644\u0639\u0646\u0627\u0635\u0631 \u0627\u0644\u063a\u0630\u0627\u0626\u064a\u0629 \u0648\u0645\u0636\u0627\u062f\u0627\u062a \u0627\u0644\u0623\u0643\u0633\u062f\u0629 \u0627\u0644\u0645\u0641\u064a\u062f\u0629 \u0644\u0644\u0635\u062d\u0629.<br \/>\n\u0639\u0644\u0649 \u0633\u0628\u064a\u0644 \u0627\u0644\u0645\u062b\u0627\u0644 \u062a\u062d\u062a\u0648\u064a \u0627\u0644\u0645\u0648\u0631\u064a\u0646\u062c\u0627 \u0623\u064a\u0636\u064b\u0627 \u0645\u0646 \u0646\u0627\u062d\u064a\u0629 \u0623\u062e\u0631\u0649 \u0639\u0644\u0649 \u0627\u0644\u0641\u064a\u062a\u0627\u0645\u064a\u0646\u0627\u062a \u0648\u0627\u0644\u0645\u0639\u0627\u062f\u0646 \u0648\u0627\u0644\u0623\u062d\u0645\u0627\u0636 \u0627\u0644\u0623\u0645\u064a\u0646\u064a\u0629 \u0648<br \/>\n\u0627\u0644\u0625\u0646\u0632\u064a\u0645\u0627\u062a. \u0641\u0645\u0627\u0647\u064a \u0623\u0647\u0645\u064a\u0629 \u0627\u0644\u0645\u0648\u0631\u064a\u0646\u063a\u0627 \u0644\u062c\u0647\u0627\u0632 \u0627\u0644\u0645\u0646\u0627\u0639\u0629\u061f<br \/>\n\u0627\u0644\u0648\u0631\u064a\u0646\u062c\u0627 \u063a\u0646\u064a\u0629 \u0628\u0645\u0636\u0627\u062f\u0627\u062a \u0627\u0644\u0623\u0643\u0633\u062f\u0629 \u0648\u0627\u0644\u0639\u0646\u0627\u0635\u0631 \u0627\u0644\u063a\u0630\u0627\u0626\u064a\u0629:<br \/>\n\u0627\u0644\u0645\u0648\u0631\u064a\u0646\u062c\u0627 \u0647\u064a \u0645\u0635\u062f\u0631 \u063a\u0646\u064a \u0644\u0645\u0636\u0627\u062f\u0627\u062a \u0627\u0644\u0623\u0643\u0633\u062f\u0629 \u0645\u062b\u0644<br \/>\n\u0627\u0644\u0643\u0627\u0631\u0648\u062a\u064a\u0646\u0627\u062a \u0648\u0641\u064a\u062a\u0627\u0645\u064a\u0646 \u062c \u0648\u0643\u064a\u0631\u0633\u064a\u062a\u064a\u0646 \u0648\u062d\u0645\u0636 \u0627\u0644\u0643\u0644\u0648\u0631\u0648\u062c\u064a\u0646\u064a\u0643.<br \/>\n\u0645\u0636\u0627\u062f\u0627\u062a \u0627\u0644\u0623\u0643\u0633\u062f\u0629 \u0645\u0647\u0645\u0629 \u0641\u064a \u062d\u0645\u0627\u064a\u0629 \u062e\u0644\u0627\u064a\u0627 \u0627\u0644\u062c\u0633\u0645 \u0645\u0646<br \/>\n\u0627\u0644\u062a\u0644\u0641 \u0627\u0644\u0630\u064a \u062a\u0633\u0628\u0628\u0647 \u0627\u0644\u062c\u0630\u0648\u0631 \u0627\u0644\u062d\u0631\u0629. \u062a\u062d\u062a\u0648\u064a \u0627\u0644\u0645\u0648\u0631\u064a\u0646\u062c\u0627 \u0623\u064a\u0636\u064b\u0627 \u0639\u0644\u0649 \u0639\u0646\u0627\u0635\u0631 \u063a\u0630\u0627\u0626\u064a\u0629 \u0645\u0647\u0645\u0629 \u0645\u062b\u0644<br \/>\n\u0627\u0644\u062d\u062f\u064a\u062f \u0648\u0627\u0644\u0643\u0627\u0644\u0633\u064a\u0648\u0645 \u0648\u0641\u064a\u062a\u0627\u0645\u064a\u0646 \u0623 \u0648\u0641\u064a\u062a\u0627\u0645\u064a\u0646 \u0647\u0640.<br \/>\n\u0645\u0646 \u0646\u0627\u062d\u064a\u0629 \u0623\u062e\u0631\u0649 \u0627\u0644\u0645\u0648\u0631\u064a\u0646\u062c\u0627 \u064a\u0642\u0648\u064a \u062c\u0647\u0627\u0632 \u0627\u0644\u0645\u0646\u0627\u0639\u0629:<br \/>\n\u0639\u0644\u0649 \u0633\u0628\u064a\u0644 \u0627\u0644\u0645\u062b\u0627\u0644 \u0645\u0646 \u0627\u0644\u0645\u0639\u0631\u0648\u0641 \u0623\u064a\u0636\u064b\u0627 \u0623\u0646 \u0627\u0644\u0645\u0648\u0631\u064a\u0646\u062c\u0627 \u062a\u0639\u0632\u0632 \u062c\u0647\u0627\u0632 \u0627\u0644\u0645\u0646\u0627\u0639\u0629 \u0643\u0630\u0644\u0643 \u0646\u0638\u0631\u064b\u0627 \u0644\u063a\u0646\u0627\u0647\u0627 \u0628\u0627\u0644\u0639\u0646\u0627\u0635\u0631 \u0627\u0644\u063a\u0630\u0627\u0626\u064a\u0629 \u0648<br \/>\n\u0639\u0644\u0627\u0648\u0629 \u0639\u0644\u0649 \u0645\u0636\u0627\u062f\u0627\u062a \u0627\u0644\u0623\u0643\u0633\u062f\u0629. \u0623\u0638\u0647\u0631\u062a \u0627\u0644\u062f\u0631\u0627\u0633\u0627\u062a \u0623\u0646 \u0627\u0644\u0645\u0648\u0631\u064a\u0646\u062c\u0627 \u064a\u0645\u0643\u0646 \u0623\u0646 \u062a\u062d\u0641\u0632 \u0625\u0646\u062a\u0627\u062c \u0627\u0644\u062e\u0644\u0627\u064a\u0627 \u0627\u0644\u0644\u064a\u0645\u0641\u0627\u0648\u064a\u0629 T \u0648 B \u0648\u0647\u064a \u062e\u0644\u0627\u064a\u0627 \u0645\u0646\u0627\u0639\u064a\u0629 \u0645\u0647\u0645\u0629.<br \/>\n\u0647\u0643\u0630\u0627 \u0628\u0627\u0644\u0625\u0636\u0627\u0641\u0629 \u0625\u0644\u0649 \u0630\u0644\u0643 \u060c \u064a\u0645\u0643\u0646 \u0623\u0646 \u062a\u0633\u0627\u0639\u062f \u0627\u0644\u0645\u0648\u0631\u064a\u0646\u062c\u0627<br \/>\n\u062d\u064a\u062b\u0645\u0627 \u0623\u064a\u0636\u064b\u0627 \u0641\u064a \u062a\u0642\u0644\u064a\u0644 \u0627\u0644\u0627\u0644\u062a\u0647\u0627\u0628 \u0641\u064a \u0627\u0644\u062c\u0633\u0645 \u060c \u0628\u064a\u0646\u0645\u0627 \u064a\u0633\u0627\u0639\u062f \u0639\u0644\u0649 \u062a\u0639\u0632\u064a\u0632 \u062c\u0647\u0627\u0632 \u0627\u0644\u0645\u0646\u0627\u0639\u0629.<br \/>\n\u0628\u0646\u0627\u0621 \u0639\u0644\u0649 \u0630\u0644\u0643 \u062f\u0645\u062c \u0627\u0644\u0645\u0648\u0631\u064a\u0646\u062c\u0627 \u0641\u064a \u0646\u0638\u0627\u0645\u0643 \u0627\u0644\u063a\u0630\u0627\u0626\u064a \u0644\u0644\u0627\u0633\u062a\u0641\u0627\u062f\u0629 \u0645\u0646 \u0641\u0648\u0627\u0626\u062f\u0647\u0627:<br \/>\n\u0628\u0646\u0627\u0621 \u0639\u0644\u0649 \u0630\u0644\u0643 \u0647\u0646\u0627\u0643 \u0637\u0631\u0642 \u0645\u062e\u062a\u0644\u0641\u0629 \u0644\u062f\u0645\u062c \u0627\u0644\u0645\u0648\u0631\u064a\u0646\u062c\u0627 \u0643\u0630\u0644\u0643 \u0641\u064a \u0646\u0638\u0627\u0645\u0643 \u0627\u0644\u063a\u0630\u0627\u0626\u064a \u0647\u0643\u0630\u0627 \u0644\u062c\u0646\u064a \u0641\u0648\u0627\u0626\u062f\u0647.<br \/>\n\u0628\u064a\u0646\u0645\u0627 \u064a\u0645\u0643\u0646\u0643 \u0625\u0636\u0627\u0641\u0629 \u0623\u0648\u0631\u0627\u0642 \u0627\u0644\u0645\u0648\u0631\u064a\u0646\u062c\u0627 \u0639\u0644\u0649 \u0633\u0628\u064a\u0644 \u0627\u0644\u0645\u062b\u0627\u0644 \u0625\u0644\u0649 \u0627\u0644\u0633\u0644\u0637\u0627\u062a \u0623\u0648 \u0627\u0644\u0639\u0635\u0627\u0626\u0631 \u0623\u0648 \u0627\u0644\u0634\u0648\u0631\u0628\u0627\u062a.<br \/>\n\u0628\u0646\u0627\u0621 \u0639\u0644\u0649 \u0630\u0644\u0643 \u064a\u0645\u0643\u0646 \u0623\u064a\u0636\u064b\u0627 \u0627\u0633\u062a\u062e\u062f\u0627\u0645 \u0627\u0644\u0623\u0648\u0631\u0627\u0642 \u0627\u0644\u0645\u062c\u0641\u0641\u0629 \u0643\u062a\u0648\u0627\u0628\u0644 \u0644\u0644\u0623\u0637\u0628\u0627\u0642 \u0627\u0644\u0645\u0637\u0628\u0648\u062e\u0629. \u064a<br \/>\n\u0641\u064a \u0627\u0644\u0646\u0647\u0627\u064a\u0629 \u064a\u0645\u0643\u0646 \u062a\u0646\u0627\u0648\u0644 \u0628\u0630\u0648\u0631 \u0627\u0644\u0645\u0648\u0631\u064a\u0646\u062c\u0627 \u0643\u0648\u062c\u0628\u0629 \u062e\u0641\u064a\u0641\u0629 \u0623\u0648 \u0639\u0644\u0627\u0648\u0629 \u0639\u0644\u0649 \u0625\u0636\u0627\u0641\u062a\u0647\u0627 \u0625\u0644\u0649 \u0648\u0635\u0641\u0627\u062a \u0627\u0644\u0637\u0628\u062e \u0627\u0644\u062e\u0627\u0635\u0629 \u0628\u0643.<\/span><\/p>\n","protected":false},"excerpt":{"rendered":"<h4><span style=\"color: #000000;\"><strong><span style=\"font-family: 'book antiqua', palatino, serif;\">Description :<\/span><\/strong><\/span><\/h4>\n<p class=\"p1\">Le moringa est une bonne source de calcium, de phosphore et de magn\u00e9sium<\/p>\n<p class=\"p1\">Aide \u00e0 \u00e9quilibrer la glyc\u00e9mie<\/p>\n<p class=\"p1\">Maintenir la sant\u00e9 des os<\/p>\n<p class=\"p1\">Une solution aux troubles digestifs<\/p>\n<p class=\"p1\">Aide \u00e0 augmenter l&rsquo;\u00e9nergie pour les hommes<\/p>\n<p class=\"p1\">Aide \u00e0 prot\u00e9ger le corps contre les maladies<\/p>\n<ul>\n<li class=\"p1\">Poids de la g\u00e9lule : 300 mg<\/li>\n<li class=\"p1\">Nombre de comprim\u00e9s : 60 g\u00e9lules<\/li>\n<li class=\"p1\">Date d&rsquo;expiration\u00a0: 2024<\/li>\n<li class=\"p1\">Code de produitMRN-49000<\/li>\n<li class=\"p1\">Agr\u00e9ment : Certifi\u00e9 par l&rsquo;Office National de la S\u00e9curit\u00e9 Sanitaire<\/li>\n<li class=\"p1\">Fabrication : Marocaine<span class=\"Apple-converted-space\">\u00a0 <\/span>par un laboratoire contr\u00f4l\u00e9<\/li>\n<\/ul>\n","protected":false},"featured_media":32058,"comment_status":"open","ping_status":"closed","template":"","meta":{"_glsr_average":0,"_glsr_ranking":0,"_glsr_reviews":0},"product_cat":[746,748],"product_tag":[],"class_list":{"0":"post-55906","1":"product","2":"type-product","3":"status-publish","4":"has-post-thumbnail","6":"product_cat-complements-alimentaires","7":"product_cat-sport-et-regime","9":"first","10":"instock","11":"shipping-taxable","12":"purchasable","13":"product-type-variable","14":"has-default-attributes"},"_links":{"self":[{"href":"https:\/\/ma.santemagasin.com\/fr\/wp-json\/wp\/v2\/product\/55906","targetHints":{"allow":["GET"]}}],"collection":[{"href":"https:\/\/ma.santemagasin.com\/fr\/wp-json\/wp\/v2\/product"}],"about":[{"href":"https:\/\/ma.santemagasin.com\/fr\/wp-json\/wp\/v2\/types\/product"}],"replies":[{"embeddable":true,"href":"https:\/\/ma.santemagasin.com\/fr\/wp-json\/wp\/v2\/comments?post=55906"}],"version-history":[{"count":1,"href":"https:\/\/ma.santemagasin.com\/fr\/wp-json\/wp\/v2\/product\/55906\/revisions"}],"predecessor-version":[{"id":56009,"href":"https:\/\/ma.santemagasin.com\/fr\/wp-json\/wp\/v2\/product\/55906\/revisions\/56009"}],"wp:featuredmedia":[{"embeddable":true,"href":"https:\/\/ma.santemagasin.com\/fr\/wp-json\/wp\/v2\/media\/32058"}],"wp:attachment":[{"href":"https:\/\/ma.santemagasin.com\/fr\/wp-json\/wp\/v2\/media?parent=55906"}],"wp:term":[{"taxonomy":"product_cat","embeddable":true,"href":"https:\/\/ma.santemagasin.com\/fr\/wp-json\/wp\/v2\/product_cat?post=55906"},{"taxonomy":"product_tag","embeddable":true,"href":"https:\/\/ma.santemagasin.com\/fr\/wp-json\/wp\/v2\/product_tag?post=55906"}],"curies":[{"name":"wp","href":"https:\/\/api.w.org\/{rel}","templated":true}]}}