{"id":56333,"date":"2023-10-10T12:50:37","date_gmt":"2023-10-10T11:50:37","guid":{"rendered":"https:\/\/ma.santemagasin.com\/fr\/?post_type=product&#038;p=56333"},"modified":"2025-01-28T12:57:02","modified_gmt":"2025-01-28T11:57:02","slug":"super-power","status":"publish","type":"product","link":"https:\/\/ma.santemagasin.com\/fr\/produit\/super-power\/","title":{"rendered":"Super Power"},"content":{"rendered":"<h2><span style=\"font-size: 14pt; color: #008000;\">Maintenant, vous pouvez augmenter l\u2019\u00e9nergie de votre corps en toute s\u00e9curit\u00e9.<\/span><\/h2>\n<p><img fetchpriority=\"high\" decoding=\"async\" class=\"alignnone wp-image-64711\" src=\"https:\/\/ma.santemagasin.com\/wp-content\/uploads\/2023\/07\/1-14-scaled.webp\" alt=\"\" width=\"768\" height=\"600\" \/><\/p>\n<p><span style=\"color: #000000;\">Super power avec des extraits naturels pour fournir au corps l\u2019\u00e9nergie dont il a besoin<\/span><br \/>\n<span style=\"color: #000000;\">Suppl\u00e9ment nutritionnel pour augmenter l\u2019\u00e9nergie corporelle<\/span><br \/>\n<span style=\"color: #000000;\">Anti-sampling et endurance accrue<\/span><\/p>\n<h2><span style=\"font-size: 14pt; color: #008000;\">Des ingr\u00e9dients naturels pour soulever l\u2019\u00e9nergie de votre corps<\/span><\/h2>\n<h3><img decoding=\"async\" class=\"alignnone wp-image-64712\" src=\"https:\/\/ma.santemagasin.com\/wp-content\/uploads\/2023\/07\/2-10-scaled.webp\" alt=\"\" width=\"768\" height=\"600\" \/><\/h3>\n<p><span style=\"color: #ff6600;\"><strong>Guarana<\/strong><\/span><br \/>\n<span style=\"color: #000000;\">Source naturelle pour augmenter l\u2019\u00e9nergie corporelle<\/span><br \/>\n<span style=\"color: #000000;\">Soulager le stress et am\u00e9liorer l\u2019humeur<\/span><br \/>\n<span style=\"color: #ff6600;\"><strong>Ginseng<\/strong><\/span><br \/>\n<span style=\"color: #000000;\">Anti-fatigue et capacit\u00e9 de concentration accrue<\/span><br \/>\n<span style=\"color: #000000;\">Am\u00e9lioration de la pens\u00e9e<\/span><br \/>\n<span style=\"color: #ff6600;\"><strong>Vitamine C<\/strong><\/span><br \/>\n<span style=\"color: #000000;\">Production d\u2019\u00e9nergie et lutte contre la fatigue<\/span><br \/>\n<span style=\"color: #000000;\">Production de neurotransmetteurs de s\u00e9rotonine et de dopamine pour le sentiment de bonheur humain<\/span><br \/>\n<span style=\"color: #ff6600;\"><strong>Caf\u00e9 vert<\/strong><\/span><br \/>\n<span style=\"color: #000000;\">Renforcement de la m\u00e9moire et pr\u00e9vention de la maladie d\u2019Alzheimer<\/span><br \/>\n<span style=\"color: #000000;\">Stimuler le corps et combattre la paresse<\/span><\/p>\n<h2><span style=\"color: #008000; font-size: 14pt;\">De nombreux sp\u00e9cialistes recommandent l\u2019utilisation de SUPER POWER de Sante Magasin<\/span><\/h2>\n<p><img decoding=\"async\" class=\"alignnone wp-image-64713\" src=\"https:\/\/ma.santemagasin.com\/wp-content\/uploads\/2023\/07\/3-9-scaled.webp\" alt=\"\" width=\"768\" height=\"600\" \/><\/p>\n<p><span style=\"color: #000000;\">Compl\u00e9ment alimentaire sans produits chimiques<\/span><br \/>\n<span style=\"color: #000000;\">Ingr\u00e9dients non OGM<\/span><br \/>\n<span style=\"color: #000000;\">Naturel 100\u00a0%<\/span><br \/>\n<span style=\"color: #000000;\">Autoris\u00e9 par l&rsquo;Office national de la s\u00e9curit\u00e9 sanitaire ( ONSSA)<\/span><\/p>\n<h2><span style=\"font-size: 14pt; color: #008000;\">Pourquoi Super Power de Sante Magasin n\u2019est pas un autre produit?<\/span><\/h2>\n<p><img loading=\"lazy\" decoding=\"async\" class=\"alignnone wp-image-64714\" src=\"https:\/\/ma.santemagasin.com\/wp-content\/uploads\/2023\/07\/4-7-scaled.webp\" alt=\"\" width=\"768\" height=\"600\" \/><\/p>\n<p><span style=\"color: #000000;\">R\u00e9sultat imm\u00e9diat \u00e0 l\u2019\u00e9poque<\/span><br \/>\n<span style=\"color: #000000;\">Il combat la fatigue et la fatigue de sa source<\/span><br \/>\n<span style=\"color: #000000;\">Premier produit \u00e9nerg\u00e9tique arabe naturel<\/span><br \/>\n<span style=\"color: #000000;\">Aucun dommage collat\u00e9ral \u00e0 la sant\u00e9<\/span><br \/>\n<span style=\"color: #000000;\">Ne contient pas d\u2019additifs ou de produits chimiques<\/span><br \/>\n<span style=\"color: #000000;\">Le corps fournit \u00e9galement des vitamines d\u00e9ficientes<\/span><br \/>\n<span style=\"color: #000000;\">Renforce le syst\u00e8me nerveux<\/span><br \/>\n<span style=\"color: #000000;\">Il a aussi fabrication marocaine.<\/span><\/p>\n<h2><span style=\"color: #008000; font-size: 14pt;\">Avec Super Power au revoir \u00e0 la fatigue et augmenter le bonheur hormonal<\/span><\/h2>\n<p><img loading=\"lazy\" decoding=\"async\" class=\"alignnone wp-image-64715\" src=\"https:\/\/ma.santemagasin.com\/wp-content\/uploads\/2023\/07\/5-8-scaled.webp\" alt=\"\" width=\"768\" height=\"600\" \/><\/p>\n<p><span style=\"color: #000000;\">Produit N 1 dans le monde arabe<\/span><br \/>\n<span style=\"color: #000000;\">Combinaison unique et efficace pour r\u00e9soudre les probl\u00e8mes d\u2019\u00e9puisement professionnel<\/span><br \/>\n<span style=\"color: #000000;\">Super Power a \u00e9t\u00e9 produite dans des laboratoires de haute qualit\u00e9 avec des extraits naturels<\/span><br \/>\n<span style=\"color: #000000;\">Plus de 23600 excellent rayon pour ses utilisateurs sans aucun dommage collat\u00e9ral<\/span><br \/>\n<span style=\"color: #000000;\">Produit s\u00fbr et surveill\u00e9 du office national de la sant\u00e9 et de la s\u00e9curit\u00e9<\/span><br \/>\n<span style=\"color: #000000;\">Il est \u00e9galement recommand\u00e9 par de nombreux\u00a0 sp\u00e9cialiste<\/span>s<\/p>\n<h2><span style=\"font-size: 14pt; color: #008000;\">Consommez Super Power correctement et obtenez les meilleurs r\u00e9sultats<\/span><\/h2>\n<p><img loading=\"lazy\" decoding=\"async\" class=\"alignnone wp-image-64717\" src=\"https:\/\/ma.santemagasin.com\/wp-content\/uploads\/2023\/07\/6-4-scaled.webp\" alt=\"\" width=\"768\" height=\"600\" \/><\/p>\n<p><span style=\"color: #000000;\">Super Power pour soulever l\u2019\u00e9nergie du corps<\/span><br \/>\n<span style=\"color: #000000;\"><strong>La premi\u00e8re \u00e9tape :<\/strong><\/span><br \/>\n<span style=\"color: #000000;\">Deux g\u00e9lules par jour peuvent \u00eatre votre prochaine \u00e9tape vers une solution naturelle et finale et rejoindre des milliers de clients trait\u00e9s<\/span><br \/>\n<span style=\"color: #000000;\"><strong>Deuxi\u00e8me \u00e9tape :<\/strong><\/span><br \/>\n<span style=\"color: #000000;\">Compl\u00e9tez le terme complet pour une solution finale et d\u00e9finitive<\/span><br \/>\n<span style=\"color: #000000;\"><strong>La troisi\u00e8me \u00e9tape :<\/strong><\/span><br \/>\n<span style=\"color: #000000;\">Respectez les conseils et le r\u00e9gime recommand\u00e9s par notre service client<\/span><\/p>\n<h2><span style=\"color: #008000; font-size: 14pt;\"><strong>Qui est la soci\u00e9t\u00e9 sante magasin ?<\/strong><\/span><\/h2>\n<p class=\"p1\"><span style=\"color: #000000;\">Sant\u00e9 Magasin est une soci\u00e9t\u00e9 marocaine de compl\u00e9ments nutritionnels naturels<\/span><\/p>\n<p><img loading=\"lazy\" decoding=\"async\" class=\"alignnone wp-image-55656\" src=\"https:\/\/ma.santemagasin.com\/fr\/wp-content\/uploads\/2021\/09\/moringa-6-2.webp\" alt=\"\" width=\"768\" height=\"513\" srcset=\"https:\/\/ma.santemagasin.com\/fr\/wp-content\/uploads\/2021\/09\/moringa-6-2.webp 2000w, https:\/\/ma.santemagasin.com\/fr\/wp-content\/uploads\/2021\/09\/moringa-6-2-600x401.webp 600w, https:\/\/ma.santemagasin.com\/fr\/wp-content\/uploads\/2021\/09\/moringa-6-2-300x200.webp 300w, https:\/\/ma.santemagasin.com\/fr\/wp-content\/uploads\/2021\/09\/moringa-6-2-1024x684.webp 1024w, https:\/\/ma.santemagasin.com\/fr\/wp-content\/uploads\/2021\/09\/moringa-6-2-768x513.webp 768w, https:\/\/ma.santemagasin.com\/fr\/wp-content\/uploads\/2021\/09\/moringa-6-2-1536x1025.webp 1536w, https:\/\/ma.santemagasin.com\/fr\/wp-content\/uploads\/2021\/09\/moringa-6-2-750x501.webp 750w, https:\/\/ma.santemagasin.com\/fr\/wp-content\/uploads\/2021\/09\/moringa-6-2-1140x761.webp 1140w\" sizes=\"(max-width: 768px) 100vw, 768px\" \/><\/p>\n<p class=\"p1\"><span style=\"color: #000000;\">Il garantit toujours que ses ingr\u00e9dients sont exempts d&rsquo;additifs et de produits chimiques<\/span><\/p>\n<p class=\"p1\"><span style=\"color: #000000;\">Toute une \u00e9quipe assure le suivi des soins des clients<\/span><\/p>\n<p class=\"p1\"><span style=\"color: #000000;\">Disponible pour les clients \u00e0 tout moment<\/span><\/p>\n<p class=\"p1\"><span style=\"color: #000000;\">Donner des astuces et des conseils<\/span><\/p>\n<h2><span style=\"color: #008000; font-size: 14pt;\"><strong>De nombreux clients utilisent les produits de sante magasin<\/strong><\/span><\/h2>\n","protected":false},"excerpt":{"rendered":"<h4 style=\"text-align: left;\"><span style=\"color: #000000;\"><strong><span style=\"font-family: 'book antiqua', palatino, serif;\">Description :<\/span><\/strong><\/span><\/h4>\n<p class=\"p1\" style=\"text-align: left;\"><span style=\"color: #000000;\">Super Power est un compl\u00e9ment alimentaire pour augmenter l\u2019\u00e9nergie corporelle<\/span><br \/>\n<span style=\"color: #000000;\">Anti-sampling et endurance accrue<\/span><br \/>\n<span style=\"color: #000000;\">Lutte contre le stress, l\u2019anxi\u00e9t\u00e9 et la lev\u00e9e des hormones heureuses<\/span><br \/>\n<span style=\"color: #000000;\">g\u00e9lules naturelles s\u00fbres pour l\u2019usage<\/span><\/p>\n<ul>\n<li style=\"text-align: left;\"><span style=\"color: #000000;\">Poids de la g\u00e9lule : 300 mg<\/span><\/li>\n<li style=\"text-align: left;\"><span style=\"color: #000000;\">Nombre de comprim\u00e9s : 60 g\u00e9lules<\/span><\/li>\n<li style=\"text-align: left;\"><span style=\"color: #000000;\">Date d&rsquo;expiration : 2025<\/span><\/li>\n<li style=\"text-align: left;\"><span style=\"color: #000000;\">Code produit SUP-19877<\/span><\/li>\n<li style=\"text-align: left;\"><span style=\"color: #000000;\">Agr\u00e9ment : Certifi\u00e9 par l&rsquo;Office National de la S\u00e9curit\u00e9 Sanitaire<\/span><\/li>\n<li style=\"text-align: left;\"><span style=\"color: #000000;\">Fabrication : Marocaine par un laboratoire contr\u00f4l\u00e9<\/span><\/li>\n<\/ul>\n","protected":false},"featured_media":56337,"comment_status":"open","ping_status":"closed","template":"","meta":{"_glsr_average":0,"_glsr_ranking":0,"_glsr_reviews":0},"product_cat":[746,747],"product_tag":[],"class_list":{"0":"post-56333","1":"product","2":"type-product","3":"status-publish","4":"has-post-thumbnail","6":"product_cat-complements-alimentaires","7":"product_cat-soins-personnels","9":"first","10":"instock","11":"sale","12":"featured","13":"shipping-taxable","14":"purchasable","15":"product-type-variable","16":"has-default-attributes"},"_links":{"self":[{"href":"https:\/\/ma.santemagasin.com\/fr\/wp-json\/wp\/v2\/product\/56333","targetHints":{"allow":["GET"]}}],"collection":[{"href":"https:\/\/ma.santemagasin.com\/fr\/wp-json\/wp\/v2\/product"}],"about":[{"href":"https:\/\/ma.santemagasin.com\/fr\/wp-json\/wp\/v2\/types\/product"}],"replies":[{"embeddable":true,"href":"https:\/\/ma.santemagasin.com\/fr\/wp-json\/wp\/v2\/comments?post=56333"}],"version-history":[{"count":5,"href":"https:\/\/ma.santemagasin.com\/fr\/wp-json\/wp\/v2\/product\/56333\/revisions"}],"predecessor-version":[{"id":56951,"href":"https:\/\/ma.santemagasin.com\/fr\/wp-json\/wp\/v2\/product\/56333\/revisions\/56951"}],"wp:featuredmedia":[{"embeddable":true,"href":"https:\/\/ma.santemagasin.com\/fr\/wp-json\/wp\/v2\/media\/56337"}],"wp:attachment":[{"href":"https:\/\/ma.santemagasin.com\/fr\/wp-json\/wp\/v2\/media?parent=56333"}],"wp:term":[{"taxonomy":"product_cat","embeddable":true,"href":"https:\/\/ma.santemagasin.com\/fr\/wp-json\/wp\/v2\/product_cat?post=56333"},{"taxonomy":"product_tag","embeddable":true,"href":"https:\/\/ma.santemagasin.com\/fr\/wp-json\/wp\/v2\/product_tag?post=56333"}],"curies":[{"name":"wp","href":"https:\/\/api.w.org\/{rel}","templated":true}]}}